{"id":2,"date":"2020-03-13T15:58:23","date_gmt":"2020-03-13T14:58:23","guid":{"rendered":"http:\/\/multitsg.iamhosting.de\/boxen\/?page_id=2"},"modified":"2023-08-24T19:59:35","modified_gmt":"2023-08-24T17:59:35","slug":"home","status":"publish","type":"page","link":"https:\/\/www.tsg-leutkirch.de\/boxen\/","title":{"rendered":"Home"},"content":{"rendered":"\t\t<div data-elementor-type=\"wp-page\" data-elementor-id=\"2\" class=\"elementor elementor-2\" data-elementor-post-type=\"page\">\n\t\t\t\t\t\t<section class=\"elementor-section elementor-top-section elementor-element elementor-element-a09ce5e elementor-section-stretched elementor-section-content-middle elementor-section-height-min-height elementor-section-boxed elementor-section-height-default elementor-section-items-middle\" data-id=\"a09ce5e\" data-element_type=\"section\" data-e-type=\"section\" id=\"home\" data-settings=\"{&quot;stretch_section&quot;:&quot;section-stretched&quot;,&quot;background_background&quot;:&quot;classic&quot;,&quot;shape_divider_bottom&quot;:&quot;triangle-asymmetrical&quot;,&quot;shape_divider_bottom_negative&quot;:&quot;yes&quot;,&quot;jet_parallax_layout_list&quot;:[]}\">\n\t\t\t\t\t<div class=\"elementor-shape elementor-shape-bottom\" aria-hidden=\"true\" data-negative=\"true\">\n\t\t\t<svg xmlns=\"http:\/\/www.w3.org\/2000\/svg\" viewBox=\"0 0 1000 100\" preserveAspectRatio=\"none\">\n\t<path class=\"elementor-shape-fill\" d=\"M737.9,94.7L0,0v100h1000V0L737.9,94.7z\"\/>\n<\/svg>\t\t<\/div>\n\t\t\t\t\t<div class=\"elementor-container elementor-column-gap-default\">\n\t\t\t\t\t<div class=\"elementor-column elementor-col-100 elementor-top-column elementor-element elementor-element-2f755dbe\" data-id=\"2f755dbe\" data-element_type=\"column\" data-e-type=\"column\">\n\t\t\t<div class=\"elementor-widget-wrap\">\n\t\t\t\t\t\t\t<\/div>\n\t\t<\/div>\n\t\t\t\t\t<\/div>\n\t\t<\/section>\n\t\t\t\t<section class=\"elementor-section elementor-top-section elementor-element elementor-element-345bde2 elementor-section-boxed elementor-section-height-default elementor-section-height-default\" data-id=\"345bde2\" data-element_type=\"section\" data-e-type=\"section\" data-settings=\"{&quot;jet_parallax_layout_list&quot;:[]}\">\n\t\t\t\t\t\t<div class=\"elementor-container elementor-column-gap-default\">\n\t\t\t\t\t<div class=\"elementor-column elementor-col-100 elementor-top-column elementor-element elementor-element-dca1eff\" data-id=\"dca1eff\" data-element_type=\"column\" data-e-type=\"column\">\n\t\t\t<div class=\"elementor-widget-wrap elementor-element-populated\">\n\t\t\t\t\t\t<div class=\"elementor-element elementor-element-2689d0b elementor-widget elementor-widget-heading\" data-id=\"2689d0b\" data-element_type=\"widget\" data-e-type=\"widget\" data-widget_type=\"heading.default\">\n\t\t\t\t<div class=\"elementor-widget-container\">\n\t\t\t\t\t<h1 class=\"elementor-heading-title elementor-size-default\">Boxen<\/h1>\t\t\t\t<\/div>\n\t\t\t\t<\/div>\n\t\t\t\t\t<\/div>\n\t\t<\/div>\n\t\t\t\t\t<\/div>\n\t\t<\/section>\n\t\t\t\t<section class=\"elementor-section elementor-top-section elementor-element elementor-element-b02bd9f elementor-section-boxed elementor-section-height-default elementor-section-height-default\" data-id=\"b02bd9f\" data-element_type=\"section\" data-e-type=\"section\" data-settings=\"{&quot;jet_parallax_layout_list&quot;:[]}\">\n\t\t\t\t\t\t<div class=\"elementor-container elementor-column-gap-default\">\n\t\t\t\t\t<div class=\"elementor-column elementor-col-100 elementor-top-column elementor-element elementor-element-c94ade1\" data-id=\"c94ade1\" data-element_type=\"column\" data-e-type=\"column\">\n\t\t\t<div class=\"elementor-widget-wrap elementor-element-populated\">\n\t\t\t\t\t\t<div class=\"elementor-element elementor-element-446221f elementor-widget elementor-widget-text-editor\" data-id=\"446221f\" data-element_type=\"widget\" data-e-type=\"widget\" data-widget_type=\"text-editor.default\">\n\t\t\t\t<div class=\"elementor-widget-container\">\n\t\t\t\t\t\t\t\t\t<p><strong>Boxen<\/strong>\u00a0ist ein Kampfsport, bei dem sich zwei Personen derselben Gewichtsklasse unter festgelegten Regeln nur mit den F\u00e4usten bek\u00e4mpfen.<strong>\u00a0Boxen<\/strong>\u00a0ist ein Kampfsport, bei dem sich zwei Personen derselben Gewichtsklasse unter festgelegten Regeln nur mit den F\u00e4usten bek\u00e4mpfen.<br \/><br \/>Die ersten nachgewiesenen Faustk\u00e4mpfe zum Zwecke der Unterhaltung von Menschen fanden bereits 3000 v. Chr. in \u00c4gypten statt. In den darauffolgenden zwei Jahrtausenden breitete sich das Boxen im \u00e4g\u00e4ischen Raum aus.<\/p><p>Der Faustkampf wurde erstmals im Jahre 688 v. Chr. in Griechenland bei den 23. Olympischen Spielen der Antike ausgetragen. Im antiken Rom wurde der Faustkampf vor allem bei Gladiatorenk\u00e4mpfen (Lederriemen mit Metalldornen), der Caestus vorgef\u00fchrt. Es l\u00e4sst sich jedoch nicht genau festlegen, wie alt der Faustkampf wirklich ist, da aus 7000 Jahre alten Darstellungen hervorgeht, dass auch \u00e4hnliche K\u00e4mpfe zu jener Zeit ausgetragen wurden. Die hellenistische Bronzestatue vom Faustk\u00e4mpfer vom Quirinal ist hiervon ein eindrucksvolles arch\u00e4ologisches Zeugnis. Belege zeigen, dass auch im alten Indien, China, Korea und Russland sowie unter den Ureinwohnern Amerikas und Afrikas der Faustkampf Bestandteil von Kulten und Zeremonien war. Mit Boxen im modernen Sinne hatten diese Formen des Faustkampfes nichts zu tun. Regeln hierf\u00fcr gab es so gut wie nicht.<\/p><p><br \/>Quelle:\u00a0<a href=\"http:\/\/de.wikipedia.org\/wiki\/Boxen\">http:\/\/de.wikipedia.org\/wiki\/Boxen<\/a>\u00a0<\/p>\t\t\t\t\t\t\t\t<\/div>\n\t\t\t\t<\/div>\n\t\t\t\t\t<\/div>\n\t\t<\/div>\n\t\t\t\t\t<\/div>\n\t\t<\/section>\n\t\t\t\t<section class=\"elementor-section elementor-top-section elementor-element elementor-element-a340ac8 elementor-section-boxed elementor-section-height-default elementor-section-height-default\" data-id=\"a340ac8\" data-element_type=\"section\" data-e-type=\"section\" data-settings=\"{&quot;jet_parallax_layout_list&quot;:[]}\">\n\t\t\t\t\t\t<div class=\"elementor-container elementor-column-gap-default\">\n\t\t\t\t\t\t<\/div>\n\t\t<\/section>\n\t\t\t\t<\/div>\n\t\t","protected":false},"excerpt":{"rendered":"<p>Boxen Boxen\u00a0ist ein Kampfsport, bei dem sich zwei Personen derselben Gewichtsklasse unter festgelegten Regeln nur mit den F\u00e4usten bek\u00e4mpfen.\u00a0Boxen\u00a0ist ein Kampfsport, bei dem sich zwei Personen derselben Gewichtsklasse unter festgelegten Regeln nur mit den F\u00e4usten bek\u00e4mpfen. Die ersten nachgewiesenen Faustk\u00e4mpfe zum Zwecke der Unterhaltung von Menschen fanden bereits 3000 v. Chr. in \u00c4gypten statt. In [&hellip;]<\/p>\n","protected":false},"author":1,"featured_media":0,"parent":0,"menu_order":0,"comment_status":"closed","ping_status":"open","template":"","meta":{"_acf_changed":false,"site-sidebar-layout":"no-sidebar","site-content-layout":"page-builder","ast-site-content-layout":"default","site-content-style":"default","site-sidebar-style":"default","ast-global-header-display":"","ast-banner-title-visibility":"","ast-main-header-display":"","ast-hfb-above-header-display":"","ast-hfb-below-header-display":"","ast-hfb-mobile-header-display":"","site-post-title":"disabled","ast-breadcrumbs-content":"","ast-featured-img":"disabled","footer-sml-layout":"","ast-disable-related-posts":"","theme-transparent-header-meta":"default","adv-header-id-meta":"","stick-header-meta":"default","header-above-stick-meta":"","header-main-stick-meta":"","header-below-stick-meta":"","astra-migrate-meta-layouts":"default","ast-page-background-enabled":"default","ast-page-background-meta":{"desktop":{"background-color":"","background-image":"","background-repeat":"repeat","background-position":"center center","background-size":"auto","background-attachment":"scroll","background-type":"","background-media":"","overlay-type":"","overlay-color":"","overlay-opacity":"","overlay-gradient":""},"tablet":{"background-color":"","background-image":"","background-repeat":"repeat","background-position":"center center","background-size":"auto","background-attachment":"scroll","background-type":"","background-media":"","overlay-type":"","overlay-color":"","overlay-opacity":"","overlay-gradient":""},"mobile":{"background-color":"","background-image":"","background-repeat":"repeat","background-position":"center center","background-size":"auto","background-attachment":"scroll","background-type":"","background-media":"","overlay-type":"","overlay-color":"","overlay-opacity":"","overlay-gradient":""}},"ast-content-background-meta":{"desktop":{"background-color":"var(--ast-global-color-5)","background-image":"","background-repeat":"repeat","background-position":"center center","background-size":"auto","background-attachment":"scroll","background-type":"","background-media":"","overlay-type":"","overlay-color":"","overlay-opacity":"","overlay-gradient":""},"tablet":{"background-color":"var(--ast-global-color-5)","background-image":"","background-repeat":"repeat","background-position":"center center","background-size":"auto","background-attachment":"scroll","background-type":"","background-media":"","overlay-type":"","overlay-color":"","overlay-opacity":"","overlay-gradient":""},"mobile":{"background-color":"var(--ast-global-color-5)","background-image":"","background-repeat":"repeat","background-position":"center center","background-size":"auto","background-attachment":"scroll","background-type":"","background-media":"","overlay-type":"","overlay-color":"","overlay-opacity":"","overlay-gradient":""}},"footnotes":""},"class_list":["post-2","page","type-page","status-publish","hentry"],"acf":[],"_links":{"self":[{"href":"https:\/\/www.tsg-leutkirch.de\/boxen\/wp-json\/wp\/v2\/pages\/2","targetHints":{"allow":["GET"]}}],"collection":[{"href":"https:\/\/www.tsg-leutkirch.de\/boxen\/wp-json\/wp\/v2\/pages"}],"about":[{"href":"https:\/\/www.tsg-leutkirch.de\/boxen\/wp-json\/wp\/v2\/types\/page"}],"author":[{"embeddable":true,"href":"https:\/\/www.tsg-leutkirch.de\/boxen\/wp-json\/wp\/v2\/users\/1"}],"replies":[{"embeddable":true,"href":"https:\/\/www.tsg-leutkirch.de\/boxen\/wp-json\/wp\/v2\/comments?post=2"}],"version-history":[{"count":10,"href":"https:\/\/www.tsg-leutkirch.de\/boxen\/wp-json\/wp\/v2\/pages\/2\/revisions"}],"predecessor-version":[{"id":259,"href":"https:\/\/www.tsg-leutkirch.de\/boxen\/wp-json\/wp\/v2\/pages\/2\/revisions\/259"}],"wp:attachment":[{"href":"https:\/\/www.tsg-leutkirch.de\/boxen\/wp-json\/wp\/v2\/media?parent=2"}],"curies":[{"name":"wp","href":"https:\/\/api.w.org\/{rel}","templated":true}]}}