{"id":102,"date":"2020-04-15T15:05:50","date_gmt":"2020-04-15T13:05:50","guid":{"rendered":"http:\/\/multitsg.iamhosting.de\/budo\/?page_id=102"},"modified":"2024-02-24T15:16:47","modified_gmt":"2024-02-24T14:16:47","slug":"jujutsu","status":"publish","type":"page","link":"https:\/\/www.tsg-leutkirch.de\/budo\/jujutsu\/","title":{"rendered":"JuJutsu"},"content":{"rendered":"\t\t<div data-elementor-type=\"wp-page\" data-elementor-id=\"102\" class=\"elementor elementor-102\" data-elementor-post-type=\"page\">\n\t\t\t\t\t\t<section class=\"elementor-section elementor-top-section elementor-element elementor-element-a09ce5e elementor-section-stretched elementor-section-content-middle elementor-section-height-min-height elementor-section-boxed elementor-section-height-default elementor-section-items-middle\" data-id=\"a09ce5e\" data-element_type=\"section\" data-e-type=\"section\" id=\"home\" data-settings=\"{&quot;stretch_section&quot;:&quot;section-stretched&quot;,&quot;background_background&quot;:&quot;classic&quot;,&quot;shape_divider_bottom&quot;:&quot;triangle-asymmetrical&quot;,&quot;shape_divider_bottom_negative&quot;:&quot;yes&quot;,&quot;jet_parallax_layout_list&quot;:[]}\">\n\t\t\t\t\t<div class=\"elementor-shape elementor-shape-bottom\" aria-hidden=\"true\" data-negative=\"true\">\n\t\t\t<svg xmlns=\"http:\/\/www.w3.org\/2000\/svg\" viewBox=\"0 0 1000 100\" preserveAspectRatio=\"none\">\n\t<path class=\"elementor-shape-fill\" d=\"M737.9,94.7L0,0v100h1000V0L737.9,94.7z\"\/>\n<\/svg>\t\t<\/div>\n\t\t\t\t\t<div class=\"elementor-container elementor-column-gap-default\">\n\t\t\t\t\t<div class=\"elementor-column elementor-col-100 elementor-top-column elementor-element elementor-element-2f755dbe\" data-id=\"2f755dbe\" data-element_type=\"column\" data-e-type=\"column\">\n\t\t\t<div class=\"elementor-widget-wrap\">\n\t\t\t\t\t\t\t<\/div>\n\t\t<\/div>\n\t\t\t\t\t<\/div>\n\t\t<\/section>\n\t\t\t\t<section class=\"elementor-section elementor-top-section elementor-element elementor-element-345bde2 elementor-section-boxed elementor-section-height-default elementor-section-height-default\" data-id=\"345bde2\" data-element_type=\"section\" data-e-type=\"section\" data-settings=\"{&quot;jet_parallax_layout_list&quot;:[]}\">\n\t\t\t\t\t\t<div class=\"elementor-container elementor-column-gap-default\">\n\t\t\t\t\t<div class=\"elementor-column elementor-col-100 elementor-top-column elementor-element elementor-element-dca1eff\" data-id=\"dca1eff\" data-element_type=\"column\" data-e-type=\"column\">\n\t\t\t<div class=\"elementor-widget-wrap elementor-element-populated\">\n\t\t\t\t\t\t<div class=\"elementor-element elementor-element-2689d0b elementor-widget elementor-widget-heading\" data-id=\"2689d0b\" data-element_type=\"widget\" data-e-type=\"widget\" data-widget_type=\"heading.default\">\n\t\t\t\t<div class=\"elementor-widget-container\">\n\t\t\t\t\t<h1 class=\"elementor-heading-title elementor-size-default\">Jujutsu<\/h1>\t\t\t\t<\/div>\n\t\t\t\t<\/div>\n\t\t\t\t\t<\/div>\n\t\t<\/div>\n\t\t\t\t\t<\/div>\n\t\t<\/section>\n\t\t\t\t<section class=\"elementor-section elementor-top-section elementor-element elementor-element-435b87f elementor-section-boxed elementor-section-height-default elementor-section-height-default\" data-id=\"435b87f\" data-element_type=\"section\" data-e-type=\"section\" data-settings=\"{&quot;jet_parallax_layout_list&quot;:[]}\">\n\t\t\t\t\t\t<div class=\"elementor-container elementor-column-gap-default\">\n\t\t\t\t\t<div class=\"elementor-column elementor-col-100 elementor-top-column elementor-element elementor-element-14a32ad\" data-id=\"14a32ad\" data-element_type=\"column\" data-e-type=\"column\">\n\t\t\t<div class=\"elementor-widget-wrap elementor-element-populated\">\n\t\t\t\t\t\t<div class=\"elementor-element elementor-element-1de7b71 elementor-widget elementor-widget-text-editor\" data-id=\"1de7b71\" data-element_type=\"widget\" data-e-type=\"widget\" data-widget_type=\"text-editor.default\">\n\t\t\t\t<div class=\"elementor-widget-container\">\n\t\t\t\t\t\t\t\t\t<div class=\"moz-text-html\" lang=\"x-unicode\"><div dir=\"auto\"><div dir=\"auto\">Deutsches Ju-Jutsu ist nicht nur eine Kampfkunst und ein Wettkampfsport sondern auch ein modernes, offenes Selbstverteidigungssystem.<\/div><div dir=\"auto\">Ju bedeutet nachgeben oder ausweichen, w\u00f6rtlich \u201esanft\u201c und Jutsu \u201eKunst\u201c oder \u201eKunstgriff\u201c. Ju-Jutsu ist also die Kunst, durch Nachgeben oder Ausweichen mit der Kraft des Angreifers zu siegen. Die \u201esanfte Kunst\u201c Ju-Jutsu basiert haupts\u00e4chlich auf Selbstverteidigungstechniken. Dabei ist jede Verteidigungstechnik gegen mehrere Angriffsarten anwendbar. Tats\u00e4chlich k\u00f6nnen die Techniken sinnvoll im allt\u00e4glichen Leben als Selbstverteidigung angewendet werden. Dabei wird bereits mit einer kleinen Auswahl von Verteidigungstechniken von Anfang an ein gr\u00f6\u00dftm\u00f6glicher Nutzeffekt durch unterschiedlichste Anwendung erzielt.<\/div><div dir=\"auto\">\u00a0<\/div><div dir=\"auto\">Der Sport wird durch den Dachverband Deutscher Ju-Jutsu Verband (DJJV) im Deutschen Olympischen Sportbund (DOSB) organisiert. Dieser stellt die Regeln und Pr\u00fcfungsvorschriften, regelt die Verleihung von G\u00fcrtelgraden und \u00fcbernimmt die Organisation von Wettk\u00e4mpfen.\u00a0<\/div><div dir=\"auto\">\u00a0<\/div><div dir=\"auto\">Ju-Jutsu besteht unter anderem aus folgenden Elementen:\u00a0\u00a0<\/div><div dir=\"auto\">Falltechniken (Fallschule)\u00a0<\/div><div dir=\"auto\">Abwehrtechniken\u00a0<\/div><div dir=\"auto\">Bodenkampf<\/div><div dir=\"auto\">verschiedene Sto\u00df-, Schlag- und Tritttechniken, sowie Blocktechniken, Knie und Ellenbogen mit inbegriffen\u00a0<\/div><div dir=\"auto\">Wurftechniken<\/div><div dir=\"auto\">Hebeltechniken<\/div><div dir=\"auto\">W\u00fcrgetechniken<\/div><div dir=\"auto\">Sicherungstechniken, Festlegetechniken<\/div><div dir=\"auto\">Waffenabwehr, gezielte Entwaffnung von Gegnern\u00a0<\/div><div dir=\"auto\">Nervendruckpunkttechniken<\/div><div dir=\"auto\">\u00a0<\/div><div dir=\"auto\">Falls erforderlich, kann ein Angriff jedoch auch in direkter Form mit Sto\u00df-, Schlag-, Tritt- oder Blocktechniken abgewehrt werden.<\/div><\/div><\/div>\t\t\t\t\t\t\t\t<\/div>\n\t\t\t\t<\/div>\n\t\t\t\t\t<\/div>\n\t\t<\/div>\n\t\t\t\t\t<\/div>\n\t\t<\/section>\n\t\t\t\t<\/div>\n\t\t","protected":false},"excerpt":{"rendered":"<p>Jujutsu Deutsches Ju-Jutsu ist nicht nur eine Kampfkunst und ein Wettkampfsport sondern auch ein modernes, offenes Selbstverteidigungssystem.Ju bedeutet nachgeben oder ausweichen, w\u00f6rtlich \u201esanft\u201c und Jutsu \u201eKunst\u201c oder \u201eKunstgriff\u201c. Ju-Jutsu ist also die Kunst, durch Nachgeben oder Ausweichen mit der Kraft des Angreifers zu siegen. Die \u201esanfte Kunst\u201c Ju-Jutsu basiert haupts\u00e4chlich auf Selbstverteidigungstechniken. Dabei ist jede [&hellip;]<\/p>\n","protected":false},"author":2,"featured_media":0,"parent":0,"menu_order":5,"comment_status":"closed","ping_status":"open","template":"","meta":{"_acf_changed":false,"site-sidebar-layout":"no-sidebar","site-content-layout":"page-builder","ast-site-content-layout":"default","site-content-style":"default","site-sidebar-style":"default","ast-global-header-display":"","ast-banner-title-visibility":"","ast-main-header-display":"","ast-hfb-above-header-display":"","ast-hfb-below-header-display":"","ast-hfb-mobile-header-display":"","site-post-title":"disabled","ast-breadcrumbs-content":"","ast-featured-img":"disabled","footer-sml-layout":"","ast-disable-related-posts":"","theme-transparent-header-meta":"default","adv-header-id-meta":"","stick-header-meta":"default","header-above-stick-meta":"","header-main-stick-meta":"","header-below-stick-meta":"","astra-migrate-meta-layouts":"default","ast-page-background-enabled":"default","ast-page-background-meta":{"desktop":{"background-color":"","background-image":"","background-repeat":"repeat","background-position":"center center","background-size":"auto","background-attachment":"scroll","background-type":"","background-media":"","overlay-type":"","overlay-color":"","overlay-opacity":"","overlay-gradient":""},"tablet":{"background-color":"","background-image":"","background-repeat":"repeat","background-position":"center center","background-size":"auto","background-attachment":"scroll","background-type":"","background-media":"","overlay-type":"","overlay-color":"","overlay-opacity":"","overlay-gradient":""},"mobile":{"background-color":"","background-image":"","background-repeat":"repeat","background-position":"center center","background-size":"auto","background-attachment":"scroll","background-type":"","background-media":"","overlay-type":"","overlay-color":"","overlay-opacity":"","overlay-gradient":""}},"ast-content-background-meta":{"desktop":{"background-color":"var(--ast-global-color-5)","background-image":"","background-repeat":"repeat","background-position":"center center","background-size":"auto","background-attachment":"scroll","background-type":"","background-media":"","overlay-type":"","overlay-color":"","overlay-opacity":"","overlay-gradient":""},"tablet":{"background-color":"var(--ast-global-color-5)","background-image":"","background-repeat":"repeat","background-position":"center center","background-size":"auto","background-attachment":"scroll","background-type":"","background-media":"","overlay-type":"","overlay-color":"","overlay-opacity":"","overlay-gradient":""},"mobile":{"background-color":"var(--ast-global-color-5)","background-image":"","background-repeat":"repeat","background-position":"center center","background-size":"auto","background-attachment":"scroll","background-type":"","background-media":"","overlay-type":"","overlay-color":"","overlay-opacity":"","overlay-gradient":""}},"footnotes":""},"class_list":["post-102","page","type-page","status-publish","hentry"],"acf":[],"_links":{"self":[{"href":"https:\/\/www.tsg-leutkirch.de\/budo\/wp-json\/wp\/v2\/pages\/102","targetHints":{"allow":["GET"]}}],"collection":[{"href":"https:\/\/www.tsg-leutkirch.de\/budo\/wp-json\/wp\/v2\/pages"}],"about":[{"href":"https:\/\/www.tsg-leutkirch.de\/budo\/wp-json\/wp\/v2\/types\/page"}],"author":[{"embeddable":true,"href":"https:\/\/www.tsg-leutkirch.de\/budo\/wp-json\/wp\/v2\/users\/2"}],"replies":[{"embeddable":true,"href":"https:\/\/www.tsg-leutkirch.de\/budo\/wp-json\/wp\/v2\/comments?post=102"}],"version-history":[{"count":8,"href":"https:\/\/www.tsg-leutkirch.de\/budo\/wp-json\/wp\/v2\/pages\/102\/revisions"}],"predecessor-version":[{"id":369,"href":"https:\/\/www.tsg-leutkirch.de\/budo\/wp-json\/wp\/v2\/pages\/102\/revisions\/369"}],"wp:attachment":[{"href":"https:\/\/www.tsg-leutkirch.de\/budo\/wp-json\/wp\/v2\/media?parent=102"}],"curies":[{"name":"wp","href":"https:\/\/api.w.org\/{rel}","templated":true}]}}