{"id":2,"date":"2020-03-13T15:58:23","date_gmt":"2020-03-13T14:58:23","guid":{"rendered":"http:\/\/multitsg.iamhosting.de\/budo\/?page_id=2"},"modified":"2025-02-01T12:32:18","modified_gmt":"2025-02-01T11:32:18","slug":"home","status":"publish","type":"page","link":"https:\/\/www.tsg-leutkirch.de\/budo\/","title":{"rendered":"Home"},"content":{"rendered":"\t\t<div data-elementor-type=\"wp-page\" data-elementor-id=\"2\" class=\"elementor elementor-2\" data-elementor-post-type=\"page\">\n\t\t\t\t\t\t<section class=\"elementor-section elementor-top-section elementor-element elementor-element-a09ce5e elementor-section-stretched elementor-section-content-middle elementor-section-height-min-height elementor-section-boxed elementor-section-height-default elementor-section-items-middle\" data-id=\"a09ce5e\" data-element_type=\"section\" data-e-type=\"section\" id=\"home\" data-settings=\"{&quot;stretch_section&quot;:&quot;section-stretched&quot;,&quot;background_background&quot;:&quot;classic&quot;,&quot;shape_divider_bottom&quot;:&quot;triangle-asymmetrical&quot;,&quot;shape_divider_bottom_negative&quot;:&quot;yes&quot;,&quot;jet_parallax_layout_list&quot;:[]}\">\n\t\t\t\t\t<div class=\"elementor-shape elementor-shape-bottom\" aria-hidden=\"true\" data-negative=\"true\">\n\t\t\t<svg xmlns=\"http:\/\/www.w3.org\/2000\/svg\" viewBox=\"0 0 1000 100\" preserveAspectRatio=\"none\">\n\t<path class=\"elementor-shape-fill\" d=\"M737.9,94.7L0,0v100h1000V0L737.9,94.7z\"\/>\n<\/svg>\t\t<\/div>\n\t\t\t\t\t<div class=\"elementor-container elementor-column-gap-default\">\n\t\t\t\t\t<div class=\"elementor-column elementor-col-100 elementor-top-column elementor-element elementor-element-2f755dbe\" data-id=\"2f755dbe\" data-element_type=\"column\" data-e-type=\"column\">\n\t\t\t<div class=\"elementor-widget-wrap\">\n\t\t\t\t\t\t\t<\/div>\n\t\t<\/div>\n\t\t\t\t\t<\/div>\n\t\t<\/section>\n\t\t\t\t<section class=\"elementor-section elementor-top-section elementor-element elementor-element-345bde2 elementor-section-boxed elementor-section-height-default elementor-section-height-default\" data-id=\"345bde2\" data-element_type=\"section\" data-e-type=\"section\" data-settings=\"{&quot;jet_parallax_layout_list&quot;:[]}\">\n\t\t\t\t\t\t<div class=\"elementor-container elementor-column-gap-default\">\n\t\t\t\t\t<div class=\"elementor-column elementor-col-100 elementor-top-column elementor-element elementor-element-dca1eff\" data-id=\"dca1eff\" data-element_type=\"column\" data-e-type=\"column\">\n\t\t\t<div class=\"elementor-widget-wrap elementor-element-populated\">\n\t\t\t\t\t\t<div class=\"elementor-element elementor-element-2689d0b elementor-widget elementor-widget-heading\" data-id=\"2689d0b\" data-element_type=\"widget\" data-e-type=\"widget\" data-widget_type=\"heading.default\">\n\t\t\t\t<div class=\"elementor-widget-container\">\n\t\t\t\t\t<h1 class=\"elementor-heading-title elementor-size-default\">Budo Leutkirch<\/h1>\t\t\t\t<\/div>\n\t\t\t\t<\/div>\n\t\t\t\t\t<\/div>\n\t\t<\/div>\n\t\t\t\t\t<\/div>\n\t\t<\/section>\n\t\t\t\t<section class=\"elementor-section elementor-top-section elementor-element elementor-element-26f62ae elementor-section-boxed elementor-section-height-default elementor-section-height-default\" data-id=\"26f62ae\" data-element_type=\"section\" data-e-type=\"section\" data-settings=\"{&quot;jet_parallax_layout_list&quot;:[]}\">\n\t\t\t\t\t\t<div class=\"elementor-container elementor-column-gap-default\">\n\t\t\t\t\t<div class=\"elementor-column elementor-col-50 elementor-top-column elementor-element elementor-element-f123db2\" data-id=\"f123db2\" data-element_type=\"column\" data-e-type=\"column\">\n\t\t\t<div class=\"elementor-widget-wrap elementor-element-populated\">\n\t\t\t\t\t\t<div class=\"elementor-element elementor-element-9eb15ff elementor-widget elementor-widget-text-editor\" data-id=\"9eb15ff\" data-element_type=\"widget\" data-e-type=\"widget\" data-widget_type=\"text-editor.default\">\n\t\t\t\t<div class=\"elementor-widget-container\">\n\t\t\t\t\t\t\t\t\t<h2 class=\"elementor-heading-title elementor-size-default elementor-inline-editing pen\" style=\"font-style: normal;margin-bottom: 0px;color: #6ec1e4;font-family: Roboto, sans-serif\" data-elementor-setting-key=\"title\" data-pen-placeholder=\"Eingabe hier...\">WILLKOMMEN<\/h2><p>\u00a0<\/p><p>auf der Hompage des TSG Leutkirch Abteilung Budo.<br \/>Hier erfahren Sie alles was unseren Verein betrifft.<br \/>F\u00fcr Fragen steht unser Team Ihnen selbstverst\u00e4ndlich gerne<br \/>zur Verf\u00fcgung, oder besuchen Sie uns doch einmal w\u00e4hrend einer unserer Trainingsstunden.<\/p><p>Wir w\u00fcrden uns freuen<\/p><p>Ihre Budoabteilung<\/p>\t\t\t\t\t\t\t\t<\/div>\n\t\t\t\t<\/div>\n\t\t\t\t\t<\/div>\n\t\t<\/div>\n\t\t\t\t<div class=\"elementor-column elementor-col-50 elementor-top-column elementor-element elementor-element-957e068\" data-id=\"957e068\" data-element_type=\"column\" data-e-type=\"column\">\n\t\t\t<div class=\"elementor-widget-wrap elementor-element-populated\">\n\t\t\t\t\t\t<div class=\"elementor-element elementor-element-e690054 elementor-widget elementor-widget-image\" data-id=\"e690054\" data-element_type=\"widget\" data-e-type=\"widget\" data-widget_type=\"image.default\">\n\t\t\t\t<div class=\"elementor-widget-container\">\n\t\t\t\t\t\t\t\t\t\t\t\t\t\t\t<img fetchpriority=\"high\" decoding=\"async\" width=\"421\" height=\"435\" src=\"https:\/\/www.tsg-leutkirch.de\/budo\/wp-content\/uploads\/sites\/20\/2020\/04\/budoemblem_klein.gif\" class=\"attachment-large size-large wp-image-118\" alt=\"\" \/>\t\t\t\t\t\t\t\t\t\t\t\t\t\t\t<\/div>\n\t\t\t\t<\/div>\n\t\t\t\t\t<\/div>\n\t\t<\/div>\n\t\t\t\t\t<\/div>\n\t\t<\/section>\n\t\t\t\t<section class=\"elementor-section elementor-top-section elementor-element elementor-element-8e56ecc elementor-section-boxed elementor-section-height-default elementor-section-height-default\" data-id=\"8e56ecc\" data-element_type=\"section\" data-e-type=\"section\" data-settings=\"{&quot;jet_parallax_layout_list&quot;:[]}\">\n\t\t\t\t\t\t<div class=\"elementor-container elementor-column-gap-default\">\n\t\t\t\t\t<div class=\"elementor-column elementor-col-66 elementor-top-column elementor-element elementor-element-6cd1e2f\" data-id=\"6cd1e2f\" data-element_type=\"column\" data-e-type=\"column\">\n\t\t\t<div class=\"elementor-widget-wrap elementor-element-populated\">\n\t\t\t\t\t\t<div class=\"elementor-element elementor-element-37698da elementor-widget elementor-widget-heading\" data-id=\"37698da\" data-element_type=\"widget\" data-e-type=\"widget\" data-widget_type=\"heading.default\">\n\t\t\t\t<div class=\"elementor-widget-container\">\n\t\t\t\t\t<h3 class=\"elementor-heading-title elementor-size-default\">News<\/h3>\t\t\t\t<\/div>\n\t\t\t\t<\/div>\n\t\t\t\t<div class=\"elementor-element elementor-element-50ba021 elementor-widget elementor-widget-shortcode\" data-id=\"50ba021\" data-element_type=\"widget\" data-e-type=\"widget\" data-widget_type=\"shortcode.default\">\n\t\t\t\t<div class=\"elementor-widget-container\">\n\t\t\t\t\t\t\t<div class=\"elementor-shortcode\"><div class=\"iam-blog\">\r\n        <div class=\"iam-post\">\r\n                <div class=\"iam-post-thumbnail\">\r\n                    <a target=\"_self\" href=\"https:\/\/www.tsg-leutkirch.de\/budo\/2020\/02\/09\/herzlich-willkommen-auf-unserer-abteilungsseite\/\"\r\n                       style=\"background-image: url('');\">\r\n                    <\/a>\r\n                <\/div>\r\n                <div class=\"iam-post-content\">\r\n                    <div class=\"news_blog\"><div class=\"news_blog_link\"><span class=\"uael-post__terms\"><a href=\"https:\/\/www.tsg-leutkirch.de\/budo\">TSG 1847 Leutkirch e.V. - Abteilung Budo<\/a><\/span><\/div><a href=\"https:\/\/www.tsg-leutkirch.de\/budo\/2020\/02\/09\/herzlich-willkommen-auf-unserer-abteilungsseite\/\"><h3>Herzlich willkommen auf unserer Abteilungsseite<\/h3><\/a><span class=\"uael-post__date\"><i aria-hidden=\"true\" class=\"fa fa-calendar\"><\/i>09.02.2020<\/span><\/div>                <\/div>\r\n        <\/div>\r\n        \r\n    <\/div>\r\n\r\n\r\n\r\n\r\n<\/div>\n\t\t\t\t\t\t<\/div>\n\t\t\t\t<\/div>\n\t\t\t\t<div class=\"elementor-element elementor-element-48a15e5 elementor-widget elementor-widget-text-editor\" data-id=\"48a15e5\" data-element_type=\"widget\" data-e-type=\"widget\" data-widget_type=\"text-editor.default\">\n\t\t\t\t<div class=\"elementor-widget-container\">\n\t\t\t\t\t\t\t\t\t<h6><a href=\"https:\/\/www.tsg-leutkirch.de\/budo\/news\/\">Alle News &gt;<\/a><\/h6>\t\t\t\t\t\t\t\t<\/div>\n\t\t\t\t<\/div>\n\t\t\t\t\t<\/div>\n\t\t<\/div>\n\t\t\t\t<div class=\"elementor-column elementor-col-33 elementor-top-column elementor-element elementor-element-7a690cc\" data-id=\"7a690cc\" data-element_type=\"column\" data-e-type=\"column\">\n\t\t\t<div class=\"elementor-widget-wrap elementor-element-populated\">\n\t\t\t\t\t\t<div class=\"elementor-element elementor-element-5fa46cd elementor-widget elementor-widget-heading\" data-id=\"5fa46cd\" data-element_type=\"widget\" data-e-type=\"widget\" data-widget_type=\"heading.default\">\n\t\t\t\t<div class=\"elementor-widget-container\">\n\t\t\t\t\t<h3 class=\"elementor-heading-title elementor-size-default\">Termine<\/h3>\t\t\t\t<\/div>\n\t\t\t\t<\/div>\n\t\t\t\t<div class=\"elementor-element elementor-element-a6b47f0 elementor-widget elementor-widget-shortcode\" data-id=\"a6b47f0\" data-element_type=\"widget\" data-e-type=\"widget\" data-widget_type=\"shortcode.default\">\n\t\t\t\t<div class=\"elementor-widget-container\">\n\t\t\t\t\t\t\t<div class=\"elementor-shortcode\"><div class=\"iam-blog\">\r\n    Keine Termine gefunden\r\n    <\/div>\r\n\r\n\r\n\r\n\r\n<\/div>\n\t\t\t\t\t\t<\/div>\n\t\t\t\t<\/div>\n\t\t\t\t<div class=\"elementor-element elementor-element-6845952 elementor-widget elementor-widget-text-editor\" data-id=\"6845952\" data-element_type=\"widget\" data-e-type=\"widget\" data-widget_type=\"text-editor.default\">\n\t\t\t\t<div class=\"elementor-widget-container\">\n\t\t\t\t\t\t\t\t\t<h6><a href=\"https:\/\/www.tsg-leutkirch.de\/budo\/termin\/\" target=\"_blank\" rel=\"noopener\">Alle Termine &gt;<\/a><\/h6>\t\t\t\t\t\t\t\t<\/div>\n\t\t\t\t<\/div>\n\t\t\t\t\t<\/div>\n\t\t<\/div>\n\t\t\t\t\t<\/div>\n\t\t<\/section>\n\t\t\t\t<\/div>\n\t\t","protected":false},"excerpt":{"rendered":"<p>Budo Leutkirch WILLKOMMEN \u00a0 auf der Hompage des TSG Leutkirch Abteilung Budo.Hier erfahren Sie alles was unseren Verein betrifft.F\u00fcr Fragen steht unser Team Ihnen selbstverst\u00e4ndlich gernezur Verf\u00fcgung, oder besuchen Sie uns doch einmal w\u00e4hrend einer unserer Trainingsstunden. Wir w\u00fcrden uns freuen Ihre Budoabteilung News Alle News &gt; Termine Alle Termine &gt;<\/p>\n","protected":false},"author":1,"featured_media":0,"parent":0,"menu_order":1,"comment_status":"closed","ping_status":"open","template":"","meta":{"_acf_changed":false,"site-sidebar-layout":"no-sidebar","site-content-layout":"page-builder","ast-site-content-layout":"default","site-content-style":"default","site-sidebar-style":"default","ast-global-header-display":"","ast-banner-title-visibility":"","ast-main-header-display":"","ast-hfb-above-header-display":"","ast-hfb-below-header-display":"","ast-hfb-mobile-header-display":"","site-post-title":"disabled","ast-breadcrumbs-content":"","ast-featured-img":"disabled","footer-sml-layout":"","ast-disable-related-posts":"","theme-transparent-header-meta":"default","adv-header-id-meta":"","stick-header-meta":"default","header-above-stick-meta":"","header-main-stick-meta":"","header-below-stick-meta":"","astra-migrate-meta-layouts":"default","ast-page-background-enabled":"default","ast-page-background-meta":{"desktop":{"background-color":"","background-image":"","background-repeat":"repeat","background-position":"center center","background-size":"auto","background-attachment":"scroll","background-type":"","background-media":"","overlay-type":"","overlay-color":"","overlay-opacity":"","overlay-gradient":""},"tablet":{"background-color":"","background-image":"","background-repeat":"repeat","background-position":"center center","background-size":"auto","background-attachment":"scroll","background-type":"","background-media":"","overlay-type":"","overlay-color":"","overlay-opacity":"","overlay-gradient":""},"mobile":{"background-color":"","background-image":"","background-repeat":"repeat","background-position":"center center","background-size":"auto","background-attachment":"scroll","background-type":"","background-media":"","overlay-type":"","overlay-color":"","overlay-opacity":"","overlay-gradient":""}},"ast-content-background-meta":{"desktop":{"background-color":"var(--ast-global-color-5)","background-image":"","background-repeat":"repeat","background-position":"center center","background-size":"auto","background-attachment":"scroll","background-type":"","background-media":"","overlay-type":"","overlay-color":"","overlay-opacity":"","overlay-gradient":""},"tablet":{"background-color":"var(--ast-global-color-5)","background-image":"","background-repeat":"repeat","background-position":"center center","background-size":"auto","background-attachment":"scroll","background-type":"","background-media":"","overlay-type":"","overlay-color":"","overlay-opacity":"","overlay-gradient":""},"mobile":{"background-color":"var(--ast-global-color-5)","background-image":"","background-repeat":"repeat","background-position":"center center","background-size":"auto","background-attachment":"scroll","background-type":"","background-media":"","overlay-type":"","overlay-color":"","overlay-opacity":"","overlay-gradient":""}},"footnotes":""},"class_list":["post-2","page","type-page","status-publish","hentry"],"acf":[],"_links":{"self":[{"href":"https:\/\/www.tsg-leutkirch.de\/budo\/wp-json\/wp\/v2\/pages\/2","targetHints":{"allow":["GET"]}}],"collection":[{"href":"https:\/\/www.tsg-leutkirch.de\/budo\/wp-json\/wp\/v2\/pages"}],"about":[{"href":"https:\/\/www.tsg-leutkirch.de\/budo\/wp-json\/wp\/v2\/types\/page"}],"author":[{"embeddable":true,"href":"https:\/\/www.tsg-leutkirch.de\/budo\/wp-json\/wp\/v2\/users\/1"}],"replies":[{"embeddable":true,"href":"https:\/\/www.tsg-leutkirch.de\/budo\/wp-json\/wp\/v2\/comments?post=2"}],"version-history":[{"count":10,"href":"https:\/\/www.tsg-leutkirch.de\/budo\/wp-json\/wp\/v2\/pages\/2\/revisions"}],"predecessor-version":[{"id":426,"href":"https:\/\/www.tsg-leutkirch.de\/budo\/wp-json\/wp\/v2\/pages\/2\/revisions\/426"}],"wp:attachment":[{"href":"https:\/\/www.tsg-leutkirch.de\/budo\/wp-json\/wp\/v2\/media?parent=2"}],"curies":[{"name":"wp","href":"https:\/\/api.w.org\/{rel}","templated":true}]}}