{"id":234,"date":"2022-05-20T15:21:38","date_gmt":"2022-05-20T13:21:38","guid":{"rendered":"https:\/\/www.tsg-leutkirch.de\/budo\/?page_id=234"},"modified":"2024-02-24T15:35:03","modified_gmt":"2024-02-24T14:35:03","slug":"judo-kleinkinder","status":"publish","type":"page","link":"https:\/\/www.tsg-leutkirch.de\/budo\/judo-kleinkinder\/","title":{"rendered":"Judo Kleinkinder"},"content":{"rendered":"\t\t<div data-elementor-type=\"wp-page\" data-elementor-id=\"234\" class=\"elementor elementor-234\" data-elementor-post-type=\"page\">\n\t\t\t\t\t\t<section class=\"elementor-section elementor-top-section elementor-element elementor-element-a09ce5e elementor-section-stretched elementor-section-content-middle elementor-section-height-min-height elementor-section-boxed elementor-section-height-default elementor-section-items-middle\" data-id=\"a09ce5e\" data-element_type=\"section\" data-e-type=\"section\" id=\"home\" data-settings=\"{&quot;stretch_section&quot;:&quot;section-stretched&quot;,&quot;background_background&quot;:&quot;classic&quot;,&quot;shape_divider_bottom&quot;:&quot;triangle-asymmetrical&quot;,&quot;shape_divider_bottom_negative&quot;:&quot;yes&quot;,&quot;jet_parallax_layout_list&quot;:[]}\">\n\t\t\t\t\t<div class=\"elementor-shape elementor-shape-bottom\" aria-hidden=\"true\" data-negative=\"true\">\n\t\t\t<svg xmlns=\"http:\/\/www.w3.org\/2000\/svg\" viewBox=\"0 0 1000 100\" preserveAspectRatio=\"none\">\n\t<path class=\"elementor-shape-fill\" d=\"M737.9,94.7L0,0v100h1000V0L737.9,94.7z\"\/>\n<\/svg>\t\t<\/div>\n\t\t\t\t\t<div class=\"elementor-container elementor-column-gap-default\">\n\t\t\t\t\t<div class=\"elementor-column elementor-col-100 elementor-top-column elementor-element elementor-element-2f755dbe\" data-id=\"2f755dbe\" data-element_type=\"column\" data-e-type=\"column\">\n\t\t\t<div class=\"elementor-widget-wrap\">\n\t\t\t\t\t\t\t<\/div>\n\t\t<\/div>\n\t\t\t\t\t<\/div>\n\t\t<\/section>\n\t\t\t\t<section class=\"elementor-section elementor-top-section elementor-element elementor-element-345bde2 elementor-section-boxed elementor-section-height-default elementor-section-height-default\" data-id=\"345bde2\" data-element_type=\"section\" data-e-type=\"section\" data-settings=\"{&quot;jet_parallax_layout_list&quot;:[]}\">\n\t\t\t\t\t\t<div class=\"elementor-container elementor-column-gap-default\">\n\t\t\t\t\t<div class=\"elementor-column elementor-col-100 elementor-top-column elementor-element elementor-element-dca1eff\" data-id=\"dca1eff\" data-element_type=\"column\" data-e-type=\"column\">\n\t\t\t<div class=\"elementor-widget-wrap elementor-element-populated\">\n\t\t\t\t\t\t<div class=\"elementor-element elementor-element-2689d0b elementor-widget elementor-widget-heading\" data-id=\"2689d0b\" data-element_type=\"widget\" data-e-type=\"widget\" data-widget_type=\"heading.default\">\n\t\t\t\t<div class=\"elementor-widget-container\">\n\t\t\t\t\t<h1 class=\"elementor-heading-title elementor-size-default\">Judo KleinKinder ab 5 Jahren<\/h1>\t\t\t\t<\/div>\n\t\t\t\t<\/div>\n\t\t\t\t\t<\/div>\n\t\t<\/div>\n\t\t\t\t\t<\/div>\n\t\t<\/section>\n\t\t\t\t<section class=\"elementor-section elementor-top-section elementor-element elementor-element-435b87f elementor-section-boxed elementor-section-height-default elementor-section-height-default\" data-id=\"435b87f\" data-element_type=\"section\" data-e-type=\"section\" data-settings=\"{&quot;jet_parallax_layout_list&quot;:[]}\">\n\t\t\t\t\t\t<div class=\"elementor-container elementor-column-gap-default\">\n\t\t\t\t\t<div class=\"elementor-column elementor-col-100 elementor-top-column elementor-element elementor-element-14a32ad\" data-id=\"14a32ad\" data-element_type=\"column\" data-e-type=\"column\">\n\t\t\t<div class=\"elementor-widget-wrap elementor-element-populated\">\n\t\t\t\t\t\t<div class=\"elementor-element elementor-element-1de7b71 elementor-widget elementor-widget-text-editor\" data-id=\"1de7b71\" data-element_type=\"widget\" data-e-type=\"widget\" data-widget_type=\"text-editor.default\">\n\t\t\t\t<div class=\"elementor-widget-container\">\n\t\t\t\t\t\t\t\t\t<p>Die Minis werden bei uns sehr spielerisch und mit Bedacht ins\u00a0 Judotraining eingef\u00fchrt. Im Judo geht es dabei nicht um das Verletzen, sondern um das Erlernen und Ausbauen vieler wichtiger k\u00f6rperlicher und geistiger F\u00e4higkeiten. Judo ist somit kein reiner Kampfsport, sondern ein sehr facettenreiches Training f\u00fcr kleine Kinder.<\/p><p>Allgemein wird sehr defensiv trainiert, zu Beginn lernt man beispielsweise in der Fallschule wie man richtig abrollt und hinf\u00e4llt ohne sich dabei zu verletzen. Viele weitere Bereiche der allgemeinen Fitness werden in das Training integriert, womit die Kinder ihre St\u00fctz- und Haltemuskulatur trainieren. \u00dcbungen wie krabbeln, rollen oder h\u00fcpfen verbessern zus\u00e4tzlich die Koordinationsf\u00e4higkeit und den Gleichgewichtssinn der Kinder.<\/p><p>Wichtige Werte wie Respekt und H\u00f6flichkeit vermitteln wir den Kleinsten ebenso wie Hilfsbereitschaft und Ehrlichkeit. Durch das Merken der unterschiedlichen Techniken werden au\u00dferdem die kognitiven F\u00e4higkeiten trainiert, die Kinder lernen aufmerksam zuzusehen und zuzuh\u00f6ren.<\/p><p>Das Training hat bereits vielen Kindern sehr viel Spa\u00df gemacht und wir freuen uns jetzt wieder damit anzufangen und erneut voll durchstarten zu k\u00f6nnen. Unter Trainingszeiten k\u00f6nnen Sie die Aktuellen Uhrzeiten unserers Trainings erfahren.<\/p><p>Trainiert werden unsere Kleinsten von J\u00fcrgen Kaczmarek, 1.Kyu, der bei uns auch JuJutsu- Training f\u00fcr Jugendliche\/Erwachsene anbietet. Als Co-Trainerin steht ihm Alexandra Cerne zur Seite, die bereits in der Vergangenheit als helfende Hand bei den Minis im Judo t\u00e4tig war.<\/p><p>\u00a0<\/p><p>\u00a0<\/p><p>Sehr geehrte Damen und Herren,<\/p><p>wir sind sehr erfreut \u00fcber das gro\u00dfe Interresse an unserem Judo f\u00fcr Kleinkinder, <span style=\"color: #ff0000\">leider sind alle Pl\u00e4tze belegt und auch die Warteliste ist voll<\/span>.<\/p><p>Sobald wieder Pl\u00e4tze verf\u00fcgbar sind Informieren wir hier dar\u00fcber.<\/p><p>Mit freundlichen Gr\u00fc\u00dfen Ihr Budo Team<\/p><p>\u00a0<\/p><div>\u00a0<\/div>\t\t\t\t\t\t\t\t<\/div>\n\t\t\t\t<\/div>\n\t\t\t\t\t<\/div>\n\t\t<\/div>\n\t\t\t\t\t<\/div>\n\t\t<\/section>\n\t\t\t\t<section class=\"elementor-section elementor-top-section elementor-element elementor-element-676ef9d elementor-section-boxed elementor-section-height-default elementor-section-height-default\" data-id=\"676ef9d\" data-element_type=\"section\" data-e-type=\"section\" data-settings=\"{&quot;jet_parallax_layout_list&quot;:[]}\">\n\t\t\t\t\t\t<div class=\"elementor-container elementor-column-gap-default\">\n\t\t\t\t\t<div class=\"elementor-column elementor-col-50 elementor-top-column elementor-element elementor-element-00868cc\" data-id=\"00868cc\" data-element_type=\"column\" data-e-type=\"column\">\n\t\t\t<div class=\"elementor-widget-wrap elementor-element-populated\">\n\t\t\t\t\t\t<div class=\"elementor-element elementor-element-d3d4237 elementor-widget elementor-widget-image\" data-id=\"d3d4237\" data-element_type=\"widget\" data-e-type=\"widget\" data-widget_type=\"image.default\">\n\t\t\t\t<div class=\"elementor-widget-container\">\n\t\t\t\t\t\t\t\t\t\t\t\t<figure class=\"wp-caption\">\n\t\t\t\t\t\t\t\t\t\t<img fetchpriority=\"high\" decoding=\"async\" width=\"233\" height=\"300\" src=\"https:\/\/www.tsg-leutkirch.de\/budo\/wp-content\/uploads\/sites\/20\/2022\/05\/20220518_182459-scaled-e1653060974698-233x300.jpg\" class=\"attachment-medium size-medium wp-image-241\" alt=\"\" srcset=\"https:\/\/www.tsg-leutkirch.de\/budo\/wp-content\/uploads\/sites\/20\/2022\/05\/20220518_182459-scaled-e1653060974698-233x300.jpg 233w, https:\/\/www.tsg-leutkirch.de\/budo\/wp-content\/uploads\/sites\/20\/2022\/05\/20220518_182459-scaled-e1653060974698-794x1024.jpg 794w, https:\/\/www.tsg-leutkirch.de\/budo\/wp-content\/uploads\/sites\/20\/2022\/05\/20220518_182459-scaled-e1653060974698-768x990.jpg 768w, https:\/\/www.tsg-leutkirch.de\/budo\/wp-content\/uploads\/sites\/20\/2022\/05\/20220518_182459-scaled-e1653060974698-1192x1536.jpg 1192w, https:\/\/www.tsg-leutkirch.de\/budo\/wp-content\/uploads\/sites\/20\/2022\/05\/20220518_182459-scaled-e1653060974698.jpg 1440w\" sizes=\"(max-width: 233px) 100vw, 233px\" \/>\t\t\t\t\t\t\t\t\t\t\t<figcaption class=\"widget-image-caption wp-caption-text\">Trainer J\u00fcrgen Kaczmarek<\/figcaption>\n\t\t\t\t\t\t\t\t\t\t<\/figure>\n\t\t\t\t\t\t\t\t\t<\/div>\n\t\t\t\t<\/div>\n\t\t\t\t\t<\/div>\n\t\t<\/div>\n\t\t\t\t<div class=\"elementor-column elementor-col-50 elementor-top-column elementor-element elementor-element-861ba0e\" data-id=\"861ba0e\" data-element_type=\"column\" data-e-type=\"column\">\n\t\t\t<div class=\"elementor-widget-wrap elementor-element-populated\">\n\t\t\t\t\t\t<div class=\"elementor-element elementor-element-d09eed7 elementor-widget elementor-widget-image\" data-id=\"d09eed7\" data-element_type=\"widget\" data-e-type=\"widget\" data-widget_type=\"image.default\">\n\t\t\t\t<div class=\"elementor-widget-container\">\n\t\t\t\t\t\t\t\t\t\t\t\t<figure class=\"wp-caption\">\n\t\t\t\t\t\t\t\t\t\t<img decoding=\"async\" width=\"193\" height=\"300\" src=\"https:\/\/www.tsg-leutkirch.de\/budo\/wp-content\/uploads\/sites\/20\/2022\/05\/20220518_152428-193x300.jpg\" class=\"attachment-medium size-medium wp-image-240\" alt=\"\" srcset=\"https:\/\/www.tsg-leutkirch.de\/budo\/wp-content\/uploads\/sites\/20\/2022\/05\/20220518_152428-193x300.jpg 193w, https:\/\/www.tsg-leutkirch.de\/budo\/wp-content\/uploads\/sites\/20\/2022\/05\/20220518_152428-657x1024.jpg 657w, https:\/\/www.tsg-leutkirch.de\/budo\/wp-content\/uploads\/sites\/20\/2022\/05\/20220518_152428-768x1196.jpg 768w, https:\/\/www.tsg-leutkirch.de\/budo\/wp-content\/uploads\/sites\/20\/2022\/05\/20220518_152428-986x1536.jpg 986w, https:\/\/www.tsg-leutkirch.de\/budo\/wp-content\/uploads\/sites\/20\/2022\/05\/20220518_152428.jpg 1300w\" sizes=\"(max-width: 193px) 100vw, 193px\" \/>\t\t\t\t\t\t\t\t\t\t\t<figcaption class=\"widget-image-caption wp-caption-text\">Co-Trainerin Alexandra Cerne<\/figcaption>\n\t\t\t\t\t\t\t\t\t\t<\/figure>\n\t\t\t\t\t\t\t\t\t<\/div>\n\t\t\t\t<\/div>\n\t\t\t\t\t<\/div>\n\t\t<\/div>\n\t\t\t\t\t<\/div>\n\t\t<\/section>\n\t\t\t\t<section class=\"elementor-section elementor-top-section elementor-element elementor-element-df94d64 elementor-section-boxed elementor-section-height-default elementor-section-height-default\" data-id=\"df94d64\" data-element_type=\"section\" data-e-type=\"section\" data-settings=\"{&quot;jet_parallax_layout_list&quot;:[]}\">\n\t\t\t\t\t\t<div class=\"elementor-container elementor-column-gap-default\">\n\t\t\t\t\t<div class=\"elementor-column elementor-col-100 elementor-top-column elementor-element elementor-element-edca208\" data-id=\"edca208\" data-element_type=\"column\" data-e-type=\"column\">\n\t\t\t<div class=\"elementor-widget-wrap\">\n\t\t\t\t\t\t\t<\/div>\n\t\t<\/div>\n\t\t\t\t\t<\/div>\n\t\t<\/section>\n\t\t\t\t<section class=\"elementor-section elementor-top-section elementor-element elementor-element-bf2df02 elementor-section-boxed elementor-section-height-default elementor-section-height-default\" data-id=\"bf2df02\" data-element_type=\"section\" data-e-type=\"section\" data-settings=\"{&quot;jet_parallax_layout_list&quot;:[]}\">\n\t\t\t\t\t\t<div class=\"elementor-container elementor-column-gap-default\">\n\t\t\t\t\t<div class=\"elementor-column elementor-col-100 elementor-top-column elementor-element elementor-element-62dec57\" data-id=\"62dec57\" data-element_type=\"column\" data-e-type=\"column\">\n\t\t\t<div class=\"elementor-widget-wrap elementor-element-populated\">\n\t\t\t\t\t\t<div class=\"elementor-element elementor-element-f3a62f1 elementor-widget elementor-widget-heading\" data-id=\"f3a62f1\" data-element_type=\"widget\" data-e-type=\"widget\" data-widget_type=\"heading.default\">\n\t\t\t\t<div class=\"elementor-widget-container\">\n\t\t\t\t\t<h2 class=\"elementor-heading-title elementor-size-default\">Impression aus dem Training<\/h2>\t\t\t\t<\/div>\n\t\t\t\t<\/div>\n\t\t\t\t\t<\/div>\n\t\t<\/div>\n\t\t\t\t\t<\/div>\n\t\t<\/section>\n\t\t\t\t<section class=\"elementor-section elementor-top-section elementor-element elementor-element-10f4d95 elementor-section-boxed elementor-section-height-default elementor-section-height-default\" data-id=\"10f4d95\" data-element_type=\"section\" data-e-type=\"section\" data-settings=\"{&quot;jet_parallax_layout_list&quot;:[]}\">\n\t\t\t\t\t\t<div class=\"elementor-container elementor-column-gap-default\">\n\t\t\t\t\t<div class=\"elementor-column elementor-col-100 elementor-top-column elementor-element elementor-element-4de74a8\" data-id=\"4de74a8\" data-element_type=\"column\" data-e-type=\"column\">\n\t\t\t<div class=\"elementor-widget-wrap elementor-element-populated\">\n\t\t\t\t\t\t<div class=\"elementor-element elementor-element-2b0a083 elementor-widget elementor-widget-image\" data-id=\"2b0a083\" data-element_type=\"widget\" data-e-type=\"widget\" data-widget_type=\"image.default\">\n\t\t\t\t<div class=\"elementor-widget-container\">\n\t\t\t\t\t\t\t\t\t\t\t\t\t\t\t<img decoding=\"async\" width=\"768\" height=\"1024\" src=\"https:\/\/www.tsg-leutkirch.de\/budo\/wp-content\/uploads\/sites\/20\/2024\/02\/WhatsApp-Image-2024-01-30-at-14.04.36-768x1024.jpeg\" class=\"attachment-large size-large wp-image-377\" alt=\"\" srcset=\"https:\/\/www.tsg-leutkirch.de\/budo\/wp-content\/uploads\/sites\/20\/2024\/02\/WhatsApp-Image-2024-01-30-at-14.04.36-768x1024.jpeg 768w, https:\/\/www.tsg-leutkirch.de\/budo\/wp-content\/uploads\/sites\/20\/2024\/02\/WhatsApp-Image-2024-01-30-at-14.04.36-225x300.jpeg 225w, https:\/\/www.tsg-leutkirch.de\/budo\/wp-content\/uploads\/sites\/20\/2024\/02\/WhatsApp-Image-2024-01-30-at-14.04.36-1152x1536.jpeg 1152w, https:\/\/www.tsg-leutkirch.de\/budo\/wp-content\/uploads\/sites\/20\/2024\/02\/WhatsApp-Image-2024-01-30-at-14.04.36.jpeg 1512w\" sizes=\"(max-width: 768px) 100vw, 768px\" \/>\t\t\t\t\t\t\t\t\t\t\t\t\t\t\t<\/div>\n\t\t\t\t<\/div>\n\t\t\t\t\t<\/div>\n\t\t<\/div>\n\t\t\t\t\t<\/div>\n\t\t<\/section>\n\t\t\t\t<\/div>\n\t\t","protected":false},"excerpt":{"rendered":"<p>Judo KleinKinder ab 5 Jahren Die Minis werden bei uns sehr spielerisch und mit Bedacht ins\u00a0 Judotraining eingef\u00fchrt. Im Judo geht es dabei nicht um das Verletzen, sondern um das Erlernen und Ausbauen vieler wichtiger k\u00f6rperlicher und geistiger F\u00e4higkeiten. Judo ist somit kein reiner Kampfsport, sondern ein sehr facettenreiches Training f\u00fcr kleine Kinder. Allgemein wird [&hellip;]<\/p>\n","protected":false},"author":31,"featured_media":0,"parent":0,"menu_order":4,"comment_status":"closed","ping_status":"open","template":"","meta":{"_acf_changed":false,"site-sidebar-layout":"no-sidebar","site-content-layout":"page-builder","ast-site-content-layout":"full-width-container","site-content-style":"unboxed","site-sidebar-style":"unboxed","ast-global-header-display":"","ast-banner-title-visibility":"","ast-main-header-display":"","ast-hfb-above-header-display":"","ast-hfb-below-header-display":"","ast-hfb-mobile-header-display":"","site-post-title":"disabled","ast-breadcrumbs-content":"","ast-featured-img":"disabled","footer-sml-layout":"","ast-disable-related-posts":"","theme-transparent-header-meta":"default","adv-header-id-meta":"","stick-header-meta":"default","header-above-stick-meta":"","header-main-stick-meta":"","header-below-stick-meta":"","astra-migrate-meta-layouts":"set","ast-page-background-enabled":"default","ast-page-background-meta":{"desktop":{"background-color":"","background-image":"","background-repeat":"repeat","background-position":"center center","background-size":"auto","background-attachment":"scroll","background-type":"","background-media":"","overlay-type":"","overlay-color":"","overlay-opacity":"","overlay-gradient":""},"tablet":{"background-color":"","background-image":"","background-repeat":"repeat","background-position":"center center","background-size":"auto","background-attachment":"scroll","background-type":"","background-media":"","overlay-type":"","overlay-color":"","overlay-opacity":"","overlay-gradient":""},"mobile":{"background-color":"","background-image":"","background-repeat":"repeat","background-position":"center center","background-size":"auto","background-attachment":"scroll","background-type":"","background-media":"","overlay-type":"","overlay-color":"","overlay-opacity":"","overlay-gradient":""}},"ast-content-background-meta":{"desktop":{"background-color":"var(--ast-global-color-5)","background-image":"","background-repeat":"repeat","background-position":"center center","background-size":"auto","background-attachment":"scroll","background-type":"","background-media":"","overlay-type":"","overlay-color":"","overlay-opacity":"","overlay-gradient":""},"tablet":{"background-color":"var(--ast-global-color-5)","background-image":"","background-repeat":"repeat","background-position":"center center","background-size":"auto","background-attachment":"scroll","background-type":"","background-media":"","overlay-type":"","overlay-color":"","overlay-opacity":"","overlay-gradient":""},"mobile":{"background-color":"var(--ast-global-color-5)","background-image":"","background-repeat":"repeat","background-position":"center center","background-size":"auto","background-attachment":"scroll","background-type":"","background-media":"","overlay-type":"","overlay-color":"","overlay-opacity":"","overlay-gradient":""}},"footnotes":""},"class_list":["post-234","page","type-page","status-publish","hentry"],"acf":[],"_links":{"self":[{"href":"https:\/\/www.tsg-leutkirch.de\/budo\/wp-json\/wp\/v2\/pages\/234","targetHints":{"allow":["GET"]}}],"collection":[{"href":"https:\/\/www.tsg-leutkirch.de\/budo\/wp-json\/wp\/v2\/pages"}],"about":[{"href":"https:\/\/www.tsg-leutkirch.de\/budo\/wp-json\/wp\/v2\/types\/page"}],"author":[{"embeddable":true,"href":"https:\/\/www.tsg-leutkirch.de\/budo\/wp-json\/wp\/v2\/users\/31"}],"replies":[{"embeddable":true,"href":"https:\/\/www.tsg-leutkirch.de\/budo\/wp-json\/wp\/v2\/comments?post=234"}],"version-history":[{"count":10,"href":"https:\/\/www.tsg-leutkirch.de\/budo\/wp-json\/wp\/v2\/pages\/234\/revisions"}],"predecessor-version":[{"id":386,"href":"https:\/\/www.tsg-leutkirch.de\/budo\/wp-json\/wp\/v2\/pages\/234\/revisions\/386"}],"wp:attachment":[{"href":"https:\/\/www.tsg-leutkirch.de\/budo\/wp-json\/wp\/v2\/media?parent=234"}],"curies":[{"name":"wp","href":"https:\/\/api.w.org\/{rel}","templated":true}]}}