{"id":92,"date":"2020-04-15T14:56:58","date_gmt":"2020-04-15T12:56:58","guid":{"rendered":"http:\/\/multitsg.iamhosting.de\/budo\/?page_id=92"},"modified":"2024-11-06T20:02:51","modified_gmt":"2024-11-06T19:02:51","slug":"aikido","status":"publish","type":"page","link":"https:\/\/www.tsg-leutkirch.de\/budo\/aikido\/","title":{"rendered":"Aikido"},"content":{"rendered":"\t\t<div data-elementor-type=\"wp-page\" data-elementor-id=\"92\" class=\"elementor elementor-92\" data-elementor-post-type=\"page\">\n\t\t\t\t\t\t<section class=\"elementor-section elementor-top-section elementor-element elementor-element-a09ce5e elementor-section-stretched elementor-section-content-middle elementor-section-height-min-height elementor-section-boxed elementor-section-height-default elementor-section-items-middle\" data-id=\"a09ce5e\" data-element_type=\"section\" data-e-type=\"section\" id=\"home\" data-settings=\"{&quot;stretch_section&quot;:&quot;section-stretched&quot;,&quot;background_background&quot;:&quot;classic&quot;,&quot;shape_divider_bottom&quot;:&quot;triangle-asymmetrical&quot;,&quot;shape_divider_bottom_negative&quot;:&quot;yes&quot;,&quot;jet_parallax_layout_list&quot;:[]}\">\n\t\t\t\t\t<div class=\"elementor-shape elementor-shape-bottom\" aria-hidden=\"true\" data-negative=\"true\">\n\t\t\t<svg xmlns=\"http:\/\/www.w3.org\/2000\/svg\" viewBox=\"0 0 1000 100\" preserveAspectRatio=\"none\">\n\t<path class=\"elementor-shape-fill\" d=\"M737.9,94.7L0,0v100h1000V0L737.9,94.7z\"\/>\n<\/svg>\t\t<\/div>\n\t\t\t\t\t<div class=\"elementor-container elementor-column-gap-default\">\n\t\t\t\t\t<div class=\"elementor-column elementor-col-100 elementor-top-column elementor-element elementor-element-2f755dbe\" data-id=\"2f755dbe\" data-element_type=\"column\" data-e-type=\"column\">\n\t\t\t<div class=\"elementor-widget-wrap\">\n\t\t\t\t\t\t\t<\/div>\n\t\t<\/div>\n\t\t\t\t\t<\/div>\n\t\t<\/section>\n\t\t\t\t<section class=\"elementor-section elementor-top-section elementor-element elementor-element-345bde2 elementor-section-boxed elementor-section-height-default elementor-section-height-default\" data-id=\"345bde2\" data-element_type=\"section\" data-e-type=\"section\" data-settings=\"{&quot;jet_parallax_layout_list&quot;:[]}\">\n\t\t\t\t\t\t<div class=\"elementor-container elementor-column-gap-default\">\n\t\t\t\t\t<div class=\"elementor-column elementor-col-100 elementor-top-column elementor-element elementor-element-dca1eff\" data-id=\"dca1eff\" data-element_type=\"column\" data-e-type=\"column\">\n\t\t\t<div class=\"elementor-widget-wrap elementor-element-populated\">\n\t\t\t\t\t\t<div class=\"elementor-element elementor-element-2689d0b elementor-widget elementor-widget-heading\" data-id=\"2689d0b\" data-element_type=\"widget\" data-e-type=\"widget\" data-widget_type=\"heading.default\">\n\t\t\t\t<div class=\"elementor-widget-container\">\n\t\t\t\t\t<h1 class=\"elementor-heading-title elementor-size-default\">AIkido<\/h1>\t\t\t\t<\/div>\n\t\t\t\t<\/div>\n\t\t\t\t\t<\/div>\n\t\t<\/div>\n\t\t\t\t\t<\/div>\n\t\t<\/section>\n\t\t\t\t<section class=\"elementor-section elementor-top-section elementor-element elementor-element-eadf629 elementor-section-boxed elementor-section-height-default elementor-section-height-default\" data-id=\"eadf629\" data-element_type=\"section\" data-e-type=\"section\" data-settings=\"{&quot;jet_parallax_layout_list&quot;:[]}\">\n\t\t\t\t\t\t<div class=\"elementor-container elementor-column-gap-default\">\n\t\t\t\t\t<div class=\"elementor-column elementor-col-100 elementor-top-column elementor-element elementor-element-61d2e3c\" data-id=\"61d2e3c\" data-element_type=\"column\" data-e-type=\"column\">\n\t\t\t<div class=\"elementor-widget-wrap\">\n\t\t\t\t\t\t\t<\/div>\n\t\t<\/div>\n\t\t\t\t\t<\/div>\n\t\t<\/section>\n\t\t\t\t<section class=\"elementor-section elementor-top-section elementor-element elementor-element-132e9bc elementor-section-boxed elementor-section-height-default elementor-section-height-default\" data-id=\"132e9bc\" data-element_type=\"section\" data-e-type=\"section\" data-settings=\"{&quot;jet_parallax_layout_list&quot;:[]}\">\n\t\t\t\t\t\t<div class=\"elementor-container elementor-column-gap-default\">\n\t\t\t\t\t<div class=\"elementor-column elementor-col-50 elementor-top-column elementor-element elementor-element-c10eac1\" data-id=\"c10eac1\" data-element_type=\"column\" data-e-type=\"column\">\n\t\t\t<div class=\"elementor-widget-wrap elementor-element-populated\">\n\t\t\t\t\t\t<div class=\"elementor-element elementor-element-063e096 elementor-widget elementor-widget-image\" data-id=\"063e096\" data-element_type=\"widget\" data-e-type=\"widget\" data-widget_type=\"image.default\">\n\t\t\t\t<div class=\"elementor-widget-container\">\n\t\t\t\t\t\t\t\t\t\t\t\t\t\t\t<img fetchpriority=\"high\" decoding=\"async\" width=\"220\" height=\"270\" src=\"https:\/\/www.tsg-leutkirch.de\/budo\/wp-content\/uploads\/sites\/20\/2020\/04\/220px-morihei-ueshiba.jpg\" class=\"attachment-medium size-medium wp-image-137\" alt=\"\" \/>\t\t\t\t\t\t\t\t\t\t\t\t\t\t\t<\/div>\n\t\t\t\t<\/div>\n\t\t\t\t\t<\/div>\n\t\t<\/div>\n\t\t\t\t<div class=\"elementor-column elementor-col-50 elementor-top-column elementor-element elementor-element-e89d8e7\" data-id=\"e89d8e7\" data-element_type=\"column\" data-e-type=\"column\">\n\t\t\t<div class=\"elementor-widget-wrap elementor-element-populated\">\n\t\t\t\t\t\t<div class=\"elementor-element elementor-element-84b76a4 elementor-widget elementor-widget-text-editor\" data-id=\"84b76a4\" data-element_type=\"widget\" data-e-type=\"widget\" data-widget_type=\"text-editor.default\">\n\t\t\t\t<div class=\"elementor-widget-container\">\n\t\t\t\t\t\t\t\t\t<p>Morihei Ueshiba<\/p>\t\t\t\t\t\t\t\t<\/div>\n\t\t\t\t<\/div>\n\t\t\t\t\t<\/div>\n\t\t<\/div>\n\t\t\t\t\t<\/div>\n\t\t<\/section>\n\t\t\t\t<section class=\"elementor-section elementor-top-section elementor-element elementor-element-435b87f elementor-section-boxed elementor-section-height-default elementor-section-height-default\" data-id=\"435b87f\" data-element_type=\"section\" data-e-type=\"section\" data-settings=\"{&quot;jet_parallax_layout_list&quot;:[]}\">\n\t\t\t\t\t\t<div class=\"elementor-container elementor-column-gap-default\">\n\t\t\t\t\t<div class=\"elementor-column elementor-col-100 elementor-top-column elementor-element elementor-element-14a32ad\" data-id=\"14a32ad\" data-element_type=\"column\" data-e-type=\"column\">\n\t\t\t<div class=\"elementor-widget-wrap elementor-element-populated\">\n\t\t\t\t\t\t<div class=\"elementor-element elementor-element-81bbaba elementor-widget elementor-widget-heading\" data-id=\"81bbaba\" data-element_type=\"widget\" data-e-type=\"widget\" data-widget_type=\"heading.default\">\n\t\t\t\t<div class=\"elementor-widget-container\">\n\t\t\t\t\t<h2 class=\"elementor-heading-title elementor-size-default\">Was ist Aikido?<\/h2>\t\t\t\t<\/div>\n\t\t\t\t<\/div>\n\t\t\t\t<div class=\"elementor-element elementor-element-1de7b71 elementor-widget elementor-widget-text-editor\" data-id=\"1de7b71\" data-element_type=\"widget\" data-e-type=\"widget\" data-widget_type=\"text-editor.default\">\n\t\t\t\t<div class=\"elementor-widget-container\">\n\t\t\t\t\t\t\t\t\t<p>Die Bedeutung des Begriffs &#8222;Aikido&#8220; ist vielschichtig. Die Silben\u00a0<a href=\"http:\/\/www.aikidoinfo.de\/aikido\/index.php?id=2&amp;suche=Ai\">Ai<\/a>,\u00a0<a href=\"http:\/\/www.aikidoinfo.de\/aikido\/index.php?id=2&amp;suche=Ki\">Ki<\/a>\u00a0und\u00a0<a href=\"http:\/\/www.aikidoinfo.de\/aikido\/index.php?id=2&amp;suche=Do\">Do<\/a>\u00a0bedeuten Harmonie (Ai), Lebensenergie (Ki) und Weg (Do). Der Begriff Aikido l\u00e4sst sich mit &#8222;Weg zur Harmonisierung der Energien&#8220; \u00fcbersetzen.<\/p><p>Aikido stammt aus Japan und wurde in der ersten H\u00e4lfte des 20. Jahrhunderts von<br \/><strong>Morihei Ueshiba<\/strong>\u00a0begr\u00fcndet und bis zu seinem Tod im Jahr 1969 st\u00e4ndig weiterentwickelt.<\/p><p>Im Aikido gibt es keinen Kampf (und auch keine Wettk\u00e4mpfe), da es darum geht, die \u00fcbliche Haltung abzulegen, jemand anders &#8222;besiegen&#8220; zu wollen. Aikido ist die \u201cKampfkunst\u201d, die die \u00dcberwindung des Kampfes selbst zum Ziel hat. Die Techniken beruhen darauf, einem Angriff nicht durch Abblocken oder einen Gegenangriff zu begegnen, sondern den Angreifer so zu f\u00fchren, dass niemand verletzt wird, auch er selbst nicht.<\/p><p>Die Faszination des Aikido beruht auf der Ausgewogenheit der \u00dcbungen, dem Wechsel zwischen\u00a0<strong>dynamischer Bewegung<\/strong>\u00a0und\u00a0<strong>meditativen Elementen<\/strong>. Damit werden die Bed\u00fcrfnisse von K\u00f6rper, Seele und Geist zugleich angesprochen.<\/p><p>Wenn man dann die Prinzipien des Aikido auf das t\u00e4gliche Leben \u00fcbertr\u00e4gt, kann man gro\u00dfen Nutzen daraus ziehen &#8211; im Umgang mit sich selbst und mit anderen.<\/p><p><strong>Das Training im Dojo:<br \/><\/strong>Das Training selbst besteht zun\u00e4chst aus Dehn- und Atem\u00fcbungen, sowie \u00dcbungen zur Konzentration, zur F\u00f6rderung der Beweglichkeit, und anschlie\u00dfend den eigentlichen Aikido-Techniken. Diese Techniken zielen auf eine ausgeglichene \u00e4u\u00dfere (K\u00f6rper-) und innere (Geistes-) Haltung ab. Im Aikido wird fast immer mit Partner ge\u00fcbt, wobei abwechselnd einer die Rolle des Angreifers und einer die des Verteidigers einnimmt.<br \/>An die Stelle von Krafteinsatz setzen wir Entspannung und Bewegung. Am Ende des Trainings wird eine Stock-Kata ( =festgelegte Reihenfolge von Stocktechniken ) ge\u00fcbt.<\/p><p>Anf\u00e4nger und Fortgeschrittene trainieren zusammen.<\/p>\t\t\t\t\t\t\t\t<\/div>\n\t\t\t\t<\/div>\n\t\t\t\t\t<\/div>\n\t\t<\/div>\n\t\t\t\t\t<\/div>\n\t\t<\/section>\n\t\t\t\t<\/div>\n\t\t","protected":false},"excerpt":{"rendered":"<p>AIkido Morihei Ueshiba Was ist Aikido? Die Bedeutung des Begriffs &#8222;Aikido&#8220; ist vielschichtig. Die Silben\u00a0Ai,\u00a0Ki\u00a0und\u00a0Do\u00a0bedeuten Harmonie (Ai), Lebensenergie (Ki) und Weg (Do). Der Begriff Aikido l\u00e4sst sich mit &#8222;Weg zur Harmonisierung der Energien&#8220; \u00fcbersetzen. Aikido stammt aus Japan und wurde in der ersten H\u00e4lfte des 20. Jahrhunderts vonMorihei Ueshiba\u00a0begr\u00fcndet und bis zu seinem Tod im [&hellip;]<\/p>\n","protected":false},"author":2,"featured_media":0,"parent":0,"menu_order":2,"comment_status":"closed","ping_status":"open","template":"","meta":{"_acf_changed":false,"site-sidebar-layout":"no-sidebar","site-content-layout":"page-builder","ast-site-content-layout":"default","site-content-style":"default","site-sidebar-style":"default","ast-global-header-display":"","ast-banner-title-visibility":"","ast-main-header-display":"","ast-hfb-above-header-display":"","ast-hfb-below-header-display":"","ast-hfb-mobile-header-display":"","site-post-title":"disabled","ast-breadcrumbs-content":"","ast-featured-img":"disabled","footer-sml-layout":"","ast-disable-related-posts":"","theme-transparent-header-meta":"default","adv-header-id-meta":"","stick-header-meta":"default","header-above-stick-meta":"","header-main-stick-meta":"","header-below-stick-meta":"","astra-migrate-meta-layouts":"default","ast-page-background-enabled":"default","ast-page-background-meta":{"desktop":{"background-color":"","background-image":"","background-repeat":"repeat","background-position":"center center","background-size":"auto","background-attachment":"scroll","background-type":"","background-media":"","overlay-type":"","overlay-color":"","overlay-opacity":"","overlay-gradient":""},"tablet":{"background-color":"","background-image":"","background-repeat":"repeat","background-position":"center center","background-size":"auto","background-attachment":"scroll","background-type":"","background-media":"","overlay-type":"","overlay-color":"","overlay-opacity":"","overlay-gradient":""},"mobile":{"background-color":"","background-image":"","background-repeat":"repeat","background-position":"center center","background-size":"auto","background-attachment":"scroll","background-type":"","background-media":"","overlay-type":"","overlay-color":"","overlay-opacity":"","overlay-gradient":""}},"ast-content-background-meta":{"desktop":{"background-color":"var(--ast-global-color-5)","background-image":"","background-repeat":"repeat","background-position":"center center","background-size":"auto","background-attachment":"scroll","background-type":"","background-media":"","overlay-type":"","overlay-color":"","overlay-opacity":"","overlay-gradient":""},"tablet":{"background-color":"var(--ast-global-color-5)","background-image":"","background-repeat":"repeat","background-position":"center center","background-size":"auto","background-attachment":"scroll","background-type":"","background-media":"","overlay-type":"","overlay-color":"","overlay-opacity":"","overlay-gradient":""},"mobile":{"background-color":"var(--ast-global-color-5)","background-image":"","background-repeat":"repeat","background-position":"center center","background-size":"auto","background-attachment":"scroll","background-type":"","background-media":"","overlay-type":"","overlay-color":"","overlay-opacity":"","overlay-gradient":""}},"footnotes":""},"class_list":["post-92","page","type-page","status-publish","hentry"],"acf":[],"_links":{"self":[{"href":"https:\/\/www.tsg-leutkirch.de\/budo\/wp-json\/wp\/v2\/pages\/92","targetHints":{"allow":["GET"]}}],"collection":[{"href":"https:\/\/www.tsg-leutkirch.de\/budo\/wp-json\/wp\/v2\/pages"}],"about":[{"href":"https:\/\/www.tsg-leutkirch.de\/budo\/wp-json\/wp\/v2\/types\/page"}],"author":[{"embeddable":true,"href":"https:\/\/www.tsg-leutkirch.de\/budo\/wp-json\/wp\/v2\/users\/2"}],"replies":[{"embeddable":true,"href":"https:\/\/www.tsg-leutkirch.de\/budo\/wp-json\/wp\/v2\/comments?post=92"}],"version-history":[{"count":10,"href":"https:\/\/www.tsg-leutkirch.de\/budo\/wp-json\/wp\/v2\/pages\/92\/revisions"}],"predecessor-version":[{"id":416,"href":"https:\/\/www.tsg-leutkirch.de\/budo\/wp-json\/wp\/v2\/pages\/92\/revisions\/416"}],"wp:attachment":[{"href":"https:\/\/www.tsg-leutkirch.de\/budo\/wp-json\/wp\/v2\/media?parent=92"}],"curies":[{"name":"wp","href":"https:\/\/api.w.org\/{rel}","templated":true}]}}