{"id":98,"date":"2020-04-15T15:02:29","date_gmt":"2020-04-15T13:02:29","guid":{"rendered":"http:\/\/multitsg.iamhosting.de\/budo\/?page_id=98"},"modified":"2020-10-27T20:31:55","modified_gmt":"2020-10-27T19:31:55","slug":"judo","status":"publish","type":"page","link":"https:\/\/www.tsg-leutkirch.de\/budo\/judo\/","title":{"rendered":"Judo"},"content":{"rendered":"\t\t<div data-elementor-type=\"wp-page\" data-elementor-id=\"98\" class=\"elementor elementor-98\" data-elementor-post-type=\"page\">\n\t\t\t\t\t\t<section class=\"elementor-section elementor-top-section elementor-element elementor-element-a09ce5e elementor-section-stretched elementor-section-content-middle elementor-section-height-min-height elementor-section-boxed elementor-section-height-default elementor-section-items-middle\" data-id=\"a09ce5e\" data-element_type=\"section\" data-e-type=\"section\" id=\"home\" data-settings=\"{&quot;stretch_section&quot;:&quot;section-stretched&quot;,&quot;background_background&quot;:&quot;classic&quot;,&quot;shape_divider_bottom&quot;:&quot;triangle-asymmetrical&quot;,&quot;shape_divider_bottom_negative&quot;:&quot;yes&quot;,&quot;jet_parallax_layout_list&quot;:[]}\">\n\t\t\t\t\t<div class=\"elementor-shape elementor-shape-bottom\" aria-hidden=\"true\" data-negative=\"true\">\n\t\t\t<svg xmlns=\"http:\/\/www.w3.org\/2000\/svg\" viewBox=\"0 0 1000 100\" preserveAspectRatio=\"none\">\n\t<path class=\"elementor-shape-fill\" d=\"M737.9,94.7L0,0v100h1000V0L737.9,94.7z\"\/>\n<\/svg>\t\t<\/div>\n\t\t\t\t\t<div class=\"elementor-container elementor-column-gap-default\">\n\t\t\t\t\t<div class=\"elementor-column elementor-col-100 elementor-top-column elementor-element elementor-element-2f755dbe\" data-id=\"2f755dbe\" data-element_type=\"column\" data-e-type=\"column\">\n\t\t\t<div class=\"elementor-widget-wrap\">\n\t\t\t\t\t\t\t<\/div>\n\t\t<\/div>\n\t\t\t\t\t<\/div>\n\t\t<\/section>\n\t\t\t\t<section class=\"elementor-section elementor-top-section elementor-element elementor-element-345bde2 elementor-section-boxed elementor-section-height-default elementor-section-height-default\" data-id=\"345bde2\" data-element_type=\"section\" data-e-type=\"section\" data-settings=\"{&quot;jet_parallax_layout_list&quot;:[]}\">\n\t\t\t\t\t\t<div class=\"elementor-container elementor-column-gap-default\">\n\t\t\t\t\t<div class=\"elementor-column elementor-col-100 elementor-top-column elementor-element elementor-element-dca1eff\" data-id=\"dca1eff\" data-element_type=\"column\" data-e-type=\"column\">\n\t\t\t<div class=\"elementor-widget-wrap elementor-element-populated\">\n\t\t\t\t\t\t<div class=\"elementor-element elementor-element-2689d0b elementor-widget elementor-widget-heading\" data-id=\"2689d0b\" data-element_type=\"widget\" data-e-type=\"widget\" data-widget_type=\"heading.default\">\n\t\t\t\t<div class=\"elementor-widget-container\">\n\t\t\t\t\t<h1 class=\"elementor-heading-title elementor-size-default\">Judo<\/h1>\t\t\t\t<\/div>\n\t\t\t\t<\/div>\n\t\t\t\t\t<\/div>\n\t\t<\/div>\n\t\t\t\t\t<\/div>\n\t\t<\/section>\n\t\t\t\t<section class=\"elementor-section elementor-top-section elementor-element elementor-element-435b87f elementor-section-boxed elementor-section-height-default elementor-section-height-default\" data-id=\"435b87f\" data-element_type=\"section\" data-e-type=\"section\" data-settings=\"{&quot;jet_parallax_layout_list&quot;:[]}\">\n\t\t\t\t\t\t<div class=\"elementor-container elementor-column-gap-default\">\n\t\t\t\t\t<div class=\"elementor-column elementor-col-100 elementor-top-column elementor-element elementor-element-14a32ad\" data-id=\"14a32ad\" data-element_type=\"column\" data-e-type=\"column\">\n\t\t\t<div class=\"elementor-widget-wrap elementor-element-populated\">\n\t\t\t\t\t\t<div class=\"elementor-element elementor-element-1de7b71 elementor-widget elementor-widget-text-editor\" data-id=\"1de7b71\" data-element_type=\"widget\" data-e-type=\"widget\" data-widget_type=\"text-editor.default\">\n\t\t\t\t<div class=\"elementor-widget-container\">\n\t\t\t\t\t\t\t\t\t<p>Judo = (w\u00f6rtlich) sanfter Weg ist eine japanische Kampfsportart, deren Prinzip \u201eSiegen durch Nachgeben\u201d beziehungsweise \u201emaximale Wirkung bei einem Minimum an Aufwand\u201d ist. Der Begr\u00fcnder des Judo ist Professor Dr. Jigoro Kano. Die darauf basierenden Judo\/Jiu-Jitsu-Vorl\u00e4uferformen wurden Anfang des 20. Jahrhunderts f\u00fcr den Wettkampf angepasst, das hei\u00dft viele, urspr\u00fcnglich noch zahlreich enthaltene, Waffen-, Tritt- und Schlagtechniken wurden entfernt, um aus einer Kunst bis dahin vorwiegend zur Selbstverteidigung, eine ganzheitliche Lehre f\u00fcr K\u00f6rper und Geist zu machen. Die verbliebenen Techniken sind haupts\u00e4chlich W\u00fcrfe, Halte- und W\u00fcrgetechniken sowie Armhebel.<br \/><br \/>Judo ist nicht ausschlie\u00dflich ein Weg der Leibesert\u00fcchtigung, sondern dar\u00fcber hinaus auch eine Philosophie zur Pers\u00f6nlichkeitsentwicklung. Zwei philosophische Grundprinzipien liegen dem Judo im Wesentlichen zugrunde:<br \/><br \/>1:<br \/>Das gegenseitige Helfen und Verstehen zum beiderseitigen Fortschritt und Wohlergehen (jita-kyoei).<br \/><br \/>2:<br \/>Der bestm\u00f6gliche Einsatz von K\u00f6rper und Geist (sei-ryoku-zenyo).<br \/><br \/>Ziel ist es, diese Prinzipien als eine Haltung in sich zu tragen und auf der Judomatte (Tatami) bewusst in jeder Bewegung zum Ausdruck zu bringen. Ein Judo-Meister h\u00f6re demnach niemals auf, Judo zu praktizieren, auch wenn er nicht im Dojo (Trainingshalle) ist.<\/p>\t\t\t\t\t\t\t\t<\/div>\n\t\t\t\t<\/div>\n\t\t\t\t\t<\/div>\n\t\t<\/div>\n\t\t\t\t\t<\/div>\n\t\t<\/section>\n\t\t\t\t<section class=\"elementor-section elementor-top-section elementor-element elementor-element-3fa1b77 elementor-section-boxed elementor-section-height-default elementor-section-height-default\" data-id=\"3fa1b77\" data-element_type=\"section\" data-e-type=\"section\" data-settings=\"{&quot;jet_parallax_layout_list&quot;:[]}\">\n\t\t\t\t\t\t<div class=\"elementor-container elementor-column-gap-default\">\n\t\t\t\t\t<div class=\"elementor-column elementor-col-100 elementor-top-column elementor-element elementor-element-68c6cb8\" data-id=\"68c6cb8\" data-element_type=\"column\" data-e-type=\"column\">\n\t\t\t<div class=\"elementor-widget-wrap elementor-element-populated\">\n\t\t\t\t\t\t<div class=\"elementor-element elementor-element-5016180 elementor-widget elementor-widget-gallery\" data-id=\"5016180\" data-element_type=\"widget\" data-e-type=\"widget\" data-settings=\"{&quot;gallery_layout&quot;:&quot;justified&quot;,&quot;ideal_row_height&quot;:{&quot;unit&quot;:&quot;px&quot;,&quot;size&quot;:230,&quot;sizes&quot;:[]},&quot;lazyload&quot;:&quot;yes&quot;,&quot;ideal_row_height_tablet&quot;:{&quot;unit&quot;:&quot;px&quot;,&quot;size&quot;:150,&quot;sizes&quot;:[]},&quot;ideal_row_height_mobile&quot;:{&quot;unit&quot;:&quot;px&quot;,&quot;size&quot;:150,&quot;sizes&quot;:[]},&quot;gap&quot;:{&quot;unit&quot;:&quot;px&quot;,&quot;size&quot;:10,&quot;sizes&quot;:[]},&quot;gap_tablet&quot;:{&quot;unit&quot;:&quot;px&quot;,&quot;size&quot;:10,&quot;sizes&quot;:[]},&quot;gap_mobile&quot;:{&quot;unit&quot;:&quot;px&quot;,&quot;size&quot;:10,&quot;sizes&quot;:[]},&quot;link_to&quot;:&quot;file&quot;,&quot;overlay_background&quot;:&quot;yes&quot;,&quot;content_hover_animation&quot;:&quot;fade-in&quot;}\" data-widget_type=\"gallery.default\">\n\t\t\t\t<div class=\"elementor-widget-container\">\n\t\t\t\t\t\t\t<div class=\"elementor-gallery__container\">\n\t\t\t\t\t\t\t<a class=\"e-gallery-item elementor-gallery-item elementor-animated-content\" href=\"https:\/\/www.tsg-leutkirch.de\/budo\/wp-content\/uploads\/sites\/20\/2020\/04\/p1030524.jpg\" data-elementor-open-lightbox=\"yes\" data-elementor-lightbox-slideshow=\"5016180\" data-elementor-lightbox-title=\"p1030524\" data-e-action-hash=\"#elementor-action%3Aaction%3Dlightbox%26settings%3DeyJpZCI6MTQ0LCJ1cmwiOiJodHRwczpcL1wvd3d3LnRzZy1sZXV0a2lyY2guZGVcL2J1ZG9cL3dwLWNvbnRlbnRcL3VwbG9hZHNcL3NpdGVzXC8yMFwvMjAyMFwvMDRcL3AxMDMwNTI0LmpwZyIsInNsaWRlc2hvdyI6IjUwMTYxODAifQ%3D%3D\">\n\t\t\t\t\t<div class=\"e-gallery-image elementor-gallery-item__image\" data-thumbnail=\"https:\/\/www.tsg-leutkirch.de\/budo\/wp-content\/uploads\/sites\/20\/2020\/04\/p1030524-300x225.jpg\" data-width=\"300\" data-height=\"225\" aria-label=\"\" role=\"img\" ><\/div>\n\t\t\t\t\t\t\t\t\t\t\t<div class=\"elementor-gallery-item__overlay\"><\/div>\n\t\t\t\t\t\t\t\t\t\t\t\t\t\t<\/a>\n\t\t\t\t\t\t\t<a class=\"e-gallery-item elementor-gallery-item elementor-animated-content\" href=\"https:\/\/www.tsg-leutkirch.de\/budo\/wp-content\/uploads\/sites\/20\/2020\/04\/p1030506.jpg\" data-elementor-open-lightbox=\"yes\" data-elementor-lightbox-slideshow=\"5016180\" data-elementor-lightbox-title=\"p1030506\" data-e-action-hash=\"#elementor-action%3Aaction%3Dlightbox%26settings%3DeyJpZCI6MTQxLCJ1cmwiOiJodHRwczpcL1wvd3d3LnRzZy1sZXV0a2lyY2guZGVcL2J1ZG9cL3dwLWNvbnRlbnRcL3VwbG9hZHNcL3NpdGVzXC8yMFwvMjAyMFwvMDRcL3AxMDMwNTA2LmpwZyIsInNsaWRlc2hvdyI6IjUwMTYxODAifQ%3D%3D\">\n\t\t\t\t\t<div class=\"e-gallery-image elementor-gallery-item__image\" data-thumbnail=\"https:\/\/www.tsg-leutkirch.de\/budo\/wp-content\/uploads\/sites\/20\/2020\/04\/p1030506-300x225.jpg\" data-width=\"300\" data-height=\"225\" aria-label=\"\" role=\"img\" ><\/div>\n\t\t\t\t\t\t\t\t\t\t\t<div class=\"elementor-gallery-item__overlay\"><\/div>\n\t\t\t\t\t\t\t\t\t\t\t\t\t\t<\/a>\n\t\t\t\t\t\t\t<a class=\"e-gallery-item elementor-gallery-item elementor-animated-content\" href=\"https:\/\/www.tsg-leutkirch.de\/budo\/wp-content\/uploads\/sites\/20\/2020\/04\/p1030521.jpg\" data-elementor-open-lightbox=\"yes\" data-elementor-lightbox-slideshow=\"5016180\" data-elementor-lightbox-title=\"p1030521\" data-e-action-hash=\"#elementor-action%3Aaction%3Dlightbox%26settings%3DeyJpZCI6MTQzLCJ1cmwiOiJodHRwczpcL1wvd3d3LnRzZy1sZXV0a2lyY2guZGVcL2J1ZG9cL3dwLWNvbnRlbnRcL3VwbG9hZHNcL3NpdGVzXC8yMFwvMjAyMFwvMDRcL3AxMDMwNTIxLmpwZyIsInNsaWRlc2hvdyI6IjUwMTYxODAifQ%3D%3D\">\n\t\t\t\t\t<div class=\"e-gallery-image elementor-gallery-item__image\" data-thumbnail=\"https:\/\/www.tsg-leutkirch.de\/budo\/wp-content\/uploads\/sites\/20\/2020\/04\/p1030521-300x225.jpg\" data-width=\"300\" data-height=\"225\" aria-label=\"\" role=\"img\" ><\/div>\n\t\t\t\t\t\t\t\t\t\t\t<div class=\"elementor-gallery-item__overlay\"><\/div>\n\t\t\t\t\t\t\t\t\t\t\t\t\t\t<\/a>\n\t\t\t\t\t\t\t<a class=\"e-gallery-item elementor-gallery-item elementor-animated-content\" href=\"https:\/\/www.tsg-leutkirch.de\/budo\/wp-content\/uploads\/sites\/20\/2020\/04\/p1030509-1.jpg\" data-elementor-open-lightbox=\"yes\" data-elementor-lightbox-slideshow=\"5016180\" data-elementor-lightbox-title=\"p1030509\" data-e-action-hash=\"#elementor-action%3Aaction%3Dlightbox%26settings%3DeyJpZCI6MTQyLCJ1cmwiOiJodHRwczpcL1wvd3d3LnRzZy1sZXV0a2lyY2guZGVcL2J1ZG9cL3dwLWNvbnRlbnRcL3VwbG9hZHNcL3NpdGVzXC8yMFwvMjAyMFwvMDRcL3AxMDMwNTA5LTEuanBnIiwic2xpZGVzaG93IjoiNTAxNjE4MCJ9\">\n\t\t\t\t\t<div class=\"e-gallery-image elementor-gallery-item__image\" data-thumbnail=\"https:\/\/www.tsg-leutkirch.de\/budo\/wp-content\/uploads\/sites\/20\/2020\/04\/p1030509-1-300x225.jpg\" data-width=\"300\" data-height=\"225\" aria-label=\"\" role=\"img\" ><\/div>\n\t\t\t\t\t\t\t\t\t\t\t<div class=\"elementor-gallery-item__overlay\"><\/div>\n\t\t\t\t\t\t\t\t\t\t\t\t\t\t<\/a>\n\t\t\t\t\t<\/div>\n\t\t\t\t\t<\/div>\n\t\t\t\t<\/div>\n\t\t\t\t\t<\/div>\n\t\t<\/div>\n\t\t\t\t\t<\/div>\n\t\t<\/section>\n\t\t\t\t<\/div>\n\t\t","protected":false},"excerpt":{"rendered":"<p>Judo Judo = (w\u00f6rtlich) sanfter Weg ist eine japanische Kampfsportart, deren Prinzip \u201eSiegen durch Nachgeben\u201d beziehungsweise \u201emaximale Wirkung bei einem Minimum an Aufwand\u201d ist. Der Begr\u00fcnder des Judo ist Professor Dr. Jigoro Kano. Die darauf basierenden Judo\/Jiu-Jitsu-Vorl\u00e4uferformen wurden Anfang des 20. Jahrhunderts f\u00fcr den Wettkampf angepasst, das hei\u00dft viele, urspr\u00fcnglich noch zahlreich enthaltene, Waffen-, Tritt- [&hellip;]<\/p>\n","protected":false},"author":2,"featured_media":0,"parent":0,"menu_order":3,"comment_status":"closed","ping_status":"open","template":"","meta":{"_acf_changed":false,"site-sidebar-layout":"no-sidebar","site-content-layout":"page-builder","ast-site-content-layout":"default","site-content-style":"default","site-sidebar-style":"default","ast-global-header-display":"","ast-banner-title-visibility":"","ast-main-header-display":"","ast-hfb-above-header-display":"","ast-hfb-below-header-display":"","ast-hfb-mobile-header-display":"","site-post-title":"disabled","ast-breadcrumbs-content":"","ast-featured-img":"disabled","footer-sml-layout":"","ast-disable-related-posts":"","theme-transparent-header-meta":"default","adv-header-id-meta":"","stick-header-meta":"default","header-above-stick-meta":"","header-main-stick-meta":"","header-below-stick-meta":"","astra-migrate-meta-layouts":"default","ast-page-background-enabled":"default","ast-page-background-meta":{"desktop":{"background-color":"","background-image":"","background-repeat":"repeat","background-position":"center center","background-size":"auto","background-attachment":"scroll","background-type":"","background-media":"","overlay-type":"","overlay-color":"","overlay-opacity":"","overlay-gradient":""},"tablet":{"background-color":"","background-image":"","background-repeat":"repeat","background-position":"center center","background-size":"auto","background-attachment":"scroll","background-type":"","background-media":"","overlay-type":"","overlay-color":"","overlay-opacity":"","overlay-gradient":""},"mobile":{"background-color":"","background-image":"","background-repeat":"repeat","background-position":"center center","background-size":"auto","background-attachment":"scroll","background-type":"","background-media":"","overlay-type":"","overlay-color":"","overlay-opacity":"","overlay-gradient":""}},"ast-content-background-meta":{"desktop":{"background-color":"var(--ast-global-color-5)","background-image":"","background-repeat":"repeat","background-position":"center center","background-size":"auto","background-attachment":"scroll","background-type":"","background-media":"","overlay-type":"","overlay-color":"","overlay-opacity":"","overlay-gradient":""},"tablet":{"background-color":"var(--ast-global-color-5)","background-image":"","background-repeat":"repeat","background-position":"center center","background-size":"auto","background-attachment":"scroll","background-type":"","background-media":"","overlay-type":"","overlay-color":"","overlay-opacity":"","overlay-gradient":""},"mobile":{"background-color":"var(--ast-global-color-5)","background-image":"","background-repeat":"repeat","background-position":"center center","background-size":"auto","background-attachment":"scroll","background-type":"","background-media":"","overlay-type":"","overlay-color":"","overlay-opacity":"","overlay-gradient":""}},"footnotes":""},"class_list":["post-98","page","type-page","status-publish","hentry"],"acf":[],"_links":{"self":[{"href":"https:\/\/www.tsg-leutkirch.de\/budo\/wp-json\/wp\/v2\/pages\/98","targetHints":{"allow":["GET"]}}],"collection":[{"href":"https:\/\/www.tsg-leutkirch.de\/budo\/wp-json\/wp\/v2\/pages"}],"about":[{"href":"https:\/\/www.tsg-leutkirch.de\/budo\/wp-json\/wp\/v2\/types\/page"}],"author":[{"embeddable":true,"href":"https:\/\/www.tsg-leutkirch.de\/budo\/wp-json\/wp\/v2\/users\/2"}],"replies":[{"embeddable":true,"href":"https:\/\/www.tsg-leutkirch.de\/budo\/wp-json\/wp\/v2\/comments?post=98"}],"version-history":[{"count":5,"href":"https:\/\/www.tsg-leutkirch.de\/budo\/wp-json\/wp\/v2\/pages\/98\/revisions"}],"predecessor-version":[{"id":146,"href":"https:\/\/www.tsg-leutkirch.de\/budo\/wp-json\/wp\/v2\/pages\/98\/revisions\/146"}],"wp:attachment":[{"href":"https:\/\/www.tsg-leutkirch.de\/budo\/wp-json\/wp\/v2\/media?parent=98"}],"curies":[{"name":"wp","href":"https:\/\/api.w.org\/{rel}","templated":true}]}}