{"id":159,"date":"2020-04-16T12:18:24","date_gmt":"2020-04-16T10:18:24","guid":{"rendered":"http:\/\/multitsg.iamhosting.de\/leichtathletik\/?page_id=159"},"modified":"2025-05-18T20:35:41","modified_gmt":"2025-05-18T18:35:41","slug":"sportabzeichen","status":"publish","type":"page","link":"https:\/\/www.tsg-leutkirch.de\/leichtathletik\/sportabzeichen\/","title":{"rendered":"Sportabzeichen"},"content":{"rendered":"\t\t<div data-elementor-type=\"wp-page\" data-elementor-id=\"159\" class=\"elementor elementor-159\" data-elementor-post-type=\"page\">\n\t\t\t\t\t\t<section class=\"elementor-section elementor-top-section elementor-element elementor-element-23fc1ed elementor-section-stretched elementor-section-content-middle elementor-section-height-min-height elementor-section-boxed elementor-section-height-default elementor-section-items-middle\" data-id=\"23fc1ed\" data-element_type=\"section\" data-e-type=\"section\" data-settings=\"{&quot;stretch_section&quot;:&quot;section-stretched&quot;,&quot;background_background&quot;:&quot;classic&quot;,&quot;shape_divider_bottom&quot;:&quot;triangle-asymmetrical&quot;,&quot;shape_divider_bottom_negative&quot;:&quot;yes&quot;,&quot;jet_parallax_layout_list&quot;:[]}\">\n\t\t\t\t\t<div class=\"elementor-shape elementor-shape-bottom\" aria-hidden=\"true\" data-negative=\"true\">\n\t\t\t<svg xmlns=\"http:\/\/www.w3.org\/2000\/svg\" viewBox=\"0 0 1000 100\" preserveAspectRatio=\"none\">\n\t<path class=\"elementor-shape-fill\" d=\"M737.9,94.7L0,0v100h1000V0L737.9,94.7z\"\/>\n<\/svg>\t\t<\/div>\n\t\t\t\t\t<div class=\"elementor-container elementor-column-gap-default\">\n\t\t\t\t\t<div class=\"elementor-column elementor-col-100 elementor-top-column elementor-element elementor-element-59eaae5\" data-id=\"59eaae5\" data-element_type=\"column\" data-e-type=\"column\">\n\t\t\t<div class=\"elementor-widget-wrap elementor-element-populated\">\n\t\t\t\t\t\t<div class=\"elementor-element elementor-element-ef05437 elementor-widget elementor-widget-heading\" data-id=\"ef05437\" data-element_type=\"widget\" data-e-type=\"widget\" data-widget_type=\"heading.default\">\n\t\t\t\t<div class=\"elementor-widget-container\">\n\t\t\t\t\t<h2 class=\"elementor-heading-title elementor-size-default\"><span class=\"elementor-heading-title elementor-size-default elementor-inline-editing pen\" data-elementor-setting-key=\"title\" data-pen-placeholder=\"Eingabe hier...\" style=\"font-size: 4em;font-style: normal;clear: both;line-height: 1.2\">Sportabzeichen<\/span><\/h2>\t\t\t\t<\/div>\n\t\t\t\t<\/div>\n\t\t\t\t\t<\/div>\n\t\t<\/div>\n\t\t\t\t\t<\/div>\n\t\t<\/section>\n\t\t\t\t<section class=\"elementor-section elementor-top-section elementor-element elementor-element-4edd838 elementor-section-boxed elementor-section-height-default elementor-section-height-default\" data-id=\"4edd838\" data-element_type=\"section\" data-e-type=\"section\" data-settings=\"{&quot;jet_parallax_layout_list&quot;:[]}\">\n\t\t\t\t\t\t<div class=\"elementor-container elementor-column-gap-default\">\n\t\t\t\t\t<div class=\"elementor-column elementor-col-100 elementor-top-column elementor-element elementor-element-7ff4c73\" data-id=\"7ff4c73\" data-element_type=\"column\" data-e-type=\"column\">\n\t\t\t<div class=\"elementor-widget-wrap elementor-element-populated\">\n\t\t\t\t\t\t<div class=\"elementor-element elementor-element-331c062 elementor-widget elementor-widget-heading\" data-id=\"331c062\" data-element_type=\"widget\" data-e-type=\"widget\" data-widget_type=\"heading.default\">\n\t\t\t\t<div class=\"elementor-widget-container\">\n\t\t\t\t\t<h2 class=\"elementor-heading-title elementor-size-default\">Deutsches Sportabzeichen 2024<\/h2>\t\t\t\t<\/div>\n\t\t\t\t<\/div>\n\t\t\t\t<div class=\"elementor-element elementor-element-b4ba9df elementor-widget elementor-widget-text-editor\" data-id=\"b4ba9df\" data-element_type=\"widget\" data-e-type=\"widget\" data-widget_type=\"text-editor.default\">\n\t\t\t\t<div class=\"elementor-widget-container\">\n\t\t\t\t\t\t\t\t\t<p><span style=\"font-size: 16px\">Bei uns k\u00f6nnen Sie das Deutsche Sportabzeichen ablegen. \u00a0<\/span><\/p><p>Ansprechpartner f\u00fcr dringende Fragen (z.B. Sportabzeichen f\u00fcr Bewerber der Polizei, Bundeswehr und Zoll) ist Roswitha Maischberger.<\/p><p>Tel. 07565\/9443003<\/p><p>E-Mail: roswitha.maischberger@gmx.de<\/p><p>\u00a0<\/p>\t\t\t\t\t\t\t\t<\/div>\n\t\t\t\t<\/div>\n\t\t\t\t<div class=\"elementor-element elementor-element-40ac1d8 elementor-widget elementor-widget-text-editor\" data-id=\"40ac1d8\" data-element_type=\"widget\" data-e-type=\"widget\" data-widget_type=\"text-editor.default\">\n\t\t\t\t<div class=\"elementor-widget-container\">\n\t\t\t\t\t\t\t\t\t<p><strong style=\"font-size: 16px\">\u00a0<\/strong><strong style=\"font-size: 16px;font-family: var( --e-global-typography-text-font-family ), Sans-serif\">Roswitha, Heike, Silvia, Johanna, Mattea,<\/strong><\/p><p><strong>Michael und Walter!<\/strong><\/p>\t\t\t\t\t\t\t\t<\/div>\n\t\t\t\t<\/div>\n\t\t\t\t\t<\/div>\n\t\t<\/div>\n\t\t\t\t\t<\/div>\n\t\t<\/section>\n\t\t\t\t<section class=\"elementor-section elementor-top-section elementor-element elementor-element-3043497 elementor-section-boxed elementor-section-height-default elementor-section-height-default\" data-id=\"3043497\" data-element_type=\"section\" data-e-type=\"section\" data-settings=\"{&quot;jet_parallax_layout_list&quot;:[]}\">\n\t\t\t\t\t\t<div class=\"elementor-container elementor-column-gap-default\">\n\t\t\t\t\t<div class=\"elementor-column elementor-col-50 elementor-top-column elementor-element elementor-element-2f440d8\" data-id=\"2f440d8\" data-element_type=\"column\" data-e-type=\"column\">\n\t\t\t<div class=\"elementor-widget-wrap elementor-element-populated\">\n\t\t\t\t\t\t<div class=\"elementor-element elementor-element-e2ec38f elementor-widget elementor-widget-image\" data-id=\"e2ec38f\" data-element_type=\"widget\" data-e-type=\"widget\" data-widget_type=\"image.default\">\n\t\t\t\t<div class=\"elementor-widget-container\">\n\t\t\t\t\t\t\t\t\t\t\t\t\t\t\t<img fetchpriority=\"high\" decoding=\"async\" width=\"661\" height=\"600\" src=\"https:\/\/www.tsg-leutkirch.de\/leichtathletik\/wp-content\/uploads\/sites\/25\/2023\/05\/csm_Sportabzeichen_273e791f6a.png\" class=\"attachment-large size-large wp-image-327\" alt=\"\" srcset=\"https:\/\/www.tsg-leutkirch.de\/leichtathletik\/wp-content\/uploads\/sites\/25\/2023\/05\/csm_Sportabzeichen_273e791f6a.png 661w, https:\/\/www.tsg-leutkirch.de\/leichtathletik\/wp-content\/uploads\/sites\/25\/2023\/05\/csm_Sportabzeichen_273e791f6a-300x272.png 300w\" sizes=\"(max-width: 661px) 100vw, 661px\" \/>\t\t\t\t\t\t\t\t\t\t\t\t\t\t\t<\/div>\n\t\t\t\t<\/div>\n\t\t\t\t\t<\/div>\n\t\t<\/div>\n\t\t\t\t<div class=\"elementor-column elementor-col-50 elementor-top-column elementor-element elementor-element-7c5246c\" data-id=\"7c5246c\" data-element_type=\"column\" data-e-type=\"column\">\n\t\t\t<div class=\"elementor-widget-wrap elementor-element-populated\">\n\t\t\t\t\t\t<div class=\"elementor-element elementor-element-e2fb636 elementor-widget elementor-widget-heading\" data-id=\"e2fb636\" data-element_type=\"widget\" data-e-type=\"widget\" data-widget_type=\"heading.default\">\n\t\t\t\t<div class=\"elementor-widget-container\">\n\t\t\t\t\t<h2 class=\"elementor-heading-title elementor-size-default\">107 Leutkircher Freizeitsportler erhalten das Deutsche Sportabzeichen 2024<\/h2>\t\t\t\t<\/div>\n\t\t\t\t<\/div>\n\t\t\t\t\t<\/div>\n\t\t<\/div>\n\t\t\t\t\t<\/div>\n\t\t<\/section>\n\t\t\t\t<section class=\"elementor-section elementor-top-section elementor-element elementor-element-96f6252 elementor-section-boxed elementor-section-height-default elementor-section-height-default\" data-id=\"96f6252\" data-element_type=\"section\" data-e-type=\"section\" data-settings=\"{&quot;jet_parallax_layout_list&quot;:[]}\">\n\t\t\t\t\t\t<div class=\"elementor-container elementor-column-gap-default\">\n\t\t\t\t\t<div class=\"elementor-column elementor-col-100 elementor-top-column elementor-element elementor-element-3eca309\" data-id=\"3eca309\" data-element_type=\"column\" data-e-type=\"column\">\n\t\t\t<div class=\"elementor-widget-wrap elementor-element-populated\">\n\t\t\t\t\t\t<div class=\"elementor-element elementor-element-bd6e042 elementor-widget elementor-widget-text-editor\" data-id=\"bd6e042\" data-element_type=\"widget\" data-e-type=\"widget\" data-widget_type=\"text-editor.default\">\n\t\t\t\t<div class=\"elementor-widget-container\">\n\t\t\t\t\t\t\t\t\t<p style=\"margin: 0cm;font-size: medium;font-family: 'Times New Roman', serif;color: #000000;font-style: normal;line-height: 14pt\"><b><u><span lang=\"DE\" style=\"font-size: 14pt;font-family: Verdana, sans-serif\">Jahresr\u00fcckblick Deutsches Sportabzeichen 2024:<\/span><\/u><\/b><b><u><\/u><\/b><\/p>\n<p style=\"margin: 0cm;font-size: medium;font-family: 'Times New Roman', serif;color: #000000;font-style: normal\"><b><span lang=\"DE\" style=\"font-family: Verdana, sans-serif\">&nbsp;<\/span><\/b><\/p>\n<p style=\"margin: 0cm;font-size: medium;font-family: 'Times New Roman', serif;color: #000000;font-style: normal\"><span lang=\"DE\" style=\"font-family: Verdana, sans-serif\">&nbsp;<\/span><\/p>\n<p style=\"margin: 0cm -14.3pt 0cm 0cm;font-size: medium;font-family: 'Times New Roman', serif;color: #000000;font-style: normal\"><b><span lang=\"DE\" style=\"font-family: Verdana, sans-serif\">107 Leutkircher Freizeitsportler erhalten das Deutsche Sportabzeichen&nbsp;<\/span><\/b><\/p>\n<p style=\"margin: 0cm;font-size: medium;font-family: 'Times New Roman', serif;color: #000000;font-style: normal\"><span lang=\"DE\" style=\"font-family: Verdana, sans-serif\">&nbsp;<\/span><\/p>\n<p style=\"font-weight: 400\">Insgesamt haben 107 Teilnehmer, davon 53 Erwachsene und 54 Kinder\/Jugendliche, &nbsp;im Alter von 6 und 77 Jahren diese sportliche Herausforderung in Angriff genommen. Im Vorjahr hatten wir 106 Personen.<\/p>\n<p style=\"font-weight: 400\">Das Spaz-Team unter meiner Leitung hat bei 62 Teilnehmern das Sportabzeichen abgenommen.<\/p>\n<p style=\"font-weight: 400\">Die LA-Gruppen der Kinder\/Jugendlichen haben bei 45 Teilnehmern w\u00e4hrend deren Trainingsstunden das Sportabzeichen abgenommen. Von diesen Ergebnissen habe ich dann die Urkunden beantragt.<\/p>\n<p style=\"font-weight: 400\">F\u00fcr ihre Polizei\/Zolldienst-Bewerbungsunterlagen ben\u00f6tigten insgesamt sieben Personen das Sportabzeichen.<\/p>\n<p style=\"font-weight: 400\">Zum zweiten Mal hatte die Firma Milei diesen sportlichen Event in ihrem Betrieb ausgeschrieben. Wir konnten wieder einige Teilnehmer begr\u00fc\u00dfen und sie waren dabei auch sehr erfolgreich.<\/p>\n<p style=\"font-weight: 400\">Offiziell hatten wir Stadion 7 Termine angeboten, zwei im Schwimmbad, dann jeweils das Radfahren mit Michael und die Walkingstrecke \u00fcber 7.5 km um den Stadtweiher. Die Teilnehmerzahlen variierten zwischen ca. 7- 20 Personen; je nach Witterung. Somit &nbsp;war auch jede Station \u00fcberschaubar und die Spaz-Abnahme funktionierte reibungslos. Es hat Allen viel Spa\u00df gemacht und die Freude am Sport in den Disziplingruppen Ausdauer, Kraft, Schnelligkeit und Koordination nicht zu kurz gekommen.<\/p>\n<p style=\"font-weight: 400\"><strong>Am 19. November 2024 fand um 19 Uhr die Urkundenausgabe im TSG Vereinsheim statt:<\/strong><\/p>\n<p style=\"font-weight: 400\">Die ca. 50 Anwesenden konnten dann endlich ihre verdiente Urkunde f\u00fcr ihre sportlichen Leistungen mit pers\u00f6nlichem Handschlag, S\u00fc\u00dfem und viel Applaus entgegennehmen.<\/p>\n<p style=\"font-weight: 400\">Unter den 107 Sportlern waren auch 5 stolze Familien erfolgreich (mindestens 3 Teilnehmer aus mindestens 2 Generationen) und bekamen daf\u00fcr ihr \u201eFamiliensportabzeichen\u201c \u00fcberreicht.<\/p>\n<p style=\"font-weight: 400\">Auch m\u00f6chte ich mich noch ganz herzlich bei meinem Pr\u00fcferteam f\u00fcr ihren tollen Einsatz bedanken. Mit Heike Ziesel, Silvia Sailer-Erk und Johanna Erk, Michael Zettler sowie Walter Sigg&nbsp; habe ich ein hervorragend eingespieltes Team.<\/p>\n<p style=\"font-weight: 400\"><strong><u>Vorschau auf 2025:<\/u><\/strong><\/p>\n<p style=\"font-weight: 400\">Am Donnerstag, 22. Mai, starten wir wieder um 18 Uhr in die neue Saison f\u00fcr 2025. Bisher gibt es auch keine \u00c4nderungen in den Leistungstabellen.<\/p>\n<p style=\"margin: 0cm;font-size: medium;, serif;font-style: normal;line-height: 14pt\"><span style=\"font-family: Verdana, sans-serif;font-size: 16px;font-style: normal\">Alle Termine finden Sie hier&nbsp;<\/span><a href=\"https:\/\/www.tsg-leutkirch.de\/leichtathletik\/wp-content\/uploads\/sites\/25\/2025\/05\/Sportabzeichentermine-2025.doc\" style=\"font-size: 16px;font-style: normal;font-family: var( --e-global-typography-text-font-family ), Sans-serif\">Sportabzeichentermine 2025<\/a><\/p>\n<p style=\"margin: 0cm;font-size: medium;, serif;font-style: normal;line-height: 14pt\"><span style=\"font-family: Verdana, sans-serif\">&nbsp;<\/span><\/p>\n<p style=\"margin: 0cm;font-style: normal;line-height: 14pt\"><span style=\"font-family: Verdana, sans-serif\">Die Leistungstabellen der Sportabzeichen 2025 findet Ihr hier:&nbsp;<\/span><\/p>\n<p style=\"margin: 0cm;font-style: normal;line-height: 14pt\"><span style=\"font-family: Verdana, sans-serif\">&nbsp;<\/span><\/p>\n<p style=\"margin: 0cm;font-style: normal;line-height: 14pt\"><a href=\"https:\/\/www.tsg-leutkirch.de\/leichtathletik\/wp-content\/uploads\/sites\/25\/2024\/05\/Deutsches-Sportabzeichen-Leistungstabelle-Kinder_Jugend-2024.pdf\">Leistungstabelle Kinder_Jugend 2024<\/a><\/p>\n<p style=\"margin: 0cm;font-style: normal;line-height: 14pt\"><span style=\"font-family: Verdana, sans-serif\">&nbsp;<\/span><\/p>\n<p style=\"margin: 0cm;font-style: normal;line-height: 14pt\"><a href=\"https:\/\/www.tsg-leutkirch.de\/leichtathletik\/wp-content\/uploads\/sites\/25\/2024\/05\/Deutsches-Sportabzeichen-Leistungstabelle-Erwachsene-2024.pdf\">Leistungstabelle Erwachsene 2024<\/a><\/p>\n<p style=\"margin: 0cm;font-style: normal;line-height: 14pt\"><span style=\"font-family: Verdana, sans-serif\">&nbsp;<\/span><\/p>\n<p style=\"margin: 0cm;font-size: medium;, serif;font-style: normal;line-height: 14pt\"><span style=\"font-family: Verdana, sans-serif\">Sportliche Gr\u00fc\u00dfe<\/span><\/p>\n<p style=\"margin: 0cm;font-size: medium;, serif;font-style: normal;line-height: 14pt\"><span style=\"font-family: Verdana, sans-serif\">&nbsp;<\/span><\/p>\n<p style=\"margin: 0cm;font-size: medium;, serif;font-style: normal;line-height: 14pt\"><span style=\"font-family: Verdana, sans-serif\">Roswitha Maischberger<\/span><\/p>\n<p style=\"margin: 0cm;font-size: medium;font-family: 'Times New Roman', serif;color: #000000;font-style: normal\">\n<\/p>\t\t\t\t\t\t\t\t<\/div>\n\t\t\t\t<\/div>\n\t\t\t\t\t<\/div>\n\t\t<\/div>\n\t\t\t\t\t<\/div>\n\t\t<\/section>\n\t\t\t\t<section class=\"elementor-section elementor-top-section elementor-element elementor-element-590577b elementor-section-boxed elementor-section-height-default elementor-section-height-default\" data-id=\"590577b\" data-element_type=\"section\" data-e-type=\"section\" data-settings=\"{&quot;jet_parallax_layout_list&quot;:[]}\">\n\t\t\t\t\t\t<div class=\"elementor-container elementor-column-gap-default\">\n\t\t\t\t\t\t<\/div>\n\t\t<\/section>\n\t\t\t\t<section class=\"elementor-section elementor-top-section elementor-element elementor-element-0b5d49a elementor-section-boxed elementor-section-height-default elementor-section-height-default\" data-id=\"0b5d49a\" data-element_type=\"section\" data-e-type=\"section\" data-settings=\"{&quot;jet_parallax_layout_list&quot;:[]}\">\n\t\t\t\t\t\t<div class=\"elementor-container elementor-column-gap-default\">\n\t\t\t\t\t<div class=\"elementor-column elementor-col-100 elementor-top-column elementor-element elementor-element-c4c7437\" data-id=\"c4c7437\" data-element_type=\"column\" data-e-type=\"column\">\n\t\t\t<div class=\"elementor-widget-wrap elementor-element-populated\">\n\t\t\t\t\t\t<div class=\"elementor-element elementor-element-96822f0 elementor-widget elementor-widget-text-editor\" data-id=\"96822f0\" data-element_type=\"widget\" data-e-type=\"widget\" data-widget_type=\"text-editor.default\">\n\t\t\t\t<div class=\"elementor-widget-container\">\n\t\t\t\t\t\t\t\t\t<h1 style=\"text-align: center\"><strong><em><span style=\"color: #525252;font-family: Jost, sans-serif;font-size: 18px\">\u00abEs z\u00e4hlt das Erlebnis, nicht das Ergebnis.\u00bb\u00a0<\/span><\/em><\/strong><\/h1>\t\t\t\t\t\t\t\t<\/div>\n\t\t\t\t<\/div>\n\t\t\t\t\t<\/div>\n\t\t<\/div>\n\t\t\t\t\t<\/div>\n\t\t<\/section>\n\t\t\t\t<\/div>\n\t\t","protected":false},"excerpt":{"rendered":"<p>Sportabzeichen Deutsches Sportabzeichen 2024 Bei uns k\u00f6nnen Sie das Deutsche Sportabzeichen ablegen. \u00a0 Ansprechpartner f\u00fcr dringende Fragen (z.B. Sportabzeichen f\u00fcr Bewerber der Polizei, Bundeswehr und Zoll) ist Roswitha Maischberger. Tel. 07565\/9443003 E-Mail: roswitha.maischberger@gmx.de \u00a0 \u00a0Roswitha, Heike, Silvia, Johanna, Mattea, Michael und Walter! 107 Leutkircher Freizeitsportler erhalten das Deutsche Sportabzeichen 2024 Jahresr\u00fcckblick Deutsches Sportabzeichen 2024: &nbsp; [&hellip;]<\/p>\n","protected":false},"author":2,"featured_media":0,"parent":0,"menu_order":6,"comment_status":"closed","ping_status":"closed","template":"","meta":{"_acf_changed":false,"site-sidebar-layout":"no-sidebar","site-content-layout":"page-builder","ast-site-content-layout":"default","site-content-style":"default","site-sidebar-style":"default","ast-global-header-display":"","ast-banner-title-visibility":"","ast-main-header-display":"","ast-hfb-above-header-display":"","ast-hfb-below-header-display":"","ast-hfb-mobile-header-display":"","site-post-title":"disabled","ast-breadcrumbs-content":"","ast-featured-img":"disabled","footer-sml-layout":"","ast-disable-related-posts":"","theme-transparent-header-meta":"default","adv-header-id-meta":"","stick-header-meta":"default","header-above-stick-meta":"","header-main-stick-meta":"","header-below-stick-meta":"","astra-migrate-meta-layouts":"default","ast-page-background-enabled":"default","ast-page-background-meta":{"desktop":{"background-color":"","background-image":"","background-repeat":"repeat","background-position":"center center","background-size":"auto","background-attachment":"scroll","background-type":"","background-media":"","overlay-type":"","overlay-color":"","overlay-opacity":"","overlay-gradient":""},"tablet":{"background-color":"","background-image":"","background-repeat":"repeat","background-position":"center center","background-size":"auto","background-attachment":"scroll","background-type":"","background-media":"","overlay-type":"","overlay-color":"","overlay-opacity":"","overlay-gradient":""},"mobile":{"background-color":"","background-image":"","background-repeat":"repeat","background-position":"center center","background-size":"auto","background-attachment":"scroll","background-type":"","background-media":"","overlay-type":"","overlay-color":"","overlay-opacity":"","overlay-gradient":""}},"ast-content-background-meta":{"desktop":{"background-color":"var(--ast-global-color-5)","background-image":"","background-repeat":"repeat","background-position":"center center","background-size":"auto","background-attachment":"scroll","background-type":"","background-media":"","overlay-type":"","overlay-color":"","overlay-opacity":"","overlay-gradient":""},"tablet":{"background-color":"var(--ast-global-color-5)","background-image":"","background-repeat":"repeat","background-position":"center center","background-size":"auto","background-attachment":"scroll","background-type":"","background-media":"","overlay-type":"","overlay-color":"","overlay-opacity":"","overlay-gradient":""},"mobile":{"background-color":"var(--ast-global-color-5)","background-image":"","background-repeat":"repeat","background-position":"center center","background-size":"auto","background-attachment":"scroll","background-type":"","background-media":"","overlay-type":"","overlay-color":"","overlay-opacity":"","overlay-gradient":""}},"footnotes":""},"class_list":["post-159","page","type-page","status-publish","hentry"],"acf":[],"_links":{"self":[{"href":"https:\/\/www.tsg-leutkirch.de\/leichtathletik\/wp-json\/wp\/v2\/pages\/159","targetHints":{"allow":["GET"]}}],"collection":[{"href":"https:\/\/www.tsg-leutkirch.de\/leichtathletik\/wp-json\/wp\/v2\/pages"}],"about":[{"href":"https:\/\/www.tsg-leutkirch.de\/leichtathletik\/wp-json\/wp\/v2\/types\/page"}],"author":[{"embeddable":true,"href":"https:\/\/www.tsg-leutkirch.de\/leichtathletik\/wp-json\/wp\/v2\/users\/2"}],"replies":[{"embeddable":true,"href":"https:\/\/www.tsg-leutkirch.de\/leichtathletik\/wp-json\/wp\/v2\/comments?post=159"}],"version-history":[{"count":10,"href":"https:\/\/www.tsg-leutkirch.de\/leichtathletik\/wp-json\/wp\/v2\/pages\/159\/revisions"}],"predecessor-version":[{"id":676,"href":"https:\/\/www.tsg-leutkirch.de\/leichtathletik\/wp-json\/wp\/v2\/pages\/159\/revisions\/676"}],"wp:attachment":[{"href":"https:\/\/www.tsg-leutkirch.de\/leichtathletik\/wp-json\/wp\/v2\/media?parent=159"}],"curies":[{"name":"wp","href":"https:\/\/api.w.org\/{rel}","templated":true}]}}