{"id":162,"date":"2020-04-16T12:22:54","date_gmt":"2020-04-16T10:22:54","guid":{"rendered":"http:\/\/multitsg.iamhosting.de\/leichtathletik\/?page_id=162"},"modified":"2024-05-06T21:56:32","modified_gmt":"2024-05-06T19:56:32","slug":"lauftreff","status":"publish","type":"page","link":"https:\/\/www.tsg-leutkirch.de\/leichtathletik\/lauftreff\/","title":{"rendered":"Lauftreff"},"content":{"rendered":"\t\t<div data-elementor-type=\"wp-page\" data-elementor-id=\"162\" class=\"elementor elementor-162\" data-elementor-post-type=\"page\">\n\t\t\t\t\t\t<section class=\"elementor-section elementor-top-section elementor-element elementor-element-179d281 elementor-section-stretched elementor-section-content-middle elementor-section-height-min-height elementor-section-boxed elementor-section-height-default elementor-section-items-middle\" data-id=\"179d281\" data-element_type=\"section\" data-e-type=\"section\" data-settings=\"{&quot;stretch_section&quot;:&quot;section-stretched&quot;,&quot;background_background&quot;:&quot;classic&quot;,&quot;shape_divider_bottom&quot;:&quot;triangle-asymmetrical&quot;,&quot;shape_divider_bottom_negative&quot;:&quot;yes&quot;,&quot;jet_parallax_layout_list&quot;:[]}\">\n\t\t\t\t\t<div class=\"elementor-shape elementor-shape-bottom\" aria-hidden=\"true\" data-negative=\"true\">\n\t\t\t<svg xmlns=\"http:\/\/www.w3.org\/2000\/svg\" viewBox=\"0 0 1000 100\" preserveAspectRatio=\"none\">\n\t<path class=\"elementor-shape-fill\" d=\"M737.9,94.7L0,0v100h1000V0L737.9,94.7z\"\/>\n<\/svg>\t\t<\/div>\n\t\t\t\t\t<div class=\"elementor-container elementor-column-gap-default\">\n\t\t\t\t\t<div class=\"elementor-column elementor-col-100 elementor-top-column elementor-element elementor-element-db4ce83\" data-id=\"db4ce83\" data-element_type=\"column\" data-e-type=\"column\">\n\t\t\t<div class=\"elementor-widget-wrap elementor-element-populated\">\n\t\t\t\t\t\t<div class=\"elementor-element elementor-element-866b04f elementor-widget elementor-widget-heading\" data-id=\"866b04f\" data-element_type=\"widget\" data-e-type=\"widget\" data-widget_type=\"heading.default\">\n\t\t\t\t<div class=\"elementor-widget-container\">\n\t\t\t\t\t<h2 class=\"elementor-heading-title elementor-size-default\"><span class=\"elementor-heading-title elementor-size-default elementor-inline-editing pen\" data-elementor-setting-key=\"title\" data-pen-placeholder=\"Eingabe hier...\" style=\"font-size: 4em;font-style: normal;clear: both;line-height: 1.2\">Lauftreff<\/span><\/h2>\t\t\t\t<\/div>\n\t\t\t\t<\/div>\n\t\t\t\t\t<\/div>\n\t\t<\/div>\n\t\t\t\t\t<\/div>\n\t\t<\/section>\n\t\t\t\t<section class=\"elementor-section elementor-top-section elementor-element elementor-element-303b76c elementor-section-boxed elementor-section-height-default elementor-section-height-default\" data-id=\"303b76c\" data-element_type=\"section\" data-e-type=\"section\" data-settings=\"{&quot;jet_parallax_layout_list&quot;:[]}\">\n\t\t\t\t\t\t<div class=\"elementor-container elementor-column-gap-default\">\n\t\t\t\t\t<div class=\"elementor-column elementor-col-100 elementor-top-column elementor-element elementor-element-17c88c1\" data-id=\"17c88c1\" data-element_type=\"column\" data-e-type=\"column\">\n\t\t\t<div class=\"elementor-widget-wrap elementor-element-populated\">\n\t\t\t\t\t\t<div class=\"elementor-element elementor-element-e8c0cd9 elementor-widget elementor-widget-heading\" data-id=\"e8c0cd9\" data-element_type=\"widget\" data-e-type=\"widget\" data-widget_type=\"heading.default\">\n\t\t\t\t<div class=\"elementor-widget-container\">\n\t\t\t\t\t<h2 class=\"elementor-heading-title elementor-size-default\">Lauftreff TSG Leutkirch<\/h2>\t\t\t\t<\/div>\n\t\t\t\t<\/div>\n\t\t\t\t<div class=\"elementor-element elementor-element-ae9a70a elementor-widget elementor-widget-text-editor\" data-id=\"ae9a70a\" data-element_type=\"widget\" data-e-type=\"widget\" data-widget_type=\"text-editor.default\">\n\t\t\t\t<div class=\"elementor-widget-container\">\n\t\t\t\t\t\t\t\t\t<p>Treffpunkt: Dienstag 18:30 Uhr<br \/>01. April \u2013 30. September: Ende des Weiherwegs<br \/>01. Oktober \u2013 30. M\u00e4rz: Gymnasiumsporthalle<\/p><p>Kein Lauftreff am Kinderfestdienstag!<\/p><p>Gelaufen werden ca. 5 &#8211; 10 km in verschiedenen Gruppen<br \/><span style=\"font-size: 16px\">Neueinsteiger jederzeit willkommen!<\/span><\/p><p>Infos bei\u00a0<span style=\"font-size: 16px\">Annett Eichhorn &#8211; Tel. 07561-71696<\/span><\/p>\t\t\t\t\t\t\t\t<\/div>\n\t\t\t\t<\/div>\n\t\t\t\t\t<\/div>\n\t\t<\/div>\n\t\t\t\t\t<\/div>\n\t\t<\/section>\n\t\t\t\t<section class=\"elementor-section elementor-top-section elementor-element elementor-element-0a04b84 elementor-section-boxed elementor-section-height-default elementor-section-height-default\" data-id=\"0a04b84\" data-element_type=\"section\" data-e-type=\"section\" data-settings=\"{&quot;jet_parallax_layout_list&quot;:[]}\">\n\t\t\t\t\t\t<div class=\"elementor-container elementor-column-gap-default\">\n\t\t\t\t\t<div class=\"elementor-column elementor-col-50 elementor-top-column elementor-element elementor-element-51c1dbe\" data-id=\"51c1dbe\" data-element_type=\"column\" data-e-type=\"column\">\n\t\t\t<div class=\"elementor-widget-wrap elementor-element-populated\">\n\t\t\t\t\t\t<div class=\"elementor-element elementor-element-c661639 elementor-widget elementor-widget-image\" data-id=\"c661639\" data-element_type=\"widget\" data-e-type=\"widget\" data-widget_type=\"image.default\">\n\t\t\t\t<div class=\"elementor-widget-container\">\n\t\t\t\t\t\t\t\t\t\t\t\t\t\t\t<img fetchpriority=\"high\" decoding=\"async\" width=\"724\" height=\"1024\" src=\"https:\/\/www.tsg-leutkirch.de\/leichtathletik\/wp-content\/uploads\/sites\/25\/2024\/05\/80s-Vintage-World-Running-Day-Poster-724x1024.png\" class=\"attachment-large size-large wp-image-566\" alt=\"\" srcset=\"https:\/\/www.tsg-leutkirch.de\/leichtathletik\/wp-content\/uploads\/sites\/25\/2024\/05\/80s-Vintage-World-Running-Day-Poster-724x1024.png 724w, https:\/\/www.tsg-leutkirch.de\/leichtathletik\/wp-content\/uploads\/sites\/25\/2024\/05\/80s-Vintage-World-Running-Day-Poster-212x300.png 212w, https:\/\/www.tsg-leutkirch.de\/leichtathletik\/wp-content\/uploads\/sites\/25\/2024\/05\/80s-Vintage-World-Running-Day-Poster-768x1086.png 768w, https:\/\/www.tsg-leutkirch.de\/leichtathletik\/wp-content\/uploads\/sites\/25\/2024\/05\/80s-Vintage-World-Running-Day-Poster-1086x1536.png 1086w, https:\/\/www.tsg-leutkirch.de\/leichtathletik\/wp-content\/uploads\/sites\/25\/2024\/05\/80s-Vintage-World-Running-Day-Poster-1448x2048.png 1448w, https:\/\/www.tsg-leutkirch.de\/leichtathletik\/wp-content\/uploads\/sites\/25\/2024\/05\/80s-Vintage-World-Running-Day-Poster.png 1587w\" sizes=\"(max-width: 724px) 100vw, 724px\" \/>\t\t\t\t\t\t\t\t\t\t\t\t\t\t\t<\/div>\n\t\t\t\t<\/div>\n\t\t\t\t\t<\/div>\n\t\t<\/div>\n\t\t\t\t<div class=\"elementor-column elementor-col-50 elementor-top-column elementor-element elementor-element-84c61db\" data-id=\"84c61db\" data-element_type=\"column\" data-e-type=\"column\">\n\t\t\t<div class=\"elementor-widget-wrap elementor-element-populated\">\n\t\t\t\t\t\t<div class=\"elementor-element elementor-element-8e9624b elementor-widget elementor-widget-heading\" data-id=\"8e9624b\" data-element_type=\"widget\" data-e-type=\"widget\" data-widget_type=\"heading.default\">\n\t\t\t\t<div class=\"elementor-widget-container\">\n\t\t\t\t\t<h2 class=\"elementor-heading-title elementor-size-default\"><div><font color=\"#202124\" face=\"Google Sans, arial, sans-serif\" size=\"3\"><span><br><\/span><\/font><\/div><div><br><\/div>\" Wie langsam du auch l\u00e4ufst - du schl\u00e4gst alle, die zu Hause bleiben\"<\/h2>\t\t\t\t<\/div>\n\t\t\t\t<\/div>\n\t\t\t\t\t<\/div>\n\t\t<\/div>\n\t\t\t\t\t<\/div>\n\t\t<\/section>\n\t\t\t\t<section class=\"elementor-section elementor-top-section elementor-element elementor-element-cbef0f1 elementor-section-boxed elementor-section-height-default elementor-section-height-default\" data-id=\"cbef0f1\" data-element_type=\"section\" data-e-type=\"section\" data-settings=\"{&quot;jet_parallax_layout_list&quot;:[]}\">\n\t\t\t\t\t\t<div class=\"elementor-container elementor-column-gap-default\">\n\t\t\t\t\t<div class=\"elementor-column elementor-col-100 elementor-top-column elementor-element elementor-element-114348b\" data-id=\"114348b\" data-element_type=\"column\" data-e-type=\"column\">\n\t\t\t<div class=\"elementor-widget-wrap elementor-element-populated\">\n\t\t\t\t\t\t<div class=\"elementor-element elementor-element-5255911 elementor-widget elementor-widget-spacer\" data-id=\"5255911\" data-element_type=\"widget\" data-e-type=\"widget\" data-widget_type=\"spacer.default\">\n\t\t\t\t<div class=\"elementor-widget-container\">\n\t\t\t\t\t\t\t<div class=\"elementor-spacer\">\n\t\t\t<div class=\"elementor-spacer-inner\"><\/div>\n\t\t<\/div>\n\t\t\t\t\t\t<\/div>\n\t\t\t\t<\/div>\n\t\t\t\t\t<\/div>\n\t\t<\/div>\n\t\t\t\t\t<\/div>\n\t\t<\/section>\n\t\t\t\t<section class=\"elementor-section elementor-top-section elementor-element elementor-element-104d158 elementor-section-boxed elementor-section-height-default elementor-section-height-default\" data-id=\"104d158\" data-element_type=\"section\" data-e-type=\"section\" data-settings=\"{&quot;jet_parallax_layout_list&quot;:[]}\">\n\t\t\t\t\t\t<div class=\"elementor-container elementor-column-gap-default\">\n\t\t\t\t\t<div class=\"elementor-column elementor-col-100 elementor-top-column elementor-element elementor-element-99728ea\" data-id=\"99728ea\" data-element_type=\"column\" data-e-type=\"column\">\n\t\t\t<div class=\"elementor-widget-wrap elementor-element-populated\">\n\t\t\t\t\t\t<div class=\"elementor-element elementor-element-0f80c90 elementor-widget elementor-widget-text-editor\" data-id=\"0f80c90\" data-element_type=\"widget\" data-e-type=\"widget\" data-widget_type=\"text-editor.default\">\n\t\t\t\t<div class=\"elementor-widget-container\">\n\t\t\t\t\t\t\t\t\t<p><strong>DER LAUFTREFF DES TSG LEUTKIRCHS<\/strong><\/p>\n<p>Leutkirch \u2013 Dass eine Stadt, bzw. ein Sportverein vier Jahrzehnte lang durchgehend und ganzj\u00e4hrig einen Lauftreff anbietet, ist etwas Besonders. Gemeinsames Laufen in der Freizeit als Breitensport f\u00fcr Jedermann kam, wie das Wort \u201eJogging\u201c, erst in den 70er Jahren auf. 1978 begannen Wolfgang Dorsch und Hermann Uetz mit zehn L\u00e4ufern den regelm\u00e4\u00dfigen Lauftreff in Leutkirch. Nat\u00fcrlich hatten sie auch Wettk\u00e4mpfe im Blick, wollten aber auch das Laufen in der Gruppe und ihre Freude am Laufen und Joggen publik machen. Treffpunkt war und ist bis heute am Stadtwald, Ende Weiherweg. In den Wintermonaten trifft man sich an der HMG-Sporthalle zum Laufen in beleuchteten Siedlungen oder auf der Wilhelmsh\u00f6he. Stirnlampen sind obligatorisch, schlechtes Wetter gibt es nicht, m\u00f6glichst etwas mit Leuchtstreifen anziehen!<\/p>\n<p><\/p>\n<p><strong>Chronik des Lauftreffs in Leutkirch:<\/strong><\/p>\n<p>Richtig in Schwung kam der Treff erst Mitte der 80er Jahre. Es gab drei ausgebildete Lauftreff-Leiter: Gregor Schreck, Franz Denzel und Bernd Benda, der sich um die Anf\u00e4nger k\u00fcmmerte. Bald gab es jede Menge Zulauf und ab 1985 gr\u00fcndete Heidi Schwarz die erste Frauen-Laufgruppe. Das Joggen in der Gruppe wurde modern, Volks- und Stadtl\u00e4ufe wurden gemeinsam bestritten, manch einer wagte sich an den Marathon mit 42,195 km.<\/p>\n<p>Bis zu 50 Teilnehmer waren es in den 80er und 90-er Jahren, viele Erfolge konnten verbucht werden, darunter Berg- und Stadtl\u00e4ufe, Gebirgst\u00e4lerl\u00e4ufe, Frauenl\u00e4ufe, Dreil\u00e4nder-Wettkampf uvm. Auch Joggen als Breitensport in der Gruppe war hoch im Kurs. \u201eHeute k\u00f6nnen wir von 50 Teilnehmern nur tr\u00e4umen\u201c, sagt Annett Eichhorn, die den Lauftreff der TSG-Leichtathletikabteilung seit 2002 leitet. Gerne w\u00fcrde man neue \u201eMitl\u00e4ufer\u201c begr\u00fc\u00dfen, die auch die Gemeinschaft sch\u00e4tzen. Heute renne jeder alleine los, so wie er Zeit hat, meist mit Musik im Ohr los.<\/p>\n<p><\/p>\n<p><strong>Alle 4 Wochen ist L\u00e4ufer-Stammtisch<\/strong><\/p>\n<p>Das Gesellige wurde immer hochgesch\u00e4tzt beim TSG-Lauftreff, der der Leichtathletikabteilung angeschlossen ist. Fast seit Beginn in den 80ern gibt es den monatliche L\u00e4ufer-Stammtisch, erst im \u201eStrau\u00df\u201c, dann im TSG-Heim. Jedes Jahr wurde eine Bergwanderung unternommen, manchmal auch mit H\u00fctten\u00fcbernachtung. Die Leitung hatte Heinz Schwarz, der am meisten Bergerfahrung hatte. Zwischen 10 und 15 Teilnehmer waren meist dabei.&nbsp; Bernd Benda ist mit 23 Jahren Lauftreff-Leiter und 151 Marathons eine Leutkircher \u201eLauf-Ikone\u201c mit sehr viel Erfahrung und immer einen lockeren Spruch auf den Lippen. Die Mitglieder des TSG-Lauftreffs feierten ihr 20-, 25-, und 30-j\u00e4hriges Bestehen.<\/p>\n<p><\/p>\n<p><strong>40 Jahre mit R\u00fcckblick und Torten<\/strong><\/p>\n<p><span style=\"font-size: 16px\">Das 40-J\u00e4hrige wurde mit einem Jubil\u00e4umslauf an einem frostigen, aber sonnigen Sonntagmorgen im November auf der Volkslaufstrecke gefeiert, mit einem Stop an der Waldkapelle bei Sekt und Butterbrezeln. Es reisten dazu sogar zwei Ehemalige aus Leipzig (Anton Brains) und Bielefeld (Franz Denzel) an, allerdings mit Auto. Auch Wolfgang Dorsch als Gr\u00fcnder kam extra aus Giengen\/Brenz nach Leutkirch, ebenso der Leutkircher Hermann Uetz. Viele hatten sich l\u00e4nger nicht mehr gesehen und bei einem guten Mittagessen gab es viele nette Gespr\u00e4che. Abteilungsleiter Matthias Rotzler war mit von der Partie, ebenso viele ehemalige und noch aktive L\u00e4ufer und Wettk\u00e4mpfer, wie z.B. Roswitha und Roland Weber, Renate und Horst Katzschke, Hedi und G\u00fcnther Sichler, Heinz Schwarz, Simone Walter, das Ehepaar Sengele, Gerhard Kalb uvm.&nbsp; &nbsp;\u201eWer nicht mehr laufen kann oder will, soll einfach zum L\u00e4uferstammtisch kommen\u201c, gab Bernd Benda schmunzelnd bekannt, das ginge immer.<\/span><\/p>\n<p><span style=\"font-size: 16px\">Annett Eichhorn hatte f\u00fcr die Feier eine Beamershow aus 40 Jahren Lauftreff zusammengestellt. Auch viele Bergtouren und erfolgreiche L\u00e4ufe waren zu sehen. Zum Kaffee gab es selbstgebackene, sch\u00f6n verzierte Lauftreff-Torten. \u201eIch h\u00e4tte nicht gedacht, dass so viele zum Jubil\u00e4um kommen. Es war ein wundersch\u00f6ner Tag\u201c, res\u00fcmierte die langj\u00e4hrige Lauftreff-Leiterin.&nbsp;<\/span><\/p>\n<p><span style=\"font-size: 16px\">Jeden Dienstagabend, um 18.30 Uhr ist Treff am Eingang der HMG-Sporthalle. Ca 1 Stunde wird gelaufen, Stirnlampe nicht vergessen.<\/span><\/p>\t\t\t\t\t\t\t\t<\/div>\n\t\t\t\t<\/div>\n\t\t\t\t\t<\/div>\n\t\t<\/div>\n\t\t\t\t\t<\/div>\n\t\t<\/section>\n\t\t\t\t<\/div>\n\t\t","protected":false},"excerpt":{"rendered":"<p>Lauftreff Lauftreff TSG Leutkirch Treffpunkt: Dienstag 18:30 Uhr01. April \u2013 30. September: Ende des Weiherwegs01. Oktober \u2013 30. M\u00e4rz: Gymnasiumsporthalle Kein Lauftreff am Kinderfestdienstag! Gelaufen werden ca. 5 &#8211; 10 km in verschiedenen GruppenNeueinsteiger jederzeit willkommen! Infos bei\u00a0Annett Eichhorn &#8211; Tel. 07561-71696 &#8220; Wie langsam du auch l\u00e4ufst &#8211; du schl\u00e4gst alle, die zu Hause [&hellip;]<\/p>\n","protected":false},"author":2,"featured_media":0,"parent":0,"menu_order":7,"comment_status":"closed","ping_status":"closed","template":"","meta":{"_acf_changed":false,"site-sidebar-layout":"no-sidebar","site-content-layout":"page-builder","ast-site-content-layout":"default","site-content-style":"default","site-sidebar-style":"default","ast-global-header-display":"","ast-banner-title-visibility":"","ast-main-header-display":"","ast-hfb-above-header-display":"","ast-hfb-below-header-display":"","ast-hfb-mobile-header-display":"","site-post-title":"disabled","ast-breadcrumbs-content":"","ast-featured-img":"disabled","footer-sml-layout":"","ast-disable-related-posts":"","theme-transparent-header-meta":"","adv-header-id-meta":"","stick-header-meta":"","header-above-stick-meta":"","header-main-stick-meta":"","header-below-stick-meta":"","astra-migrate-meta-layouts":"default","ast-page-background-enabled":"default","ast-page-background-meta":{"desktop":{"background-color":"","background-image":"","background-repeat":"repeat","background-position":"center center","background-size":"auto","background-attachment":"scroll","background-type":"","background-media":"","overlay-type":"","overlay-color":"","overlay-opacity":"","overlay-gradient":""},"tablet":{"background-color":"","background-image":"","background-repeat":"repeat","background-position":"center center","background-size":"auto","background-attachment":"scroll","background-type":"","background-media":"","overlay-type":"","overlay-color":"","overlay-opacity":"","overlay-gradient":""},"mobile":{"background-color":"","background-image":"","background-repeat":"repeat","background-position":"center center","background-size":"auto","background-attachment":"scroll","background-type":"","background-media":"","overlay-type":"","overlay-color":"","overlay-opacity":"","overlay-gradient":""}},"ast-content-background-meta":{"desktop":{"background-color":"var(--ast-global-color-5)","background-image":"","background-repeat":"repeat","background-position":"center center","background-size":"auto","background-attachment":"scroll","background-type":"","background-media":"","overlay-type":"","overlay-color":"","overlay-opacity":"","overlay-gradient":""},"tablet":{"background-color":"var(--ast-global-color-5)","background-image":"","background-repeat":"repeat","background-position":"center center","background-size":"auto","background-attachment":"scroll","background-type":"","background-media":"","overlay-type":"","overlay-color":"","overlay-opacity":"","overlay-gradient":""},"mobile":{"background-color":"var(--ast-global-color-5)","background-image":"","background-repeat":"repeat","background-position":"center center","background-size":"auto","background-attachment":"scroll","background-type":"","background-media":"","overlay-type":"","overlay-color":"","overlay-opacity":"","overlay-gradient":""}},"footnotes":""},"class_list":["post-162","page","type-page","status-publish","hentry"],"acf":[],"_links":{"self":[{"href":"https:\/\/www.tsg-leutkirch.de\/leichtathletik\/wp-json\/wp\/v2\/pages\/162","targetHints":{"allow":["GET"]}}],"collection":[{"href":"https:\/\/www.tsg-leutkirch.de\/leichtathletik\/wp-json\/wp\/v2\/pages"}],"about":[{"href":"https:\/\/www.tsg-leutkirch.de\/leichtathletik\/wp-json\/wp\/v2\/types\/page"}],"author":[{"embeddable":true,"href":"https:\/\/www.tsg-leutkirch.de\/leichtathletik\/wp-json\/wp\/v2\/users\/2"}],"replies":[{"embeddable":true,"href":"https:\/\/www.tsg-leutkirch.de\/leichtathletik\/wp-json\/wp\/v2\/comments?post=162"}],"version-history":[{"count":10,"href":"https:\/\/www.tsg-leutkirch.de\/leichtathletik\/wp-json\/wp\/v2\/pages\/162\/revisions"}],"predecessor-version":[{"id":591,"href":"https:\/\/www.tsg-leutkirch.de\/leichtathletik\/wp-json\/wp\/v2\/pages\/162\/revisions\/591"}],"wp:attachment":[{"href":"https:\/\/www.tsg-leutkirch.de\/leichtathletik\/wp-json\/wp\/v2\/media?parent=162"}],"curies":[{"name":"wp","href":"https:\/\/api.w.org\/{rel}","templated":true}]}}