{"id":347,"date":"2020-04-17T14:47:10","date_gmt":"2020-04-17T12:47:10","guid":{"rendered":"http:\/\/multitsg.iamhosting.de\/radsport\/?page_id=347"},"modified":"2026-04-03T15:55:58","modified_gmt":"2026-04-03T13:55:58","slug":"radsprint","status":"publish","type":"page","link":"https:\/\/www.tsg-leutkirch.de\/radsport\/leutkircher-rennen\/radsprint\/","title":{"rendered":"Radsprint"},"content":{"rendered":"\t\t<div data-elementor-type=\"wp-page\" data-elementor-id=\"347\" class=\"elementor elementor-347\" data-elementor-post-type=\"page\">\n\t\t\t\t\t\t<section class=\"elementor-section elementor-top-section elementor-element elementor-element-d418118 elementor-section-stretched elementor-section-content-middle elementor-section-height-min-height elementor-section-boxed elementor-section-height-default elementor-section-items-middle\" data-id=\"d418118\" data-element_type=\"section\" data-e-type=\"section\" data-settings=\"{&quot;stretch_section&quot;:&quot;section-stretched&quot;,&quot;background_background&quot;:&quot;classic&quot;,&quot;shape_divider_bottom&quot;:&quot;triangle-asymmetrical&quot;,&quot;shape_divider_bottom_negative&quot;:&quot;yes&quot;,&quot;jet_parallax_layout_list&quot;:[{&quot;jet_parallax_layout_image&quot;:{&quot;url&quot;:&quot;&quot;,&quot;id&quot;:&quot;&quot;,&quot;size&quot;:&quot;&quot;},&quot;_id&quot;:&quot;852ae4f&quot;,&quot;jet_parallax_layout_image_tablet&quot;:{&quot;url&quot;:&quot;&quot;,&quot;id&quot;:&quot;&quot;,&quot;size&quot;:&quot;&quot;},&quot;jet_parallax_layout_image_mobile&quot;:{&quot;url&quot;:&quot;&quot;,&quot;id&quot;:&quot;&quot;,&quot;size&quot;:&quot;&quot;},&quot;jet_parallax_layout_speed&quot;:{&quot;unit&quot;:&quot;%&quot;,&quot;size&quot;:50,&quot;sizes&quot;:[]},&quot;jet_parallax_layout_type&quot;:&quot;scroll&quot;,&quot;jet_parallax_layout_direction&quot;:&quot;1&quot;,&quot;jet_parallax_layout_fx_direction&quot;:null,&quot;jet_parallax_layout_z_index&quot;:&quot;&quot;,&quot;jet_parallax_layout_bg_x&quot;:50,&quot;jet_parallax_layout_bg_x_tablet&quot;:&quot;&quot;,&quot;jet_parallax_layout_bg_x_mobile&quot;:&quot;&quot;,&quot;jet_parallax_layout_bg_y&quot;:50,&quot;jet_parallax_layout_bg_y_tablet&quot;:&quot;&quot;,&quot;jet_parallax_layout_bg_y_mobile&quot;:&quot;&quot;,&quot;jet_parallax_layout_bg_size&quot;:&quot;auto&quot;,&quot;jet_parallax_layout_bg_size_tablet&quot;:&quot;&quot;,&quot;jet_parallax_layout_bg_size_mobile&quot;:&quot;&quot;,&quot;jet_parallax_layout_animation_prop&quot;:&quot;transform&quot;,&quot;jet_parallax_layout_on&quot;:[&quot;desktop&quot;,&quot;tablet&quot;]}]}\">\n\t\t\t\t\t<div class=\"elementor-shape elementor-shape-bottom\" aria-hidden=\"true\" data-negative=\"true\">\n\t\t\t<svg xmlns=\"http:\/\/www.w3.org\/2000\/svg\" viewBox=\"0 0 1000 100\" preserveAspectRatio=\"none\">\n\t<path class=\"elementor-shape-fill\" d=\"M737.9,94.7L0,0v100h1000V0L737.9,94.7z\"\/>\n<\/svg>\t\t<\/div>\n\t\t\t\t\t<div class=\"elementor-container elementor-column-gap-default\">\n\t\t\t\t\t<div class=\"elementor-column elementor-col-100 elementor-top-column elementor-element elementor-element-a61b724\" data-id=\"a61b724\" data-element_type=\"column\" data-e-type=\"column\">\n\t\t\t<div class=\"elementor-widget-wrap\">\n\t\t\t\t\t\t\t<\/div>\n\t\t<\/div>\n\t\t\t\t\t<\/div>\n\t\t<\/section>\n\t\t\t\t<section class=\"elementor-section elementor-top-section elementor-element elementor-element-345bde2 elementor-section-boxed elementor-section-height-default elementor-section-height-default\" data-id=\"345bde2\" data-element_type=\"section\" data-e-type=\"section\" data-settings=\"{&quot;jet_parallax_layout_list&quot;:[]}\">\n\t\t\t\t\t\t<div class=\"elementor-container elementor-column-gap-default\">\n\t\t\t\t\t<div class=\"elementor-column elementor-col-100 elementor-top-column elementor-element elementor-element-dca1eff\" data-id=\"dca1eff\" data-element_type=\"column\" data-e-type=\"column\">\n\t\t\t<div class=\"elementor-widget-wrap elementor-element-populated\">\n\t\t\t\t\t\t<div class=\"elementor-element elementor-element-2689d0b elementor-widget elementor-widget-heading\" data-id=\"2689d0b\" data-element_type=\"widget\" data-e-type=\"widget\" data-widget_type=\"heading.default\">\n\t\t\t\t<div class=\"elementor-widget-container\">\n\t\t\t\t\t<h1 class=\"elementor-heading-title elementor-size-default\">Radsprint <\/h1>\t\t\t\t<\/div>\n\t\t\t\t<\/div>\n\t\t\t\t<div class=\"elementor-element elementor-element-e4bb831 elementor-widget elementor-widget-text-editor\" data-id=\"e4bb831\" data-element_type=\"widget\" data-e-type=\"widget\" data-widget_type=\"text-editor.default\">\n\t\t\t\t<div class=\"elementor-widget-container\">\n\t\t\t\t\t\t\t\t\t<p><span class=\"s4\" style=\"font-size: 16px\"><span class=\"bumpedFont15\">Auf der 2,3 km langen Strecke<\/span><\/span><span class=\"s4\" style=\"font-size: 16px\"><span class=\"bumpedFont15\"> am Planetenweg<\/span><\/span><span class=\"s4\" style=\"font-size: 16px\"><span class=\"bumpedFont15\"> von Herlazhofe<\/span><\/span><span class=\"s4\" style=\"font-size: 16px\"><span class=\"bumpedFont15\">n nach Leutkirch<\/span><\/span> <span class=\"s4\" style=\"font-size: 16px\"><span class=\"bumpedFont15\">findet<\/span><\/span><span class=\"s4\" style=\"font-size: 16px\"><span class=\"bumpedFont15\"> am Sonntag <\/span><\/span><span class=\"s4\" style=\"font-size: 16px\"><span class=\"bumpedFont15\">28<\/span><\/span><span class=\"s4\" style=\"font-size: 16px\"><span class=\"bumpedFont15\">.Juni findet zum 25<\/span><\/span><span class=\"s4\" style=\"font-size: 16px\"><span class=\"bumpedFont15\">.Mal das Einzelzeitfahren der TSG Leutkirch<\/span><\/span><span class=\"s4\" style=\"font-size: 16px\"><span class=\"bumpedFont15\"> statt<\/span><\/span><span class=\"s4\" style=\"font-size: 16px\"><span class=\"bumpedFont15\">.<\/span><\/span> <span class=\"s4\" style=\"font-size: 16px\"><span class=\"bumpedFont15\">Das Event <\/span><\/span><span class=\"s4\" style=\"font-size: 16px\"><span class=\"bumpedFont15\">bietet <\/span><\/span><span class=\"s4\" style=\"font-size: 16px\"><span class=\"bumpedFont15\">allen Radlern, ob mit St\u00fctzr\u00e4dern oder mit Zeitfahrmaschine, ob Bambini oder Senior, die M\u00f6glichkeit sich<\/span><\/span><span class=\"s4\" style=\"font-size: 16px\"><span class=\"bumpedFont15\"> mit Gleichgesinnten zu messen. <\/span><\/span><span class=\"s4\" style=\"font-size: 16px\"><span class=\"bumpedFont15\">Da alle Teilnehmer einzeln starten, ist dies auch f\u00fcr Kinder v\u00f6llig <\/span><\/span><span class=\"s4\" style=\"font-size: 16px\"><span class=\"bumpedFont15\">problemlos zu meiste<\/span><\/span><span class=\"s4\" style=\"font-size: 16px\"><span class=\"bumpedFont15\">rn. Das Zeitfahren beginnt um 11<\/span><\/span><span class=\"s4\" style=\"font-size: 16px\"><span class=\"bumpedFont15\">:00. Die Start<\/span><\/span><span class=\"s4\" style=\"font-size: 16px\"><span class=\"bumpedFont15\">nummern gibt es ab 10:00<\/span><\/span> <span class=\"s4\" style=\"font-size: 16px\"><span class=\"bumpedFont15\">Uhr im Paus<\/span><\/span><span class=\"s4\" style=\"font-size: 16px\"><span class=\"bumpedFont15\">enhof der Realschule. <\/span><\/span><span class=\"s4\" style=\"font-size: 16px\"><span class=\"bumpedFont15\">Nach der Entscheidung auf der Strecke, fin<\/span><\/span><span class=\"s4\" style=\"font-size: 16px\"><span class=\"bumpedFont15\">det hier <\/span><\/span><span class=\"s4\" style=\"font-size: 16px\"><span class=\"bumpedFont15\">die S<\/span><\/span><span class=\"s4\" style=\"font-size: 16px\"><span class=\"bumpedFont15\">iegerehrung statt. <\/span><\/span><span class=\"s4\" style=\"font-size: 16px\"><span class=\"bumpedFont15\">F\u00fcr Kaffee\/Kuchen sowie Getr\u00e4nke und<\/span><\/span><span class=\"s4\" style=\"font-size: 16px\"><span class=\"bumpedFont15\"> Spe<\/span><\/span><span class=\"s4\" style=\"font-size: 16px\"><span class=\"bumpedFont15\">isen ist ebenfalls gesorgt. <\/span><\/span><span class=\"s4\" style=\"font-size: 16px\"><span class=\"bumpedFont15\">Die Startgeb\u00fchr f\u00fcr das Zeitfahren betr\u00e4gt f\u00fcr Kinder und Jugendl<\/span><\/span><span class=\"s4\" style=\"font-size: 16px\"><span class=\"bumpedFont15\">iche 5.-\u20ac \/ f\u00fcr Erwachsene 10<\/span><\/span><span class=\"s4\" style=\"font-size: 16px\"><span class=\"bumpedFont15\">.<\/span><\/span><span class=\"s4\" style=\"font-size: 16px\"><span class=\"bumpedFont15\">-\u20ac.<\/span><\/span><\/p><p>\u00a0<\/p><h3><a href=\"https:\/\/events.raceresult.com\/registrations\/?event=390608&amp;n=Sammel-Anmeldung&amp;k=qZsDmR6nz7C1\">Anmeldung<\/a><\/h3>\t\t\t\t\t\t\t\t<\/div>\n\t\t\t\t<\/div>\n\t\t\t\t<div class=\"elementor-element elementor-element-2201339 elementor-widget elementor-widget-heading\" data-id=\"2201339\" data-element_type=\"widget\" data-e-type=\"widget\" data-widget_type=\"heading.default\">\n\t\t\t\t<div class=\"elementor-widget-container\">\n\t\t\t\t\t<h4 class=\"elementor-heading-title elementor-size-default\"><a href=\"https:\/\/www.tsg-leutkirch.de\/radsport\/wp-content\/uploads\/sites\/26\/2025\/07\/Ergebnislisten02ErgebnislisteMWRadsprint.pdf\">Ergebnisse 2025<\/a><\/h4>\t\t\t\t<\/div>\n\t\t\t\t<\/div>\n\t\t\t\t<div class=\"elementor-element elementor-element-5b07016 elementor-widget elementor-widget-heading\" data-id=\"5b07016\" data-element_type=\"widget\" data-e-type=\"widget\" data-widget_type=\"heading.default\">\n\t\t\t\t<div class=\"elementor-widget-container\">\n\t\t\t\t\t<h4 class=\"elementor-heading-title elementor-size-default\"><a href=\"https:\/\/www.tsg-leutkirch.de\/radsport\/wp-content\/uploads\/sites\/26\/2024\/08\/Radsprint-2024-Ergebnisse.pdf\">Ergebnisse 2024<\/a><\/h4>\t\t\t\t<\/div>\n\t\t\t\t<\/div>\n\t\t\t\t<div class=\"elementor-element elementor-element-c19aeae elementor-widget elementor-widget-heading\" data-id=\"c19aeae\" data-element_type=\"widget\" data-e-type=\"widget\" data-widget_type=\"heading.default\">\n\t\t\t\t<div class=\"elementor-widget-container\">\n\t\t\t\t\t<h4 class=\"elementor-heading-title elementor-size-default\"><a href=\"https:\/\/my.raceresult.com\/245669\/results\">Ergebnisse 2023<\/a><\/h4>\t\t\t\t<\/div>\n\t\t\t\t<\/div>\n\t\t\t\t<div class=\"elementor-element elementor-element-ce2bf7f elementor-widget elementor-widget-heading\" data-id=\"ce2bf7f\" data-element_type=\"widget\" data-e-type=\"widget\" data-widget_type=\"heading.default\">\n\t\t\t\t<div class=\"elementor-widget-container\">\n\t\t\t\t\t<h4 class=\"elementor-heading-title elementor-size-default\"><a href=\"https:\/\/www.tsg-leutkirch.de\/radsport\/wp-content\/uploads\/sites\/26\/2022\/06\/Ergebnisliste-Radsprint-2022.pdf\">Ergebnisse 2022<\/a><\/h4>\t\t\t\t<\/div>\n\t\t\t\t<\/div>\n\t\t\t\t<div class=\"elementor-element elementor-element-65a8b01 elementor-widget elementor-widget-heading\" data-id=\"65a8b01\" data-element_type=\"widget\" data-e-type=\"widget\" data-widget_type=\"heading.default\">\n\t\t\t\t<div class=\"elementor-widget-container\">\n\t\t\t\t\t<h4 class=\"elementor-heading-title elementor-size-default\"><a href=\"https:\/\/www.tsg-leutkirch.de\/radsport\/wp-content\/uploads\/sites\/26\/2022\/06\/Ergebnisliste-Radsprint-2019.pdf\">Ergebnisse 2019<\/a><\/h4>\t\t\t\t<\/div>\n\t\t\t\t<\/div>\n\t\t\t\t<div class=\"elementor-element elementor-element-4ba2912 elementor-widget elementor-widget-heading\" data-id=\"4ba2912\" data-element_type=\"widget\" data-e-type=\"widget\" data-widget_type=\"heading.default\">\n\t\t\t\t<div class=\"elementor-widget-container\">\n\t\t\t\t\t<h4 class=\"elementor-heading-title elementor-size-default\"><a href=\"https:\/\/www.tsg-leutkirch.de\/radsport\/wp-content\/uploads\/sites\/26\/2022\/06\/Ergebnisliste-Radsprint-2018.pdf\">Ergebnisse 2018<\/a><\/h4>\t\t\t\t<\/div>\n\t\t\t\t<\/div>\n\t\t\t\t<div class=\"elementor-element elementor-element-a2a0df7 elementor-widget elementor-widget-heading\" data-id=\"a2a0df7\" data-element_type=\"widget\" data-e-type=\"widget\" data-widget_type=\"heading.default\">\n\t\t\t\t<div class=\"elementor-widget-container\">\n\t\t\t\t\t<h4 class=\"elementor-heading-title elementor-size-default\"><a href=\"https:\/\/www.tsg-leutkirch.de\/radsport\/wp-content\/uploads\/sites\/26\/2022\/06\/Ergebnisliste-Radsprint-2016.pdf\">Ergebnisse 2016<\/a><\/h4>\t\t\t\t<\/div>\n\t\t\t\t<\/div>\n\t\t\t\t\t<\/div>\n\t\t<\/div>\n\t\t\t\t\t<\/div>\n\t\t<\/section>\n\t\t\t\t<\/div>\n\t\t","protected":false},"excerpt":{"rendered":"<p>Radsprint Auf der 2,3 km langen Strecke am Planetenweg von Herlazhofen nach Leutkirch findet am Sonntag 28.Juni findet zum 25.Mal das Einzelzeitfahren der TSG Leutkirch statt. Das Event bietet allen Radlern, ob mit St\u00fctzr\u00e4dern oder mit Zeitfahrmaschine, ob Bambini oder Senior, die M\u00f6glichkeit sich mit Gleichgesinnten zu messen. Da alle Teilnehmer einzeln starten, ist dies [&hellip;]<\/p>\n","protected":false},"author":1,"featured_media":0,"parent":340,"menu_order":2,"comment_status":"closed","ping_status":"open","template":"","meta":{"_acf_changed":false,"site-sidebar-layout":"no-sidebar","site-content-layout":"page-builder","ast-site-content-layout":"default","site-content-style":"default","site-sidebar-style":"default","ast-global-header-display":"","ast-banner-title-visibility":"","ast-main-header-display":"","ast-hfb-above-header-display":"","ast-hfb-below-header-display":"","ast-hfb-mobile-header-display":"","site-post-title":"disabled","ast-breadcrumbs-content":"","ast-featured-img":"disabled","footer-sml-layout":"","ast-disable-related-posts":"","theme-transparent-header-meta":"default","adv-header-id-meta":"","stick-header-meta":"default","header-above-stick-meta":"","header-main-stick-meta":"","header-below-stick-meta":"","astra-migrate-meta-layouts":"default","ast-page-background-enabled":"default","ast-page-background-meta":{"desktop":{"background-color":"","background-image":"","background-repeat":"repeat","background-position":"center center","background-size":"auto","background-attachment":"scroll","background-type":"","background-media":"","overlay-type":"","overlay-color":"","overlay-opacity":"","overlay-gradient":""},"tablet":{"background-color":"","background-image":"","background-repeat":"repeat","background-position":"center center","background-size":"auto","background-attachment":"scroll","background-type":"","background-media":"","overlay-type":"","overlay-color":"","overlay-opacity":"","overlay-gradient":""},"mobile":{"background-color":"","background-image":"","background-repeat":"repeat","background-position":"center center","background-size":"auto","background-attachment":"scroll","background-type":"","background-media":"","overlay-type":"","overlay-color":"","overlay-opacity":"","overlay-gradient":""}},"ast-content-background-meta":{"desktop":{"background-color":"var(--ast-global-color-5)","background-image":"","background-repeat":"repeat","background-position":"center center","background-size":"auto","background-attachment":"scroll","background-type":"","background-media":"","overlay-type":"","overlay-color":"","overlay-opacity":"","overlay-gradient":""},"tablet":{"background-color":"var(--ast-global-color-5)","background-image":"","background-repeat":"repeat","background-position":"center center","background-size":"auto","background-attachment":"scroll","background-type":"","background-media":"","overlay-type":"","overlay-color":"","overlay-opacity":"","overlay-gradient":""},"mobile":{"background-color":"var(--ast-global-color-5)","background-image":"","background-repeat":"repeat","background-position":"center center","background-size":"auto","background-attachment":"scroll","background-type":"","background-media":"","overlay-type":"","overlay-color":"","overlay-opacity":"","overlay-gradient":""}},"footnotes":""},"class_list":["post-347","page","type-page","status-publish","hentry"],"acf":[],"_links":{"self":[{"href":"https:\/\/www.tsg-leutkirch.de\/radsport\/wp-json\/wp\/v2\/pages\/347","targetHints":{"allow":["GET"]}}],"collection":[{"href":"https:\/\/www.tsg-leutkirch.de\/radsport\/wp-json\/wp\/v2\/pages"}],"about":[{"href":"https:\/\/www.tsg-leutkirch.de\/radsport\/wp-json\/wp\/v2\/types\/page"}],"author":[{"embeddable":true,"href":"https:\/\/www.tsg-leutkirch.de\/radsport\/wp-json\/wp\/v2\/users\/1"}],"replies":[{"embeddable":true,"href":"https:\/\/www.tsg-leutkirch.de\/radsport\/wp-json\/wp\/v2\/comments?post=347"}],"version-history":[{"count":10,"href":"https:\/\/www.tsg-leutkirch.de\/radsport\/wp-json\/wp\/v2\/pages\/347\/revisions"}],"predecessor-version":[{"id":9439,"href":"https:\/\/www.tsg-leutkirch.de\/radsport\/wp-json\/wp\/v2\/pages\/347\/revisions\/9439"}],"up":[{"embeddable":true,"href":"https:\/\/www.tsg-leutkirch.de\/radsport\/wp-json\/wp\/v2\/pages\/340"}],"wp:attachment":[{"href":"https:\/\/www.tsg-leutkirch.de\/radsport\/wp-json\/wp\/v2\/media?parent=347"}],"curies":[{"name":"wp","href":"https:\/\/api.w.org\/{rel}","templated":true}]}}