{"id":6614,"date":"2023-01-23T19:39:23","date_gmt":"2023-01-23T18:39:23","guid":{"rendered":"https:\/\/www.tsg-leutkirch.de\/radsport\/?page_id=6614"},"modified":"2025-02-25T18:57:05","modified_gmt":"2025-02-25T17:57:05","slug":"spinningevent","status":"publish","type":"page","link":"https:\/\/www.tsg-leutkirch.de\/radsport\/leutkircher-rennen\/spinningevent\/","title":{"rendered":"Spinningevent"},"content":{"rendered":"\t\t<div data-elementor-type=\"wp-page\" data-elementor-id=\"6614\" class=\"elementor elementor-6614\" data-elementor-post-type=\"page\">\n\t\t\t\t\t\t<section class=\"elementor-section elementor-top-section elementor-element elementor-element-d418118 elementor-section-stretched elementor-section-content-middle elementor-section-height-min-height elementor-section-boxed elementor-section-height-default elementor-section-items-middle\" data-id=\"d418118\" data-element_type=\"section\" data-e-type=\"section\" data-settings=\"{&quot;stretch_section&quot;:&quot;section-stretched&quot;,&quot;background_background&quot;:&quot;classic&quot;,&quot;shape_divider_bottom&quot;:&quot;triangle-asymmetrical&quot;,&quot;shape_divider_bottom_negative&quot;:&quot;yes&quot;,&quot;jet_parallax_layout_list&quot;:[{&quot;jet_parallax_layout_image&quot;:{&quot;url&quot;:&quot;&quot;,&quot;id&quot;:&quot;&quot;,&quot;size&quot;:&quot;&quot;},&quot;_id&quot;:&quot;852ae4f&quot;,&quot;jet_parallax_layout_image_tablet&quot;:{&quot;url&quot;:&quot;&quot;,&quot;id&quot;:&quot;&quot;,&quot;size&quot;:&quot;&quot;},&quot;jet_parallax_layout_image_mobile&quot;:{&quot;url&quot;:&quot;&quot;,&quot;id&quot;:&quot;&quot;,&quot;size&quot;:&quot;&quot;},&quot;jet_parallax_layout_speed&quot;:{&quot;unit&quot;:&quot;%&quot;,&quot;size&quot;:50,&quot;sizes&quot;:[]},&quot;jet_parallax_layout_type&quot;:&quot;scroll&quot;,&quot;jet_parallax_layout_direction&quot;:&quot;1&quot;,&quot;jet_parallax_layout_fx_direction&quot;:null,&quot;jet_parallax_layout_z_index&quot;:&quot;&quot;,&quot;jet_parallax_layout_bg_x&quot;:50,&quot;jet_parallax_layout_bg_x_tablet&quot;:&quot;&quot;,&quot;jet_parallax_layout_bg_x_mobile&quot;:&quot;&quot;,&quot;jet_parallax_layout_bg_y&quot;:50,&quot;jet_parallax_layout_bg_y_tablet&quot;:&quot;&quot;,&quot;jet_parallax_layout_bg_y_mobile&quot;:&quot;&quot;,&quot;jet_parallax_layout_bg_size&quot;:&quot;auto&quot;,&quot;jet_parallax_layout_bg_size_tablet&quot;:&quot;&quot;,&quot;jet_parallax_layout_bg_size_mobile&quot;:&quot;&quot;,&quot;jet_parallax_layout_animation_prop&quot;:&quot;transform&quot;,&quot;jet_parallax_layout_on&quot;:[&quot;desktop&quot;,&quot;tablet&quot;]}]}\">\n\t\t\t\t\t<div class=\"elementor-shape elementor-shape-bottom\" aria-hidden=\"true\" data-negative=\"true\">\n\t\t\t<svg xmlns=\"http:\/\/www.w3.org\/2000\/svg\" viewBox=\"0 0 1000 100\" preserveAspectRatio=\"none\">\n\t<path class=\"elementor-shape-fill\" d=\"M737.9,94.7L0,0v100h1000V0L737.9,94.7z\"\/>\n<\/svg>\t\t<\/div>\n\t\t\t\t\t<div class=\"elementor-container elementor-column-gap-default\">\n\t\t\t\t\t<div class=\"elementor-column elementor-col-100 elementor-top-column elementor-element elementor-element-a61b724\" data-id=\"a61b724\" data-element_type=\"column\" data-e-type=\"column\">\n\t\t\t<div class=\"elementor-widget-wrap\">\n\t\t\t\t\t\t\t<\/div>\n\t\t<\/div>\n\t\t\t\t\t<\/div>\n\t\t<\/section>\n\t\t\t\t<section class=\"elementor-section elementor-top-section elementor-element elementor-element-bc78b57 elementor-section-boxed elementor-section-height-default elementor-section-height-default\" data-id=\"bc78b57\" data-element_type=\"section\" data-e-type=\"section\" data-settings=\"{&quot;jet_parallax_layout_list&quot;:[]}\">\n\t\t\t\t\t\t<div class=\"elementor-container elementor-column-gap-default\">\n\t\t\t\t\t<div class=\"elementor-column elementor-col-100 elementor-top-column elementor-element elementor-element-b038e2a\" data-id=\"b038e2a\" data-element_type=\"column\" data-e-type=\"column\">\n\t\t\t<div class=\"elementor-widget-wrap elementor-element-populated\">\n\t\t\t\t\t\t<div class=\"elementor-element elementor-element-7fd854d elementor-widget elementor-widget-spacer\" data-id=\"7fd854d\" data-element_type=\"widget\" data-e-type=\"widget\" data-widget_type=\"spacer.default\">\n\t\t\t\t<div class=\"elementor-widget-container\">\n\t\t\t\t\t\t\t<div class=\"elementor-spacer\">\n\t\t\t<div class=\"elementor-spacer-inner\"><\/div>\n\t\t<\/div>\n\t\t\t\t\t\t<\/div>\n\t\t\t\t<\/div>\n\t\t\t\t<div class=\"elementor-element elementor-element-5a8c427 elementor-widget elementor-widget-heading\" data-id=\"5a8c427\" data-element_type=\"widget\" data-e-type=\"widget\" data-widget_type=\"heading.default\">\n\t\t\t\t<div class=\"elementor-widget-container\">\n\t\t\t\t\t<h2 class=\"elementor-heading-title elementor-size-default\">Spinningevent <br>Vale - \"roll on\"<\/h2>\t\t\t\t<\/div>\n\t\t\t\t<\/div>\n\t\t\t\t\t<\/div>\n\t\t<\/div>\n\t\t\t\t\t<\/div>\n\t\t<\/section>\n\t\t\t\t<section class=\"elementor-section elementor-top-section elementor-element elementor-element-35627fe elementor-section-boxed elementor-section-height-default elementor-section-height-default\" data-id=\"35627fe\" data-element_type=\"section\" data-e-type=\"section\" data-settings=\"{&quot;jet_parallax_layout_list&quot;:[]}\">\n\t\t\t\t\t\t<div class=\"elementor-container elementor-column-gap-default\">\n\t\t\t\t\t<div class=\"elementor-column elementor-col-100 elementor-top-column elementor-element elementor-element-e676416\" data-id=\"e676416\" data-element_type=\"column\" data-e-type=\"column\">\n\t\t\t<div class=\"elementor-widget-wrap elementor-element-populated\">\n\t\t\t\t\t\t<div class=\"elementor-element elementor-element-2eaf7c8 elementor-widget elementor-widget-spacer\" data-id=\"2eaf7c8\" data-element_type=\"widget\" data-e-type=\"widget\" data-widget_type=\"spacer.default\">\n\t\t\t\t<div class=\"elementor-widget-container\">\n\t\t\t\t\t\t\t<div class=\"elementor-spacer\">\n\t\t\t<div class=\"elementor-spacer-inner\"><\/div>\n\t\t<\/div>\n\t\t\t\t\t\t<\/div>\n\t\t\t\t<\/div>\n\t\t\t\t<div class=\"elementor-element elementor-element-c89fd19 elementor-widget elementor-widget-text-editor\" data-id=\"c89fd19\" data-element_type=\"widget\" data-e-type=\"widget\" data-widget_type=\"text-editor.default\">\n\t\t\t\t<div class=\"elementor-widget-container\">\n\t\t\t\t\t\t\t\t\t<p>ein <strong>Benefiz-Spinning-Event der TSG-Radsportabteilung<\/strong><br \/>am 19. M\u00e4rz 2023 von 10.00 bis 17.00 Uhr in der Seelhaushalle Leutkirch<\/p><p>Es wird jeweils 50 Minuten gefahren und 5 Minuten gedehnt. Um bei einem Wechsel die Zeit einhalten zu k\u00f6nnen sind zwischen den Stunden jeweils 5 Minuten Luft!<\/p><p><strong>1. Block<\/strong> 10-10:55 Uhr <br \/><strong>2. Block<\/strong> 11-11:55 Uhr <br \/><strong>3. Block<\/strong> 12-12:55 Uhr <br \/><strong>4. Block<\/strong> 13-13:55 Uhr <br \/><strong>5. Block<\/strong> 14-14:55 Uhr <br \/><strong>6. Block<\/strong> 15-15:55 Uhr <br \/><strong>7. Block<\/strong> 16-16:55 Uhr<\/p><p>Bei der Anmeldung unbedingt angeben in welchem Block gefahren werden will! Will man l\u00e4nger als eine Stunde fahren z.B. 10-13:55 Uhr bitte 1-4 eingeben! Soll ein Rad den <b>ganzen Tag<\/b> gemietet werden bitte 1-7 angeben.<\/p><p>Liebe Radsportfreunde und Unterst\u00fctzer der TSG-Radsportabteilung Leutkirch,<\/p><p><strong>anl\u00e4sslich des tragischen Todesfalls von unserem Sportfreund Valentin Kegrei\u00df <\/strong>im vergangenen Jahr soll unter dem Motto <strong><em>Vale &#8211; \u201eroll on\u201c<\/em> <\/strong>ein Benefiz-Spinning-Event stattfinden. Als Spitzensportler und gleicherma\u00dfen Freund und \u201eMacher\u201c in unserer Abteilung, stellte Valentin eine ganz besonders bedeutende und allseits beliebte Pers\u00f6nlichkeit dar. Mit der Intension, Leutkirchern, Bekannten und Freunden aus dem Umfeld von Vale ein ungezwungenes, radsportliches Treffen anzubieten, wurde dieses Event von unserem Vorstandsmitglied Anke Eickhoff auf den Weg gebracht. Zu Ehren und W\u00fcrdigung von Valentin soll \u201egeradelt\u201c werden, um gleichzeitig soziale Einrichtungen in Leutkirch zu unterst\u00fctzen. \u201eSpinning-Instruktor*innen\u201c \u00f6rtlicher Fitnessbetreiber haben sich bereit erkl\u00e4rt, die Teilnehmer w\u00e4hrend der Veranstaltung professionell zu motivieren und anzuleiten. Hierzu stehen gut f\u00fcnfzig Spinning Bikes zur Verf\u00fcgung, welche stundenweise f\u00fcr 10 \u20ac angemietet werden k\u00f6nnen.<\/p><p>Der Gesamterl\u00f6s aus der Bike-Miete und der Verkostung wird auf Wunsch von Valentins Eltern der <strong>Leutkircher Tafel<\/strong> und dem station\u00e4ren <strong>Hospiz Ursula <\/strong>einschlie\u00dflich ambulanter Hospizgruppe \u00fcbergeben.<\/p><p><strong>F\u00fcr Gruppen, Firmen und Sponsoren<\/strong> besteht die M\u00f6glichkeit, einzelne Spinning-Bikes durchg\u00e4ngig w\u00e4hrend des Aktions-Tags zu mieten.<\/p><p>\u00dcber Spendenbeitr\u00e4ge, welche den Benefizbetrag erh\u00f6hen, freuen wir uns ganz besonders! Es werden keine Spendenbescheinigungen ausgestellt!<span style=\"font-size: 12.0pt;line-height: 105%\"> <br \/><\/span><\/p>\t\t\t\t\t\t\t\t<\/div>\n\t\t\t\t<\/div>\n\t\t\t\t<div class=\"elementor-element elementor-element-f4c767e ee-table--responsive ee-table-mobile-header--row elementor-widget elementor-widget-table\" data-id=\"f4c767e\" data-element_type=\"widget\" data-e-type=\"widget\" data-settings=\"{&quot;mobile_headers_auto&quot;:&quot;yes&quot;}\" data-widget_type=\"table.default\">\n\t\t\t\t<div class=\"elementor-widget-container\">\n\t\t\t\t\t\t\t\n\t\t<table class=\"ee-table ee-table--even ee-table--rules\">\n\n\t\t\t\t\t\t<colgroup>\n\t\t\t\t\t\t\t\t<col span=\"1\" class=\"elementor-repeater-item-a4aa4d7\">\n\t\t\t\t\t\t\t<\/colgroup>\n\t\t<thead>\n\t\t\t<tr class=\"ee-table__row\">\n\n\t\t\t<th class=\"ee-table__cell elementor-repeater-item-4982bff\">\n\t\t\t\t\t<span class=\"ee-table__text\"><span class=\"ee-table__text__inner\">Block<\/span>\n\n\t\t\t\t\t\t\n\t\t\t\t\t<\/span>\n\t\t\t\t<\/th>\n\n\t\t\t<th class=\"ee-table__cell elementor-repeater-item-122b738\">\n\t\t\t\t\t<span class=\"ee-table__text\"><span class=\"ee-table__text__inner\">Name<\/span>\n\n\t\t\t\t\t\t\n\t\t\t\t\t<\/span>\n\t\t\t\t<\/th>\n\n\t\t\t<th class=\"ee-table__cell elementor-repeater-item-1ccd163\">\n\t\t\t\t\t<span class=\"ee-table__text\"><span class=\"ee-table__text__inner\">Studio<\/span>\n\n\t\t\t\t\t\t\n\t\t\t\t\t<\/span>\n\t\t\t\t<\/th>\n\n\t\t\t\t\t\t<\/tr>\n\t\t<\/thead><tbody><tr class=\"ee-table__row elementor-repeater-item-10ab4e9\">\n\t\t<td class=\"ee-table__cell elementor-repeater-item-9fb567f\" data-title=\"Block\">\n\t\t\t<span class=\"ee-table__text\"><span class=\"ee-table__text__inner\">Block 1<\/span>\n\n\t\t\t<\/span>\n\t\t<\/td><td class=\"ee-table__cell elementor-repeater-item-c3ebf05\" data-title=\"Name\">\n\t\t\t<span class=\"ee-table__text\"><span class=\"ee-table__text__inner\">Verena<\/span>\n\n\t\t\t<\/span>\n\t\t<\/td><td class=\"ee-table__cell elementor-repeater-item-5540ebf\" data-title=\"Studio\">\n\t\t\t<span class=\"ee-table__text\"><span class=\"ee-table__text__inner\">Kraftbox<\/span>\n\n\t\t\t<\/span>\n\t\t<\/td><\/tr><tr class=\"ee-table__row elementor-repeater-item-1d98908\">\n\n\t\t<td class=\"ee-table__cell elementor-repeater-item-bc460bf\" data-title=\"Block\">\n\t\t\t<span class=\"ee-table__text\"><span class=\"ee-table__text__inner\">Block 2<\/span>\n\n\t\t\t<\/span>\n\t\t<\/td><td class=\"ee-table__cell elementor-repeater-item-a719bc8\" data-title=\"Name\">\n\t\t\t<span class=\"ee-table__text\"><span class=\"ee-table__text__inner\">Verena<\/span>\n\n\t\t\t<\/span>\n\t\t<\/td><td class=\"ee-table__cell elementor-repeater-item-31d9933\" data-title=\"Studio\">\n\t\t\t<span class=\"ee-table__text\"><span class=\"ee-table__text__inner\">Kraftbox<\/span>\n\n\t\t\t<\/span>\n\t\t<\/td><\/tr><tr class=\"ee-table__row elementor-repeater-item-e0f350a\">\n\n\t\t<td class=\"ee-table__cell elementor-repeater-item-c035ea6\" data-title=\"Block\">\n\t\t\t<span class=\"ee-table__text\"><span class=\"ee-table__text__inner\">Block 3<\/span>\n\n\t\t\t<\/span>\n\t\t<\/td><td class=\"ee-table__cell elementor-repeater-item-6501568\" data-title=\"Name\">\n\t\t\t<span class=\"ee-table__text\"><span class=\"ee-table__text__inner\">Gerhard<\/span>\n\n\t\t\t<\/span>\n\t\t<\/td><td class=\"ee-table__cell elementor-repeater-item-e3a904c\" data-title=\"Studio\">\n\t\t\t<span class=\"ee-table__text\"><span class=\"ee-table__text__inner\">Rehactiv<\/span>\n\n\t\t\t<\/span>\n\t\t<\/td><\/tr><tr class=\"ee-table__row elementor-repeater-item-d0f7fa6\">\n\n\t\t<td class=\"ee-table__cell elementor-repeater-item-01a3590\" data-title=\"Block\">\n\t\t\t<span class=\"ee-table__text\"><span class=\"ee-table__text__inner\">Block 4<\/span>\n\n\t\t\t<\/span>\n\t\t<\/td><td class=\"ee-table__cell elementor-repeater-item-fb8811e\" data-title=\"Name\">\n\t\t\t<span class=\"ee-table__text\"><span class=\"ee-table__text__inner\">Andrea \/ Gerhard<\/span>\n\n\t\t\t<\/span>\n\t\t<\/td><td class=\"ee-table__cell elementor-repeater-item-7a132eb\" data-title=\"Studio\">\n\t\t\t<span class=\"ee-table__text\"><span class=\"ee-table__text__inner\">Rehactiv<\/span>\n\n\t\t\t<\/span>\n\t\t<\/td><\/tr><tr class=\"ee-table__row elementor-repeater-item-efb9c53\">\n\n\t\t<td class=\"ee-table__cell elementor-repeater-item-8df0a8a\" data-title=\"Block\">\n\t\t\t<span class=\"ee-table__text\"><span class=\"ee-table__text__inner\">Block 5<\/span>\n\n\t\t\t<\/span>\n\t\t<\/td><td class=\"ee-table__cell elementor-repeater-item-b1ba235\" data-title=\"Name\">\n\t\t\t<span class=\"ee-table__text\"><span class=\"ee-table__text__inner\">Andrea<\/span>\n\n\t\t\t<\/span>\n\t\t<\/td><td class=\"ee-table__cell elementor-repeater-item-e9aaca5\" data-title=\"Studio\">\n\t\t\t<span class=\"ee-table__text\"><span class=\"ee-table__text__inner\">Rehactiv<\/span>\n\n\t\t\t<\/span>\n\t\t<\/td><\/tr><tr class=\"ee-table__row elementor-repeater-item-9ed09a5\">\n\n\t\t<td class=\"ee-table__cell elementor-repeater-item-528af42\" data-title=\"Block\">\n\t\t\t<span class=\"ee-table__text\"><span class=\"ee-table__text__inner\">Block 6<\/span>\n\n\t\t\t<\/span>\n\t\t<\/td><td class=\"ee-table__cell elementor-repeater-item-5c7aff7\" data-title=\"Name\">\n\t\t\t<span class=\"ee-table__text\"><span class=\"ee-table__text__inner\">Verena \/ Achim<\/span>\n\n\t\t\t<\/span>\n\t\t<\/td><td class=\"ee-table__cell elementor-repeater-item-f8ba011\" data-title=\"Studio\">\n\t\t\t<span class=\"ee-table__text\"><span class=\"ee-table__text__inner\">Kraftbox \/ Radklamotte<\/span>\n\n\t\t\t<\/span>\n\t\t<\/td><\/tr><tr class=\"ee-table__row elementor-repeater-item-d30a3a4\">\n\n\t\t<td class=\"ee-table__cell elementor-repeater-item-7579216\" data-title=\"Block\">\n\t\t\t<span class=\"ee-table__text\"><span class=\"ee-table__text__inner\">Block 7<\/span>\n\n\t\t\t<\/span>\n\t\t<\/td><td class=\"ee-table__cell elementor-repeater-item-85f69b0\" data-title=\"Name\">\n\t\t\t<span class=\"ee-table__text\"><span class=\"ee-table__text__inner\">Achim<\/span>\n\n\t\t\t<\/span>\n\t\t<\/td><td class=\"ee-table__cell elementor-repeater-item-578517a\" data-title=\"Studio\">\n\t\t\t<span class=\"ee-table__text\"><span class=\"ee-table__text__inner\">Radklamotte<\/span>\n\n\t\t\t<\/span>\n\t\t<\/td><\/tr>\n\t\t\t<\/tbody>\n\t\t<\/table>\n\n\t\t\t\t\t\t<\/div>\n\t\t\t\t<\/div>\n\t\t\t\t<div class=\"elementor-element elementor-element-5080bcd elementor-widget elementor-widget-spacer\" data-id=\"5080bcd\" data-element_type=\"widget\" data-e-type=\"widget\" data-widget_type=\"spacer.default\">\n\t\t\t\t<div class=\"elementor-widget-container\">\n\t\t\t\t\t\t\t<div class=\"elementor-spacer\">\n\t\t\t<div class=\"elementor-spacer-inner\"><\/div>\n\t\t<\/div>\n\t\t\t\t\t\t<\/div>\n\t\t\t\t<\/div>\n\t\t\t\t<div class=\"elementor-element elementor-element-71337dd elementor-widget elementor-widget-heading\" data-id=\"71337dd\" data-element_type=\"widget\" data-e-type=\"widget\" data-widget_type=\"heading.default\">\n\t\t\t\t<div class=\"elementor-widget-container\">\n\t\t\t\t\t<h2 class=\"elementor-heading-title elementor-size-default\">Anmeldung<\/h2>\t\t\t\t<\/div>\n\t\t\t\t<\/div>\n\t\t\t\t<div class=\"elementor-element elementor-element-eca6ad8 elementor-widget elementor-widget-text-editor\" data-id=\"eca6ad8\" data-element_type=\"widget\" data-e-type=\"widget\" data-widget_type=\"text-editor.default\">\n\t\t\t\t<div class=\"elementor-widget-container\">\n\t\t\t\t\t\t\t\t\t<h6>Anmeldung bis 15.3.2023!<\/h6><h6>Bezahlung vor Ort.<\/h6>\t\t\t\t\t\t\t\t<\/div>\n\t\t\t\t<\/div>\n\t\t\t\t<div class=\"elementor-element elementor-element-03513a2 elementor-button-align-stretch elementor-widget elementor-widget-form\" data-id=\"03513a2\" data-element_type=\"widget\" data-e-type=\"widget\" data-settings=\"{&quot;step_next_label&quot;:&quot;N\\u00e4chster&quot;,&quot;step_previous_label&quot;:&quot;Voriger&quot;,&quot;button_width&quot;:&quot;100&quot;,&quot;step_type&quot;:&quot;number_text&quot;,&quot;step_icon_shape&quot;:&quot;circle&quot;}\" data-widget_type=\"form.default\">\n\t\t\t\t<div class=\"elementor-widget-container\">\n\t\t\t\t\t\t\t<form class=\"elementor-form\" method=\"post\" name=\"Neues Formular\" aria-label=\"Neues Formular\">\n\t\t\t<input type=\"hidden\" name=\"post_id\" value=\"6614\"\/>\n\t\t\t<input type=\"hidden\" name=\"form_id\" value=\"03513a2\"\/>\n\t\t\t<input type=\"hidden\" name=\"referer_title\" value=\"Spinningevent\" \/>\n\n\t\t\t\t\t\t\t<input type=\"hidden\" name=\"queried_id\" value=\"6614\"\/>\n\t\t\t\n\t\t\t<div class=\"elementor-form-fields-wrapper elementor-labels-above\">\n\t\t\t\t\t\t\t\t<div class=\"elementor-field-type-text elementor-field-group elementor-column elementor-field-group-name elementor-col-100 elementor-field-required elementor-mark-required\">\n\t\t\t\t\t\t\t\t\t\t\t\t<label for=\"form-field-name\" class=\"elementor-field-label\">\n\t\t\t\t\t\t\t\tName \/ Vorname\t\t\t\t\t\t\t<\/label>\n\t\t\t\t\t\t\t\t\t\t\t\t\t\t<input size=\"1\" type=\"text\" name=\"form_fields[name]\" id=\"form-field-name\" class=\"elementor-field elementor-size-sm  elementor-field-textual\" placeholder=\"Name \/ Vorname\" required=\"required\">\n\t\t\t\t\t\t\t\t\t\t\t<\/div>\n\t\t\t\t\t\t\t\t<div class=\"elementor-field-type-email elementor-field-group elementor-column elementor-field-group-email elementor-col-100 elementor-field-required elementor-mark-required\">\n\t\t\t\t\t\t\t\t\t\t\t\t<label for=\"form-field-email\" class=\"elementor-field-label\">\n\t\t\t\t\t\t\t\tE-Mail\t\t\t\t\t\t\t<\/label>\n\t\t\t\t\t\t\t\t\t\t\t\t\t\t<input size=\"1\" type=\"email\" name=\"form_fields[email]\" id=\"form-field-email\" class=\"elementor-field elementor-size-sm  elementor-field-textual\" placeholder=\"E-Mail\" required=\"required\">\n\t\t\t\t\t\t\t\t\t\t\t<\/div>\n\t\t\t\t\t\t\t\t<div class=\"elementor-field-type-text elementor-field-group elementor-column elementor-field-group-field_5681795 elementor-col-100\">\n\t\t\t\t\t\t\t\t\t\t\t\t<label for=\"form-field-field_5681795\" class=\"elementor-field-label\">\n\t\t\t\t\t\t\t\tTelefonnummer\t\t\t\t\t\t\t<\/label>\n\t\t\t\t\t\t\t\t\t\t\t\t\t\t<input size=\"1\" type=\"text\" name=\"form_fields[field_5681795]\" id=\"form-field-field_5681795\" class=\"elementor-field elementor-size-sm  elementor-field-textual\" placeholder=\"Telefonnummer f\u00fcr R\u00fcckfragen\">\n\t\t\t\t\t\t\t\t\t\t\t<\/div>\n\t\t\t\t\t\t\t\t<div class=\"elementor-field-type-text elementor-field-group elementor-column elementor-field-group-field_1920e5a elementor-col-100 elementor-field-required elementor-mark-required\">\n\t\t\t\t\t\t\t\t\t\t\t\t<label for=\"form-field-field_1920e5a\" class=\"elementor-field-label\">\n\t\t\t\t\t\t\t\tBlock\t\t\t\t\t\t\t<\/label>\n\t\t\t\t\t\t\t\t\t\t\t\t\t\t<input size=\"1\" type=\"text\" name=\"form_fields[field_1920e5a]\" id=\"form-field-field_1920e5a\" class=\"elementor-field elementor-size-sm  elementor-field-textual\" placeholder=\"wenn Sie z.B. von 10-13:55 fahren wollen, dann eingeben 1-4.\" required=\"required\">\n\t\t\t\t\t\t\t\t\t\t\t<\/div>\n\t\t\t\t\t\t\t\t<div class=\"elementor-field-type-acceptance elementor-field-group elementor-column elementor-field-group-field_4ec1232 elementor-col-100 elementor-field-required elementor-mark-required\">\n\t\t\t\t\t\t\t<div class=\"elementor-field-subgroup\">\n\t\t\t<span class=\"elementor-field-option\">\n\t\t\t\t<input type=\"checkbox\" name=\"form_fields[field_4ec1232]\" id=\"form-field-field_4ec1232\" class=\"elementor-field elementor-size-sm  elementor-acceptance-field\" required=\"required\">\n\t\t\t\t<label for=\"form-field-field_4ec1232\">Ich stimme den allgemeinen Datenschutzrichtlinien zu.<\/label>\t\t\t<\/span>\n\t\t<\/div>\n\t\t\t\t\t\t<\/div>\n\t\t\t\t\t\t\t\t<div class=\"elementor-field-group elementor-column elementor-field-type-submit elementor-col-100 e-form__buttons\">\n\t\t\t\t\t<button class=\"elementor-button elementor-size-sm\" type=\"submit\">\n\t\t\t\t\t\t<span class=\"elementor-button-content-wrapper\">\n\t\t\t\t\t\t\t\t\t\t\t\t\t\t\t\t\t\t\t\t\t\t<span class=\"elementor-button-text\">Senden<\/span>\n\t\t\t\t\t\t\t\t\t\t\t\t\t<\/span>\n\t\t\t\t\t<\/button>\n\t\t\t\t<\/div>\n\t\t\t<\/div>\n\t\t<\/form>\n\t\t\t\t\t\t<\/div>\n\t\t\t\t<\/div>\n\t\t\t\t\t<\/div>\n\t\t<\/div>\n\t\t\t\t\t<\/div>\n\t\t<\/section>\n\t\t\t\t<section class=\"elementor-section elementor-top-section elementor-element elementor-element-a16ae8f elementor-section-boxed elementor-section-height-default elementor-section-height-default\" data-id=\"a16ae8f\" data-element_type=\"section\" data-e-type=\"section\" data-settings=\"{&quot;jet_parallax_layout_list&quot;:[]}\">\n\t\t\t\t\t\t<div class=\"elementor-container elementor-column-gap-default\">\n\t\t\t\t\t<div class=\"elementor-column elementor-col-100 elementor-top-column elementor-element elementor-element-1154ea6\" data-id=\"1154ea6\" data-element_type=\"column\" data-e-type=\"column\">\n\t\t\t<div class=\"elementor-widget-wrap\">\n\t\t\t\t\t\t\t<\/div>\n\t\t<\/div>\n\t\t\t\t\t<\/div>\n\t\t<\/section>\n\t\t\t\t<\/div>\n\t\t","protected":false},"excerpt":{"rendered":"<p>Spinningevent Vale &#8211; &#8222;roll on&#8220; ein Benefiz-Spinning-Event der TSG-Radsportabteilungam 19. M\u00e4rz 2023 von 10.00 bis 17.00 Uhr in der Seelhaushalle Leutkirch Es wird jeweils 50 Minuten gefahren und 5 Minuten gedehnt. Um bei einem Wechsel die Zeit einhalten zu k\u00f6nnen sind zwischen den Stunden jeweils 5 Minuten Luft! 1. Block 10-10:55 Uhr 2. Block 11-11:55 [&hellip;]<\/p>\n","protected":false},"author":5,"featured_media":0,"parent":340,"menu_order":1,"comment_status":"closed","ping_status":"open","template":"","meta":{"_acf_changed":false,"site-sidebar-layout":"no-sidebar","site-content-layout":"page-builder","ast-site-content-layout":"default","site-content-style":"default","site-sidebar-style":"default","ast-global-header-display":"","ast-banner-title-visibility":"","ast-main-header-display":"","ast-hfb-above-header-display":"","ast-hfb-below-header-display":"","ast-hfb-mobile-header-display":"","site-post-title":"disabled","ast-breadcrumbs-content":"","ast-featured-img":"disabled","footer-sml-layout":"","ast-disable-related-posts":"","theme-transparent-header-meta":"default","adv-header-id-meta":"","stick-header-meta":"default","header-above-stick-meta":"","header-main-stick-meta":"","header-below-stick-meta":"","astra-migrate-meta-layouts":"default","ast-page-background-enabled":"default","ast-page-background-meta":{"desktop":{"background-color":"","background-image":"","background-repeat":"repeat","background-position":"center center","background-size":"auto","background-attachment":"scroll","background-type":"","background-media":"","overlay-type":"","overlay-color":"","overlay-opacity":"","overlay-gradient":""},"tablet":{"background-color":"","background-image":"","background-repeat":"repeat","background-position":"center center","background-size":"auto","background-attachment":"scroll","background-type":"","background-media":"","overlay-type":"","overlay-color":"","overlay-opacity":"","overlay-gradient":""},"mobile":{"background-color":"","background-image":"","background-repeat":"repeat","background-position":"center center","background-size":"auto","background-attachment":"scroll","background-type":"","background-media":"","overlay-type":"","overlay-color":"","overlay-opacity":"","overlay-gradient":""}},"ast-content-background-meta":{"desktop":{"background-color":"var(--ast-global-color-5)","background-image":"","background-repeat":"repeat","background-position":"center center","background-size":"auto","background-attachment":"scroll","background-type":"","background-media":"","overlay-type":"","overlay-color":"","overlay-opacity":"","overlay-gradient":""},"tablet":{"background-color":"var(--ast-global-color-5)","background-image":"","background-repeat":"repeat","background-position":"center center","background-size":"auto","background-attachment":"scroll","background-type":"","background-media":"","overlay-type":"","overlay-color":"","overlay-opacity":"","overlay-gradient":""},"mobile":{"background-color":"var(--ast-global-color-5)","background-image":"","background-repeat":"repeat","background-position":"center center","background-size":"auto","background-attachment":"scroll","background-type":"","background-media":"","overlay-type":"","overlay-color":"","overlay-opacity":"","overlay-gradient":""}},"footnotes":""},"class_list":["post-6614","page","type-page","status-publish","hentry"],"acf":[],"_links":{"self":[{"href":"https:\/\/www.tsg-leutkirch.de\/radsport\/wp-json\/wp\/v2\/pages\/6614","targetHints":{"allow":["GET"]}}],"collection":[{"href":"https:\/\/www.tsg-leutkirch.de\/radsport\/wp-json\/wp\/v2\/pages"}],"about":[{"href":"https:\/\/www.tsg-leutkirch.de\/radsport\/wp-json\/wp\/v2\/types\/page"}],"author":[{"embeddable":true,"href":"https:\/\/www.tsg-leutkirch.de\/radsport\/wp-json\/wp\/v2\/users\/5"}],"replies":[{"embeddable":true,"href":"https:\/\/www.tsg-leutkirch.de\/radsport\/wp-json\/wp\/v2\/comments?post=6614"}],"version-history":[{"count":10,"href":"https:\/\/www.tsg-leutkirch.de\/radsport\/wp-json\/wp\/v2\/pages\/6614\/revisions"}],"predecessor-version":[{"id":8849,"href":"https:\/\/www.tsg-leutkirch.de\/radsport\/wp-json\/wp\/v2\/pages\/6614\/revisions\/8849"}],"up":[{"embeddable":true,"href":"https:\/\/www.tsg-leutkirch.de\/radsport\/wp-json\/wp\/v2\/pages\/340"}],"wp:attachment":[{"href":"https:\/\/www.tsg-leutkirch.de\/radsport\/wp-json\/wp\/v2\/media?parent=6614"}],"curies":[{"name":"wp","href":"https:\/\/api.w.org\/{rel}","templated":true}]}}