{"id":2550,"date":"2020-04-20T14:10:25","date_gmt":"2020-04-20T12:10:25","guid":{"rendered":"http:\/\/multitsg.iamhosting.de\/skilaeuferzunft\/?page_id=2550"},"modified":"2021-12-16T11:39:05","modified_gmt":"2021-12-16T10:39:05","slug":"chronik","status":"publish","type":"page","link":"https:\/\/www.tsg-leutkirch.de\/skilaeuferzunft\/verein\/chronik\/","title":{"rendered":"Chronik"},"content":{"rendered":"\t\t<div data-elementor-type=\"wp-page\" data-elementor-id=\"2550\" class=\"elementor elementor-2550\" data-elementor-post-type=\"page\">\n\t\t\t\t\t\t<section class=\"elementor-section elementor-top-section elementor-element elementor-element-a09ce5e elementor-section-stretched elementor-section-content-middle elementor-section-height-min-height elementor-section-boxed elementor-section-height-default elementor-section-items-middle\" data-id=\"a09ce5e\" data-element_type=\"section\" data-e-type=\"section\" id=\"home\" data-settings=\"{&quot;stretch_section&quot;:&quot;section-stretched&quot;,&quot;background_background&quot;:&quot;classic&quot;,&quot;shape_divider_bottom&quot;:&quot;triangle-asymmetrical&quot;,&quot;shape_divider_bottom_negative&quot;:&quot;yes&quot;,&quot;jet_parallax_layout_list&quot;:[]}\">\n\t\t\t\t\t<div class=\"elementor-shape elementor-shape-bottom\" aria-hidden=\"true\" data-negative=\"true\">\n\t\t\t<svg xmlns=\"http:\/\/www.w3.org\/2000\/svg\" viewBox=\"0 0 1000 100\" preserveAspectRatio=\"none\">\n\t<path class=\"elementor-shape-fill\" d=\"M737.9,94.7L0,0v100h1000V0L737.9,94.7z\"\/>\n<\/svg>\t\t<\/div>\n\t\t\t\t\t<div class=\"elementor-container elementor-column-gap-default\">\n\t\t\t\t\t<div class=\"elementor-column elementor-col-100 elementor-top-column elementor-element elementor-element-2f755dbe\" data-id=\"2f755dbe\" data-element_type=\"column\" data-e-type=\"column\">\n\t\t\t<div class=\"elementor-widget-wrap\">\n\t\t\t\t\t\t\t<\/div>\n\t\t<\/div>\n\t\t\t\t\t<\/div>\n\t\t<\/section>\n\t\t\t\t<section class=\"elementor-section elementor-top-section elementor-element elementor-element-345bde2 elementor-section-boxed elementor-section-height-default elementor-section-height-default\" data-id=\"345bde2\" data-element_type=\"section\" data-e-type=\"section\" data-settings=\"{&quot;jet_parallax_layout_list&quot;:[]}\">\n\t\t\t\t\t\t<div class=\"elementor-container elementor-column-gap-default\">\n\t\t\t\t\t<div class=\"elementor-column elementor-col-100 elementor-top-column elementor-element elementor-element-dca1eff\" data-id=\"dca1eff\" data-element_type=\"column\" data-e-type=\"column\">\n\t\t\t<div class=\"elementor-widget-wrap elementor-element-populated\">\n\t\t\t\t\t\t<div class=\"elementor-element elementor-element-2689d0b elementor-widget elementor-widget-heading\" data-id=\"2689d0b\" data-element_type=\"widget\" data-e-type=\"widget\" data-widget_type=\"heading.default\">\n\t\t\t\t<div class=\"elementor-widget-container\">\n\t\t\t\t\t<h1 class=\"elementor-heading-title elementor-size-default\">Chronik<\/h1>\t\t\t\t<\/div>\n\t\t\t\t<\/div>\n\t\t\t\t\t<\/div>\n\t\t<\/div>\n\t\t\t\t\t<\/div>\n\t\t<\/section>\n\t\t\t\t<section class=\"elementor-section elementor-top-section elementor-element elementor-element-6de5621 elementor-section-boxed elementor-section-height-default elementor-section-height-default\" data-id=\"6de5621\" data-element_type=\"section\" data-e-type=\"section\" data-settings=\"{&quot;jet_parallax_layout_list&quot;:[]}\">\n\t\t\t\t\t\t<div class=\"elementor-container elementor-column-gap-default\">\n\t\t\t\t\t<div class=\"elementor-column elementor-col-50 elementor-top-column elementor-element elementor-element-222847b\" data-id=\"222847b\" data-element_type=\"column\" data-e-type=\"column\">\n\t\t\t<div class=\"elementor-widget-wrap elementor-element-populated\">\n\t\t\t\t\t\t<div class=\"elementor-element elementor-element-d6d9c9f elementor-widget elementor-widget-image\" data-id=\"d6d9c9f\" data-element_type=\"widget\" data-e-type=\"widget\" data-widget_type=\"image.default\">\n\t\t\t\t<div class=\"elementor-widget-container\">\n\t\t\t\t\t\t\t\t\t\t\t\t\t\t\t<img fetchpriority=\"high\" decoding=\"async\" width=\"787\" height=\"787\" src=\"https:\/\/www.tsg-leutkirch.de\/skilaeuferzunft\/wp-content\/uploads\/sites\/27\/2020\/04\/chronik.png\" class=\"attachment-large size-large wp-image-2553\" alt=\"\" srcset=\"https:\/\/www.tsg-leutkirch.de\/skilaeuferzunft\/wp-content\/uploads\/sites\/27\/2020\/04\/chronik.png 787w, https:\/\/www.tsg-leutkirch.de\/skilaeuferzunft\/wp-content\/uploads\/sites\/27\/2020\/04\/chronik-300x300.png 300w, https:\/\/www.tsg-leutkirch.de\/skilaeuferzunft\/wp-content\/uploads\/sites\/27\/2020\/04\/chronik-150x150.png 150w, https:\/\/www.tsg-leutkirch.de\/skilaeuferzunft\/wp-content\/uploads\/sites\/27\/2020\/04\/chronik-768x768.png 768w\" sizes=\"(max-width: 787px) 100vw, 787px\" \/>\t\t\t\t\t\t\t\t\t\t\t\t\t\t\t<\/div>\n\t\t\t\t<\/div>\n\t\t\t\t\t<\/div>\n\t\t<\/div>\n\t\t\t\t<div class=\"elementor-column elementor-col-50 elementor-top-column elementor-element elementor-element-0af6ce8\" data-id=\"0af6ce8\" data-element_type=\"column\" data-e-type=\"column\">\n\t\t\t<div class=\"elementor-widget-wrap elementor-element-populated\">\n\t\t\t\t\t\t<div class=\"elementor-element elementor-element-468d6d3 elementor-widget elementor-widget-text-editor\" data-id=\"468d6d3\" data-element_type=\"widget\" data-e-type=\"widget\" data-widget_type=\"text-editor.default\">\n\t\t\t\t<div class=\"elementor-widget-container\">\n\t\t\t\t\t\t\t\t\t<h4>Chronik der Skil\u00e4uferzunft zum 100-j\u00e4hrigen Jubil\u00e4um<\/h4><h4>1908 \u2013 2008<\/h4><p>hier herunterladen (16 MB, PDF)<\/p>\t\t\t\t\t\t\t\t<\/div>\n\t\t\t\t<\/div>\n\t\t\t\t<div class=\"elementor-element elementor-element-7596680 elementor-widget elementor-widget-button\" data-id=\"7596680\" data-element_type=\"widget\" data-e-type=\"widget\" data-widget_type=\"button.default\">\n\t\t\t\t<div class=\"elementor-widget-container\">\n\t\t\t\t\t\t\t\t\t<div class=\"elementor-button-wrapper\">\n\t\t\t\t\t<a class=\"elementor-button elementor-button-link elementor-size-sm\" href=\"\/skilaeuferzunft\/wp-content\/uploads\/sites\/27\/2020\/04\/chronik_2008.pdf\" target=\"_blank\">\n\t\t\t\t\t\t<span class=\"elementor-button-content-wrapper\">\n\t\t\t\t\t\t\t\t\t<span class=\"elementor-button-text\">Download<\/span>\n\t\t\t\t\t<\/span>\n\t\t\t\t\t<\/a>\n\t\t\t\t<\/div>\n\t\t\t\t\t\t\t\t<\/div>\n\t\t\t\t<\/div>\n\t\t\t\t\t<\/div>\n\t\t<\/div>\n\t\t\t\t\t<\/div>\n\t\t<\/section>\n\t\t\t\t<section class=\"elementor-section elementor-top-section elementor-element elementor-element-777d2bf elementor-section-boxed elementor-section-height-default elementor-section-height-default\" data-id=\"777d2bf\" data-element_type=\"section\" data-e-type=\"section\" data-settings=\"{&quot;jet_parallax_layout_list&quot;:[]}\">\n\t\t\t\t\t\t<div class=\"elementor-container elementor-column-gap-default\">\n\t\t\t\t\t<div class=\"elementor-column elementor-col-100 elementor-top-column elementor-element elementor-element-27dd65c\" data-id=\"27dd65c\" data-element_type=\"column\" data-e-type=\"column\">\n\t\t\t<div class=\"elementor-widget-wrap elementor-element-populated\">\n\t\t\t\t\t\t<div class=\"elementor-element elementor-element-dbac3b1 elementor-widget-divider--view-line elementor-widget elementor-widget-divider\" data-id=\"dbac3b1\" data-element_type=\"widget\" data-e-type=\"widget\" data-widget_type=\"divider.default\">\n\t\t\t\t<div class=\"elementor-widget-container\">\n\t\t\t\t\t\t\t<div class=\"elementor-divider\">\n\t\t\t<span class=\"elementor-divider-separator\">\n\t\t\t\t\t\t<\/span>\n\t\t<\/div>\n\t\t\t\t\t\t<\/div>\n\t\t\t\t<\/div>\n\t\t\t\t\t<\/div>\n\t\t<\/div>\n\t\t\t\t\t<\/div>\n\t\t<\/section>\n\t\t\t\t<section class=\"elementor-section elementor-top-section elementor-element elementor-element-dfa2cfc elementor-section-boxed elementor-section-height-default elementor-section-height-default\" data-id=\"dfa2cfc\" data-element_type=\"section\" data-e-type=\"section\" data-settings=\"{&quot;jet_parallax_layout_list&quot;:[]}\">\n\t\t\t\t\t\t<div class=\"elementor-container elementor-column-gap-default\">\n\t\t\t\t\t<div class=\"elementor-column elementor-col-100 elementor-top-column elementor-element elementor-element-094681f\" data-id=\"094681f\" data-element_type=\"column\" data-e-type=\"column\">\n\t\t\t<div class=\"elementor-widget-wrap elementor-element-populated\">\n\t\t\t\t\t\t<div class=\"elementor-element elementor-element-413c3f0 elementor-widget elementor-widget-text-editor\" data-id=\"413c3f0\" data-element_type=\"widget\" data-e-type=\"widget\" data-widget_type=\"text-editor.default\">\n\t\t\t\t<div class=\"elementor-widget-container\">\n\t\t\t\t\t\t\t\t\t<h4>Fotos aus der Chronik der Skil\u00e4uferzunft &#8211; 100 JAHRE &#8211;<br \/>1908 &#8211; 2008<\/h4>\t\t\t\t\t\t\t\t<\/div>\n\t\t\t\t<\/div>\n\t\t\t\t<div class=\"elementor-element elementor-element-9e36ba2 elementor-widget elementor-widget-gallery\" data-id=\"9e36ba2\" data-element_type=\"widget\" data-e-type=\"widget\" data-settings=\"{&quot;lazyload&quot;:&quot;yes&quot;,&quot;gallery_layout&quot;:&quot;grid&quot;,&quot;columns&quot;:4,&quot;columns_tablet&quot;:2,&quot;columns_mobile&quot;:1,&quot;gap&quot;:{&quot;unit&quot;:&quot;px&quot;,&quot;size&quot;:10,&quot;sizes&quot;:[]},&quot;gap_tablet&quot;:{&quot;unit&quot;:&quot;px&quot;,&quot;size&quot;:10,&quot;sizes&quot;:[]},&quot;gap_mobile&quot;:{&quot;unit&quot;:&quot;px&quot;,&quot;size&quot;:10,&quot;sizes&quot;:[]},&quot;link_to&quot;:&quot;file&quot;,&quot;aspect_ratio&quot;:&quot;3:2&quot;,&quot;overlay_background&quot;:&quot;yes&quot;,&quot;content_hover_animation&quot;:&quot;fade-in&quot;}\" data-widget_type=\"gallery.default\">\n\t\t\t\t<div class=\"elementor-widget-container\">\n\t\t\t\t\t\t\t<div class=\"elementor-gallery__container\">\n\t\t\t\t\t\t\t<a class=\"e-gallery-item elementor-gallery-item elementor-animated-content\" href=\"https:\/\/www.tsg-leutkirch.de\/skilaeuferzunft\/wp-content\/uploads\/sites\/27\/2020\/04\/chronik_gallerie_1.jpg\" data-elementor-open-lightbox=\"yes\" data-elementor-lightbox-slideshow=\"9e36ba2\" data-elementor-lightbox-title=\"chronik_gallerie_1\" data-e-action-hash=\"#elementor-action%3Aaction%3Dlightbox%26settings%3DeyJpZCI6MjU1NywidXJsIjoiaHR0cHM6XC9cL3d3dy50c2ctbGV1dGtpcmNoLmRlXC9za2lsYWV1ZmVyenVuZnRcL3dwLWNvbnRlbnRcL3VwbG9hZHNcL3NpdGVzXC8yN1wvMjAyMFwvMDRcL2Nocm9uaWtfZ2FsbGVyaWVfMS5qcGciLCJzbGlkZXNob3ciOiI5ZTM2YmEyIn0%3D\">\n\t\t\t\t\t<div class=\"e-gallery-image elementor-gallery-item__image\" data-thumbnail=\"https:\/\/www.tsg-leutkirch.de\/skilaeuferzunft\/wp-content\/uploads\/sites\/27\/2020\/04\/chronik_gallerie_1-300x200.jpg\" data-width=\"300\" data-height=\"200\" aria-label=\"\" role=\"img\" ><\/div>\n\t\t\t\t\t\t\t\t\t\t\t<div class=\"elementor-gallery-item__overlay\"><\/div>\n\t\t\t\t\t\t\t\t\t\t\t\t\t\t<\/a>\n\t\t\t\t\t\t\t<a class=\"e-gallery-item elementor-gallery-item elementor-animated-content\" href=\"https:\/\/www.tsg-leutkirch.de\/skilaeuferzunft\/wp-content\/uploads\/sites\/27\/2020\/04\/chronik_gallerie_2.jpg\" data-elementor-open-lightbox=\"yes\" data-elementor-lightbox-slideshow=\"9e36ba2\" data-elementor-lightbox-title=\"chronik_gallerie_2\" data-e-action-hash=\"#elementor-action%3Aaction%3Dlightbox%26settings%3DeyJpZCI6MjU1OCwidXJsIjoiaHR0cHM6XC9cL3d3dy50c2ctbGV1dGtpcmNoLmRlXC9za2lsYWV1ZmVyenVuZnRcL3dwLWNvbnRlbnRcL3VwbG9hZHNcL3NpdGVzXC8yN1wvMjAyMFwvMDRcL2Nocm9uaWtfZ2FsbGVyaWVfMi5qcGciLCJzbGlkZXNob3ciOiI5ZTM2YmEyIn0%3D\">\n\t\t\t\t\t<div class=\"e-gallery-image elementor-gallery-item__image\" data-thumbnail=\"https:\/\/www.tsg-leutkirch.de\/skilaeuferzunft\/wp-content\/uploads\/sites\/27\/2020\/04\/chronik_gallerie_2-300x200.jpg\" data-width=\"300\" data-height=\"200\" aria-label=\"\" role=\"img\" ><\/div>\n\t\t\t\t\t\t\t\t\t\t\t<div class=\"elementor-gallery-item__overlay\"><\/div>\n\t\t\t\t\t\t\t\t\t\t\t\t\t\t<\/a>\n\t\t\t\t\t\t\t<a class=\"e-gallery-item elementor-gallery-item elementor-animated-content\" href=\"https:\/\/www.tsg-leutkirch.de\/skilaeuferzunft\/wp-content\/uploads\/sites\/27\/2020\/04\/chronik_gallerie_3.jpg\" data-elementor-open-lightbox=\"yes\" data-elementor-lightbox-slideshow=\"9e36ba2\" data-elementor-lightbox-title=\"chronik_gallerie_3\" data-e-action-hash=\"#elementor-action%3Aaction%3Dlightbox%26settings%3DeyJpZCI6MjU1OSwidXJsIjoiaHR0cHM6XC9cL3d3dy50c2ctbGV1dGtpcmNoLmRlXC9za2lsYWV1ZmVyenVuZnRcL3dwLWNvbnRlbnRcL3VwbG9hZHNcL3NpdGVzXC8yN1wvMjAyMFwvMDRcL2Nocm9uaWtfZ2FsbGVyaWVfMy5qcGciLCJzbGlkZXNob3ciOiI5ZTM2YmEyIn0%3D\">\n\t\t\t\t\t<div class=\"e-gallery-image elementor-gallery-item__image\" data-thumbnail=\"https:\/\/www.tsg-leutkirch.de\/skilaeuferzunft\/wp-content\/uploads\/sites\/27\/2020\/04\/chronik_gallerie_3-300x200.jpg\" data-width=\"300\" data-height=\"200\" aria-label=\"\" role=\"img\" ><\/div>\n\t\t\t\t\t\t\t\t\t\t\t<div class=\"elementor-gallery-item__overlay\"><\/div>\n\t\t\t\t\t\t\t\t\t\t\t\t\t\t<\/a>\n\t\t\t\t\t\t\t<a class=\"e-gallery-item elementor-gallery-item elementor-animated-content\" href=\"https:\/\/www.tsg-leutkirch.de\/skilaeuferzunft\/wp-content\/uploads\/sites\/27\/2020\/04\/chronik_gallerie_4.jpg\" data-elementor-open-lightbox=\"yes\" data-elementor-lightbox-slideshow=\"9e36ba2\" data-elementor-lightbox-title=\"chronik_gallerie_4\" data-e-action-hash=\"#elementor-action%3Aaction%3Dlightbox%26settings%3DeyJpZCI6MjU2MCwidXJsIjoiaHR0cHM6XC9cL3d3dy50c2ctbGV1dGtpcmNoLmRlXC9za2lsYWV1ZmVyenVuZnRcL3dwLWNvbnRlbnRcL3VwbG9hZHNcL3NpdGVzXC8yN1wvMjAyMFwvMDRcL2Nocm9uaWtfZ2FsbGVyaWVfNC5qcGciLCJzbGlkZXNob3ciOiI5ZTM2YmEyIn0%3D\">\n\t\t\t\t\t<div class=\"e-gallery-image elementor-gallery-item__image\" data-thumbnail=\"https:\/\/www.tsg-leutkirch.de\/skilaeuferzunft\/wp-content\/uploads\/sites\/27\/2020\/04\/chronik_gallerie_4-300x200.jpg\" data-width=\"300\" data-height=\"200\" aria-label=\"\" role=\"img\" ><\/div>\n\t\t\t\t\t\t\t\t\t\t\t<div class=\"elementor-gallery-item__overlay\"><\/div>\n\t\t\t\t\t\t\t\t\t\t\t\t\t\t<\/a>\n\t\t\t\t\t\t\t<a class=\"e-gallery-item elementor-gallery-item elementor-animated-content\" href=\"https:\/\/www.tsg-leutkirch.de\/skilaeuferzunft\/wp-content\/uploads\/sites\/27\/2020\/04\/chronik_gallerie_5.jpg\" data-elementor-open-lightbox=\"yes\" data-elementor-lightbox-slideshow=\"9e36ba2\" data-elementor-lightbox-title=\"chronik_gallerie_5\" data-e-action-hash=\"#elementor-action%3Aaction%3Dlightbox%26settings%3DeyJpZCI6MjU2MSwidXJsIjoiaHR0cHM6XC9cL3d3dy50c2ctbGV1dGtpcmNoLmRlXC9za2lsYWV1ZmVyenVuZnRcL3dwLWNvbnRlbnRcL3VwbG9hZHNcL3NpdGVzXC8yN1wvMjAyMFwvMDRcL2Nocm9uaWtfZ2FsbGVyaWVfNS5qcGciLCJzbGlkZXNob3ciOiI5ZTM2YmEyIn0%3D\">\n\t\t\t\t\t<div class=\"e-gallery-image elementor-gallery-item__image\" data-thumbnail=\"https:\/\/www.tsg-leutkirch.de\/skilaeuferzunft\/wp-content\/uploads\/sites\/27\/2020\/04\/chronik_gallerie_5-300x200.jpg\" data-width=\"300\" data-height=\"200\" aria-label=\"\" role=\"img\" ><\/div>\n\t\t\t\t\t\t\t\t\t\t\t<div class=\"elementor-gallery-item__overlay\"><\/div>\n\t\t\t\t\t\t\t\t\t\t\t\t\t\t<\/a>\n\t\t\t\t\t\t\t<a class=\"e-gallery-item elementor-gallery-item elementor-animated-content\" href=\"https:\/\/www.tsg-leutkirch.de\/skilaeuferzunft\/wp-content\/uploads\/sites\/27\/2020\/04\/chronik_gallerie_6.jpg\" data-elementor-open-lightbox=\"yes\" data-elementor-lightbox-slideshow=\"9e36ba2\" data-elementor-lightbox-title=\"chronik_gallerie_6\" data-e-action-hash=\"#elementor-action%3Aaction%3Dlightbox%26settings%3DeyJpZCI6MjU2MiwidXJsIjoiaHR0cHM6XC9cL3d3dy50c2ctbGV1dGtpcmNoLmRlXC9za2lsYWV1ZmVyenVuZnRcL3dwLWNvbnRlbnRcL3VwbG9hZHNcL3NpdGVzXC8yN1wvMjAyMFwvMDRcL2Nocm9uaWtfZ2FsbGVyaWVfNi5qcGciLCJzbGlkZXNob3ciOiI5ZTM2YmEyIn0%3D\">\n\t\t\t\t\t<div class=\"e-gallery-image elementor-gallery-item__image\" data-thumbnail=\"https:\/\/www.tsg-leutkirch.de\/skilaeuferzunft\/wp-content\/uploads\/sites\/27\/2020\/04\/chronik_gallerie_6-222x300.jpg\" data-width=\"222\" data-height=\"300\" aria-label=\"\" role=\"img\" ><\/div>\n\t\t\t\t\t\t\t\t\t\t\t<div class=\"elementor-gallery-item__overlay\"><\/div>\n\t\t\t\t\t\t\t\t\t\t\t\t\t\t<\/a>\n\t\t\t\t\t\t\t<a class=\"e-gallery-item elementor-gallery-item elementor-animated-content\" href=\"https:\/\/www.tsg-leutkirch.de\/skilaeuferzunft\/wp-content\/uploads\/sites\/27\/2020\/04\/chronik_gallerie_7.jpg\" data-elementor-open-lightbox=\"yes\" data-elementor-lightbox-slideshow=\"9e36ba2\" data-elementor-lightbox-title=\"chronik_gallerie_7\" data-e-action-hash=\"#elementor-action%3Aaction%3Dlightbox%26settings%3DeyJpZCI6MjU2MywidXJsIjoiaHR0cHM6XC9cL3d3dy50c2ctbGV1dGtpcmNoLmRlXC9za2lsYWV1ZmVyenVuZnRcL3dwLWNvbnRlbnRcL3VwbG9hZHNcL3NpdGVzXC8yN1wvMjAyMFwvMDRcL2Nocm9uaWtfZ2FsbGVyaWVfNy5qcGciLCJzbGlkZXNob3ciOiI5ZTM2YmEyIn0%3D\">\n\t\t\t\t\t<div class=\"e-gallery-image elementor-gallery-item__image\" data-thumbnail=\"https:\/\/www.tsg-leutkirch.de\/skilaeuferzunft\/wp-content\/uploads\/sites\/27\/2020\/04\/chronik_gallerie_7-300x200.jpg\" data-width=\"300\" data-height=\"200\" aria-label=\"\" role=\"img\" ><\/div>\n\t\t\t\t\t\t\t\t\t\t\t<div class=\"elementor-gallery-item__overlay\"><\/div>\n\t\t\t\t\t\t\t\t\t\t\t\t\t\t<\/a>\n\t\t\t\t\t\t\t<a class=\"e-gallery-item elementor-gallery-item elementor-animated-content\" href=\"https:\/\/www.tsg-leutkirch.de\/skilaeuferzunft\/wp-content\/uploads\/sites\/27\/2020\/04\/chronik_gallerie_8.jpg\" data-elementor-open-lightbox=\"yes\" data-elementor-lightbox-slideshow=\"9e36ba2\" data-elementor-lightbox-title=\"chronik_gallerie_8\" data-e-action-hash=\"#elementor-action%3Aaction%3Dlightbox%26settings%3DeyJpZCI6MjU2NCwidXJsIjoiaHR0cHM6XC9cL3d3dy50c2ctbGV1dGtpcmNoLmRlXC9za2lsYWV1ZmVyenVuZnRcL3dwLWNvbnRlbnRcL3VwbG9hZHNcL3NpdGVzXC8yN1wvMjAyMFwvMDRcL2Nocm9uaWtfZ2FsbGVyaWVfOC5qcGciLCJzbGlkZXNob3ciOiI5ZTM2YmEyIn0%3D\">\n\t\t\t\t\t<div class=\"e-gallery-image elementor-gallery-item__image\" data-thumbnail=\"https:\/\/www.tsg-leutkirch.de\/skilaeuferzunft\/wp-content\/uploads\/sites\/27\/2020\/04\/chronik_gallerie_8-300x200.jpg\" data-width=\"300\" data-height=\"200\" aria-label=\"\" role=\"img\" ><\/div>\n\t\t\t\t\t\t\t\t\t\t\t<div class=\"elementor-gallery-item__overlay\"><\/div>\n\t\t\t\t\t\t\t\t\t\t\t\t\t\t<\/a>\n\t\t\t\t\t\t\t<a class=\"e-gallery-item elementor-gallery-item elementor-animated-content\" href=\"https:\/\/www.tsg-leutkirch.de\/skilaeuferzunft\/wp-content\/uploads\/sites\/27\/2020\/04\/chronik_gallerie_9.jpg\" data-elementor-open-lightbox=\"yes\" data-elementor-lightbox-slideshow=\"9e36ba2\" data-elementor-lightbox-title=\"chronik_gallerie_9\" data-e-action-hash=\"#elementor-action%3Aaction%3Dlightbox%26settings%3DeyJpZCI6MjU2NSwidXJsIjoiaHR0cHM6XC9cL3d3dy50c2ctbGV1dGtpcmNoLmRlXC9za2lsYWV1ZmVyenVuZnRcL3dwLWNvbnRlbnRcL3VwbG9hZHNcL3NpdGVzXC8yN1wvMjAyMFwvMDRcL2Nocm9uaWtfZ2FsbGVyaWVfOS5qcGciLCJzbGlkZXNob3ciOiI5ZTM2YmEyIn0%3D\">\n\t\t\t\t\t<div class=\"e-gallery-image elementor-gallery-item__image\" data-thumbnail=\"https:\/\/www.tsg-leutkirch.de\/skilaeuferzunft\/wp-content\/uploads\/sites\/27\/2020\/04\/chronik_gallerie_9-300x200.jpg\" data-width=\"300\" data-height=\"200\" aria-label=\"\" role=\"img\" ><\/div>\n\t\t\t\t\t\t\t\t\t\t\t<div class=\"elementor-gallery-item__overlay\"><\/div>\n\t\t\t\t\t\t\t\t\t\t\t\t\t\t<\/a>\n\t\t\t\t\t\t\t<a class=\"e-gallery-item elementor-gallery-item elementor-animated-content\" href=\"https:\/\/www.tsg-leutkirch.de\/skilaeuferzunft\/wp-content\/uploads\/sites\/27\/2020\/04\/chronik_gallerie_10.jpg\" data-elementor-open-lightbox=\"yes\" data-elementor-lightbox-slideshow=\"9e36ba2\" data-elementor-lightbox-title=\"chronik_gallerie_10\" data-e-action-hash=\"#elementor-action%3Aaction%3Dlightbox%26settings%3DeyJpZCI6MjU2NiwidXJsIjoiaHR0cHM6XC9cL3d3dy50c2ctbGV1dGtpcmNoLmRlXC9za2lsYWV1ZmVyenVuZnRcL3dwLWNvbnRlbnRcL3VwbG9hZHNcL3NpdGVzXC8yN1wvMjAyMFwvMDRcL2Nocm9uaWtfZ2FsbGVyaWVfMTAuanBnIiwic2xpZGVzaG93IjoiOWUzNmJhMiJ9\">\n\t\t\t\t\t<div class=\"e-gallery-image elementor-gallery-item__image\" data-thumbnail=\"https:\/\/www.tsg-leutkirch.de\/skilaeuferzunft\/wp-content\/uploads\/sites\/27\/2020\/04\/chronik_gallerie_10-300x200.jpg\" data-width=\"300\" data-height=\"200\" aria-label=\"\" role=\"img\" ><\/div>\n\t\t\t\t\t\t\t\t\t\t\t<div class=\"elementor-gallery-item__overlay\"><\/div>\n\t\t\t\t\t\t\t\t\t\t\t\t\t\t<\/a>\n\t\t\t\t\t\t\t<a class=\"e-gallery-item elementor-gallery-item elementor-animated-content\" href=\"https:\/\/www.tsg-leutkirch.de\/skilaeuferzunft\/wp-content\/uploads\/sites\/27\/2020\/04\/chronik_gallerie_11.jpg\" data-elementor-open-lightbox=\"yes\" data-elementor-lightbox-slideshow=\"9e36ba2\" data-elementor-lightbox-title=\"chronik_gallerie_11\" data-e-action-hash=\"#elementor-action%3Aaction%3Dlightbox%26settings%3DeyJpZCI6MjU2NywidXJsIjoiaHR0cHM6XC9cL3d3dy50c2ctbGV1dGtpcmNoLmRlXC9za2lsYWV1ZmVyenVuZnRcL3dwLWNvbnRlbnRcL3VwbG9hZHNcL3NpdGVzXC8yN1wvMjAyMFwvMDRcL2Nocm9uaWtfZ2FsbGVyaWVfMTEuanBnIiwic2xpZGVzaG93IjoiOWUzNmJhMiJ9\">\n\t\t\t\t\t<div class=\"e-gallery-image elementor-gallery-item__image\" data-thumbnail=\"https:\/\/www.tsg-leutkirch.de\/skilaeuferzunft\/wp-content\/uploads\/sites\/27\/2020\/04\/chronik_gallerie_11-300x200.jpg\" data-width=\"300\" data-height=\"200\" aria-label=\"\" role=\"img\" ><\/div>\n\t\t\t\t\t\t\t\t\t\t\t<div class=\"elementor-gallery-item__overlay\"><\/div>\n\t\t\t\t\t\t\t\t\t\t\t\t\t\t<\/a>\n\t\t\t\t\t\t\t<a class=\"e-gallery-item elementor-gallery-item elementor-animated-content\" href=\"https:\/\/www.tsg-leutkirch.de\/skilaeuferzunft\/wp-content\/uploads\/sites\/27\/2020\/04\/chronik_gallerie_12.jpg\" data-elementor-open-lightbox=\"yes\" data-elementor-lightbox-slideshow=\"9e36ba2\" data-elementor-lightbox-title=\"chronik_gallerie_12\" data-e-action-hash=\"#elementor-action%3Aaction%3Dlightbox%26settings%3DeyJpZCI6MjU2OCwidXJsIjoiaHR0cHM6XC9cL3d3dy50c2ctbGV1dGtpcmNoLmRlXC9za2lsYWV1ZmVyenVuZnRcL3dwLWNvbnRlbnRcL3VwbG9hZHNcL3NpdGVzXC8yN1wvMjAyMFwvMDRcL2Nocm9uaWtfZ2FsbGVyaWVfMTIuanBnIiwic2xpZGVzaG93IjoiOWUzNmJhMiJ9\">\n\t\t\t\t\t<div class=\"e-gallery-image elementor-gallery-item__image\" data-thumbnail=\"https:\/\/www.tsg-leutkirch.de\/skilaeuferzunft\/wp-content\/uploads\/sites\/27\/2020\/04\/chronik_gallerie_12-300x200.jpg\" data-width=\"300\" data-height=\"200\" aria-label=\"\" role=\"img\" ><\/div>\n\t\t\t\t\t\t\t\t\t\t\t<div class=\"elementor-gallery-item__overlay\"><\/div>\n\t\t\t\t\t\t\t\t\t\t\t\t\t\t<\/a>\n\t\t\t\t\t<\/div>\n\t\t\t\t\t<\/div>\n\t\t\t\t<\/div>\n\t\t\t\t\t<\/div>\n\t\t<\/div>\n\t\t\t\t\t<\/div>\n\t\t<\/section>\n\t\t\t\t<\/div>\n\t\t","protected":false},"excerpt":{"rendered":"<p>Chronik Chronik der Skil\u00e4uferzunft zum 100-j\u00e4hrigen Jubil\u00e4um 1908 \u2013 2008 hier herunterladen (16 MB, PDF) Download Fotos aus der Chronik der Skil\u00e4uferzunft &#8211; 100 JAHRE &#8211; 1908 &#8211; 2008<\/p>\n","protected":false},"author":1,"featured_media":0,"parent":70,"menu_order":1,"comment_status":"closed","ping_status":"open","template":"","meta":{"_acf_changed":false,"site-sidebar-layout":"no-sidebar","site-content-layout":"page-builder","ast-site-content-layout":"default","site-content-style":"default","site-sidebar-style":"default","ast-global-header-display":"","ast-banner-title-visibility":"","ast-main-header-display":"","ast-hfb-above-header-display":"","ast-hfb-below-header-display":"","ast-hfb-mobile-header-display":"","site-post-title":"disabled","ast-breadcrumbs-content":"","ast-featured-img":"disabled","footer-sml-layout":"","ast-disable-related-posts":"","theme-transparent-header-meta":"default","adv-header-id-meta":"","stick-header-meta":"default","header-above-stick-meta":"","header-main-stick-meta":"","header-below-stick-meta":"","astra-migrate-meta-layouts":"default","ast-page-background-enabled":"default","ast-page-background-meta":{"desktop":{"background-color":"","background-image":"","background-repeat":"repeat","background-position":"center center","background-size":"auto","background-attachment":"scroll","background-type":"","background-media":"","overlay-type":"","overlay-color":"","overlay-opacity":"","overlay-gradient":""},"tablet":{"background-color":"","background-image":"","background-repeat":"repeat","background-position":"center center","background-size":"auto","background-attachment":"scroll","background-type":"","background-media":"","overlay-type":"","overlay-color":"","overlay-opacity":"","overlay-gradient":""},"mobile":{"background-color":"","background-image":"","background-repeat":"repeat","background-position":"center center","background-size":"auto","background-attachment":"scroll","background-type":"","background-media":"","overlay-type":"","overlay-color":"","overlay-opacity":"","overlay-gradient":""}},"ast-content-background-meta":{"desktop":{"background-color":"var(--ast-global-color-5)","background-image":"","background-repeat":"repeat","background-position":"center center","background-size":"auto","background-attachment":"scroll","background-type":"","background-media":"","overlay-type":"","overlay-color":"","overlay-opacity":"","overlay-gradient":""},"tablet":{"background-color":"var(--ast-global-color-5)","background-image":"","background-repeat":"repeat","background-position":"center center","background-size":"auto","background-attachment":"scroll","background-type":"","background-media":"","overlay-type":"","overlay-color":"","overlay-opacity":"","overlay-gradient":""},"mobile":{"background-color":"var(--ast-global-color-5)","background-image":"","background-repeat":"repeat","background-position":"center center","background-size":"auto","background-attachment":"scroll","background-type":"","background-media":"","overlay-type":"","overlay-color":"","overlay-opacity":"","overlay-gradient":""}},"footnotes":""},"class_list":["post-2550","page","type-page","status-publish","hentry"],"acf":[],"_links":{"self":[{"href":"https:\/\/www.tsg-leutkirch.de\/skilaeuferzunft\/wp-json\/wp\/v2\/pages\/2550","targetHints":{"allow":["GET"]}}],"collection":[{"href":"https:\/\/www.tsg-leutkirch.de\/skilaeuferzunft\/wp-json\/wp\/v2\/pages"}],"about":[{"href":"https:\/\/www.tsg-leutkirch.de\/skilaeuferzunft\/wp-json\/wp\/v2\/types\/page"}],"author":[{"embeddable":true,"href":"https:\/\/www.tsg-leutkirch.de\/skilaeuferzunft\/wp-json\/wp\/v2\/users\/1"}],"replies":[{"embeddable":true,"href":"https:\/\/www.tsg-leutkirch.de\/skilaeuferzunft\/wp-json\/wp\/v2\/comments?post=2550"}],"version-history":[{"count":6,"href":"https:\/\/www.tsg-leutkirch.de\/skilaeuferzunft\/wp-json\/wp\/v2\/pages\/2550\/revisions"}],"predecessor-version":[{"id":4160,"href":"https:\/\/www.tsg-leutkirch.de\/skilaeuferzunft\/wp-json\/wp\/v2\/pages\/2550\/revisions\/4160"}],"up":[{"embeddable":true,"href":"https:\/\/www.tsg-leutkirch.de\/skilaeuferzunft\/wp-json\/wp\/v2\/pages\/70"}],"wp:attachment":[{"href":"https:\/\/www.tsg-leutkirch.de\/skilaeuferzunft\/wp-json\/wp\/v2\/media?parent=2550"}],"curies":[{"name":"wp","href":"https:\/\/api.w.org\/{rel}","templated":true}]}}