{"id":70,"date":"2020-03-13T17:01:17","date_gmt":"2020-03-13T16:01:17","guid":{"rendered":"http:\/\/multitsg.iamhosting.de\/skilaeuferzunft\/?page_id=70"},"modified":"2024-05-05T19:19:56","modified_gmt":"2024-05-05T17:19:56","slug":"verein","status":"publish","type":"page","link":"https:\/\/www.tsg-leutkirch.de\/skilaeuferzunft\/verein\/","title":{"rendered":"Verein"},"content":{"rendered":"\t\t<div data-elementor-type=\"wp-page\" data-elementor-id=\"70\" class=\"elementor elementor-70\" data-elementor-post-type=\"page\">\n\t\t\t\t\t\t<section class=\"elementor-section elementor-top-section elementor-element elementor-element-a09ce5e elementor-section-stretched elementor-section-content-middle elementor-section-height-min-height elementor-section-boxed elementor-section-height-default elementor-section-items-middle\" data-id=\"a09ce5e\" data-element_type=\"section\" data-e-type=\"section\" id=\"home\" data-settings=\"{&quot;stretch_section&quot;:&quot;section-stretched&quot;,&quot;background_background&quot;:&quot;classic&quot;,&quot;shape_divider_bottom&quot;:&quot;triangle-asymmetrical&quot;,&quot;shape_divider_bottom_negative&quot;:&quot;yes&quot;,&quot;jet_parallax_layout_list&quot;:[{&quot;jet_parallax_layout_image&quot;:{&quot;url&quot;:&quot;&quot;,&quot;id&quot;:&quot;&quot;,&quot;size&quot;:&quot;&quot;},&quot;_id&quot;:&quot;74c19a5&quot;,&quot;jet_parallax_layout_image_tablet&quot;:{&quot;url&quot;:&quot;&quot;,&quot;id&quot;:&quot;&quot;,&quot;size&quot;:&quot;&quot;},&quot;jet_parallax_layout_image_mobile&quot;:{&quot;url&quot;:&quot;&quot;,&quot;id&quot;:&quot;&quot;,&quot;size&quot;:&quot;&quot;},&quot;jet_parallax_layout_speed&quot;:{&quot;unit&quot;:&quot;%&quot;,&quot;size&quot;:50,&quot;sizes&quot;:[]},&quot;jet_parallax_layout_type&quot;:&quot;scroll&quot;,&quot;jet_parallax_layout_direction&quot;:&quot;1&quot;,&quot;jet_parallax_layout_fx_direction&quot;:null,&quot;jet_parallax_layout_z_index&quot;:&quot;&quot;,&quot;jet_parallax_layout_bg_x&quot;:50,&quot;jet_parallax_layout_bg_x_tablet&quot;:&quot;&quot;,&quot;jet_parallax_layout_bg_x_mobile&quot;:&quot;&quot;,&quot;jet_parallax_layout_bg_y&quot;:50,&quot;jet_parallax_layout_bg_y_tablet&quot;:&quot;&quot;,&quot;jet_parallax_layout_bg_y_mobile&quot;:&quot;&quot;,&quot;jet_parallax_layout_bg_size&quot;:&quot;auto&quot;,&quot;jet_parallax_layout_bg_size_tablet&quot;:&quot;&quot;,&quot;jet_parallax_layout_bg_size_mobile&quot;:&quot;&quot;,&quot;jet_parallax_layout_animation_prop&quot;:&quot;transform&quot;,&quot;jet_parallax_layout_on&quot;:[&quot;desktop&quot;,&quot;tablet&quot;]}]}\">\n\t\t\t\t\t<div class=\"elementor-shape elementor-shape-bottom\" aria-hidden=\"true\" data-negative=\"true\">\n\t\t\t<svg xmlns=\"http:\/\/www.w3.org\/2000\/svg\" viewBox=\"0 0 1000 100\" preserveAspectRatio=\"none\">\n\t<path class=\"elementor-shape-fill\" d=\"M737.9,94.7L0,0v100h1000V0L737.9,94.7z\"\/>\n<\/svg>\t\t<\/div>\n\t\t\t\t\t<div class=\"elementor-container elementor-column-gap-default\">\n\t\t\t\t\t<div class=\"elementor-column elementor-col-100 elementor-top-column elementor-element elementor-element-2f755dbe\" data-id=\"2f755dbe\" data-element_type=\"column\" data-e-type=\"column\">\n\t\t\t<div class=\"elementor-widget-wrap\">\n\t\t\t\t\t\t\t<\/div>\n\t\t<\/div>\n\t\t\t\t\t<\/div>\n\t\t<\/section>\n\t\t\t\t<section class=\"elementor-section elementor-top-section elementor-element elementor-element-345bde2 elementor-section-boxed elementor-section-height-default elementor-section-height-default\" data-id=\"345bde2\" data-element_type=\"section\" data-e-type=\"section\" data-settings=\"{&quot;jet_parallax_layout_list&quot;:[{&quot;jet_parallax_layout_image&quot;:{&quot;url&quot;:&quot;&quot;,&quot;id&quot;:&quot;&quot;,&quot;size&quot;:&quot;&quot;},&quot;_id&quot;:&quot;94c4344&quot;,&quot;jet_parallax_layout_image_tablet&quot;:{&quot;url&quot;:&quot;&quot;,&quot;id&quot;:&quot;&quot;,&quot;size&quot;:&quot;&quot;},&quot;jet_parallax_layout_image_mobile&quot;:{&quot;url&quot;:&quot;&quot;,&quot;id&quot;:&quot;&quot;,&quot;size&quot;:&quot;&quot;},&quot;jet_parallax_layout_speed&quot;:{&quot;unit&quot;:&quot;%&quot;,&quot;size&quot;:50,&quot;sizes&quot;:[]},&quot;jet_parallax_layout_type&quot;:&quot;scroll&quot;,&quot;jet_parallax_layout_direction&quot;:&quot;1&quot;,&quot;jet_parallax_layout_fx_direction&quot;:null,&quot;jet_parallax_layout_z_index&quot;:&quot;&quot;,&quot;jet_parallax_layout_bg_x&quot;:50,&quot;jet_parallax_layout_bg_x_tablet&quot;:&quot;&quot;,&quot;jet_parallax_layout_bg_x_mobile&quot;:&quot;&quot;,&quot;jet_parallax_layout_bg_y&quot;:50,&quot;jet_parallax_layout_bg_y_tablet&quot;:&quot;&quot;,&quot;jet_parallax_layout_bg_y_mobile&quot;:&quot;&quot;,&quot;jet_parallax_layout_bg_size&quot;:&quot;auto&quot;,&quot;jet_parallax_layout_bg_size_tablet&quot;:&quot;&quot;,&quot;jet_parallax_layout_bg_size_mobile&quot;:&quot;&quot;,&quot;jet_parallax_layout_animation_prop&quot;:&quot;transform&quot;,&quot;jet_parallax_layout_on&quot;:[&quot;desktop&quot;,&quot;tablet&quot;]}]}\">\n\t\t\t\t\t\t<div class=\"elementor-container elementor-column-gap-default\">\n\t\t\t\t\t<div class=\"elementor-column elementor-col-100 elementor-top-column elementor-element elementor-element-dca1eff\" data-id=\"dca1eff\" data-element_type=\"column\" data-e-type=\"column\">\n\t\t\t<div class=\"elementor-widget-wrap elementor-element-populated\">\n\t\t\t\t\t\t<div class=\"elementor-element elementor-element-2689d0b elementor-widget elementor-widget-heading\" data-id=\"2689d0b\" data-element_type=\"widget\" data-e-type=\"widget\" data-widget_type=\"heading.default\">\n\t\t\t\t<div class=\"elementor-widget-container\">\n\t\t\t\t\t<h1 class=\"elementor-heading-title elementor-size-default\">Verein<\/h1>\t\t\t\t<\/div>\n\t\t\t\t<\/div>\n\t\t\t\t\t<\/div>\n\t\t<\/div>\n\t\t\t\t\t<\/div>\n\t\t<\/section>\n\t\t\t\t<section class=\"elementor-section elementor-top-section elementor-element elementor-element-5e25324 elementor-section-boxed elementor-section-height-default elementor-section-height-default\" data-id=\"5e25324\" data-element_type=\"section\" data-e-type=\"section\" data-settings=\"{&quot;jet_parallax_layout_list&quot;:[{&quot;jet_parallax_layout_image&quot;:{&quot;url&quot;:&quot;&quot;,&quot;id&quot;:&quot;&quot;,&quot;size&quot;:&quot;&quot;},&quot;_id&quot;:&quot;2c39553&quot;,&quot;jet_parallax_layout_image_tablet&quot;:{&quot;url&quot;:&quot;&quot;,&quot;id&quot;:&quot;&quot;,&quot;size&quot;:&quot;&quot;},&quot;jet_parallax_layout_image_mobile&quot;:{&quot;url&quot;:&quot;&quot;,&quot;id&quot;:&quot;&quot;,&quot;size&quot;:&quot;&quot;},&quot;jet_parallax_layout_speed&quot;:{&quot;unit&quot;:&quot;%&quot;,&quot;size&quot;:50,&quot;sizes&quot;:[]},&quot;jet_parallax_layout_type&quot;:&quot;scroll&quot;,&quot;jet_parallax_layout_direction&quot;:&quot;1&quot;,&quot;jet_parallax_layout_fx_direction&quot;:null,&quot;jet_parallax_layout_z_index&quot;:&quot;&quot;,&quot;jet_parallax_layout_bg_x&quot;:50,&quot;jet_parallax_layout_bg_x_tablet&quot;:&quot;&quot;,&quot;jet_parallax_layout_bg_x_mobile&quot;:&quot;&quot;,&quot;jet_parallax_layout_bg_y&quot;:50,&quot;jet_parallax_layout_bg_y_tablet&quot;:&quot;&quot;,&quot;jet_parallax_layout_bg_y_mobile&quot;:&quot;&quot;,&quot;jet_parallax_layout_bg_size&quot;:&quot;auto&quot;,&quot;jet_parallax_layout_bg_size_tablet&quot;:&quot;&quot;,&quot;jet_parallax_layout_bg_size_mobile&quot;:&quot;&quot;,&quot;jet_parallax_layout_animation_prop&quot;:&quot;transform&quot;,&quot;jet_parallax_layout_on&quot;:[&quot;desktop&quot;,&quot;tablet&quot;]}]}\">\n\t\t\t\t\t\t<div class=\"elementor-container elementor-column-gap-extended\">\n\t\t\t\t\t<div class=\"elementor-column elementor-col-50 elementor-top-column elementor-element elementor-element-a7717ee\" data-id=\"a7717ee\" data-element_type=\"column\" data-e-type=\"column\">\n\t\t\t<div class=\"elementor-widget-wrap elementor-element-populated\">\n\t\t\t\t\t\t<div class=\"elementor-element elementor-element-a50c0a0 elementor-widget elementor-widget-heading\" data-id=\"a50c0a0\" data-element_type=\"widget\" data-e-type=\"widget\" data-widget_type=\"heading.default\">\n\t\t\t\t<div class=\"elementor-widget-container\">\n\t\t\t\t\t<h2 class=\"elementor-heading-title elementor-size-default\">Abteilungsleitung Skil\u00e4uferzunft<\/h2>\t\t\t\t<\/div>\n\t\t\t\t<\/div>\n\t\t\t\t<div class=\"elementor-element elementor-element-5a29d43 elementor-widget elementor-widget-text-editor\" data-id=\"5a29d43\" data-element_type=\"widget\" data-e-type=\"widget\" data-widget_type=\"text-editor.default\">\n\t\t\t\t<div class=\"elementor-widget-container\">\n\t\t\t\t\t\t\t\t\t<p><strong><span style=\"color: #6ec1e4\">Abteilungsleiter<\/span><\/strong><b><br \/><\/b>Dr. Siegfried Schneider<br \/>0152 3457 3160<\/p><p><span style=\"color: #6ec1e4\"><strong>Stellv. Abteilungsleiter Alpin<\/strong><\/span><b><br \/><\/b>Michael Schupp<br \/>0173 7287 676<\/p><p><span style=\"color: #6ec1e4\"><strong>Stellv. Abteilungsleiter Nordisch<\/strong><\/span><b><br \/><\/b>Markus B\u00fchler<br \/>07565 914329<\/p><p><span style=\"color: #6ec1e4\"><strong>Stellv. Abteilungsleiter Fitness<\/strong><\/span><b><br \/><\/b>N.N.<br \/>&#8211;<\/p><p><span style=\"color: #6ec1e4\"><strong>Schatzmeisterin<\/strong><\/span><b><br \/><\/b>Annette Irmen<br \/>0170 6750 603<\/p><p><span style=\"color: #6ec1e4\"><strong>Schriftf\u00fchrerin, Pressewart<\/strong><\/span><b><br \/><\/b>N.N.<br \/>&#8211;<\/p><p><span style=\"color: #6ec1e4\"><strong>Erster Jugendvertreter<\/strong><\/span><b><br \/><\/b>Erich Gozebina<br \/>0175 4296 891<\/p>\t\t\t\t\t\t\t\t<\/div>\n\t\t\t\t<\/div>\n\t\t\t\t<div class=\"elementor-element elementor-element-655a036 elementor-widget elementor-widget-heading\" data-id=\"655a036\" data-element_type=\"widget\" data-e-type=\"widget\" data-widget_type=\"heading.default\">\n\t\t\t\t<div class=\"elementor-widget-container\">\n\t\t\t\t\t<h2 class=\"elementor-heading-title elementor-size-default\">TSG Kontakt<\/h2>\t\t\t\t<\/div>\n\t\t\t\t<\/div>\n\t\t\t\t<div class=\"elementor-element elementor-element-671254a elementor-widget elementor-widget-text-editor\" data-id=\"671254a\" data-element_type=\"widget\" data-e-type=\"widget\" data-widget_type=\"text-editor.default\">\n\t\t\t\t<div class=\"elementor-widget-container\">\n\t\t\t\t\t\t\t\t\t<p><strong><span style=\"color: #6ec1e4\">Vorsitzender TSG Leutkirch<\/span><\/strong><b><br \/><\/b>Michael Krumb\u00f6ck<br \/>07561 7798<\/p><p><span style=\"color: #6ec1e4\"><strong>Anmeldung Wenger Egg<\/strong><\/span><b><br \/><\/b>Stefan M\u00fcller<br \/>07564 5436<\/p><p><span style=\"color: #6ec1e4\"><strong>Wenger Egg<\/strong><\/span><b><span style=\"color: #6ec1e4\"> H\u00fcttentelefon<\/span><\/b><br \/>0837 5371 9859<\/p>\t\t\t\t\t\t\t\t<\/div>\n\t\t\t\t<\/div>\n\t\t\t\t\t<\/div>\n\t\t<\/div>\n\t\t\t\t<div class=\"elementor-column elementor-col-50 elementor-top-column elementor-element elementor-element-d6cfc05\" data-id=\"d6cfc05\" data-element_type=\"column\" data-e-type=\"column\">\n\t\t\t<div class=\"elementor-widget-wrap elementor-element-populated\">\n\t\t\t\t\t\t<div class=\"elementor-element elementor-element-ecd41af elementor-widget elementor-widget-heading\" data-id=\"ecd41af\" data-element_type=\"widget\" data-e-type=\"widget\" data-widget_type=\"heading.default\">\n\t\t\t\t<div class=\"elementor-widget-container\">\n\t\t\t\t\t<h2 class=\"elementor-heading-title elementor-size-default\">Beisitzer der Abteilungsleitung<\/h2>\t\t\t\t<\/div>\n\t\t\t\t<\/div>\n\t\t\t\t<div class=\"elementor-element elementor-element-af0a9d0 elementor-widget elementor-widget-text-editor\" data-id=\"af0a9d0\" data-element_type=\"widget\" data-e-type=\"widget\" data-widget_type=\"text-editor.default\">\n\t\t\t\t<div class=\"elementor-widget-container\">\n\t\t\t\t\t\t\t\t\t<p><strong><span style=\"color: #6ec1e4\">Sportwart Alpin<\/span><\/strong><b><br \/><\/b>Michael Schupp<br \/>0173 7287 7676<\/p><p><span style=\"color: #6ec1e4\"><strong>Sportwart Nordisch<\/strong><\/span><b><br \/><\/b>Roland Ammann<br \/>07561 3259<\/p><p><span style=\"color: #6ec1e4\"><strong>Sportwartin Lehrwesen<\/strong><\/span><b><br \/><\/b>Alica Haser-Probst<br \/>0176 9765 2899<\/p><p><span style=\"color: #6ec1e4\"><strong>EDV-Administrator<\/strong><\/span><b><br \/><\/b>Martin M\u00fchlegg<br \/>07561 1417<\/p><p><span style=\"color: #6ec1e4\"><strong>Homepage<\/strong><\/span><b><br \/><\/b>Julian Krumb\u00f6ck<br \/>0171 7095 558<\/p><p><span style=\"color: #6ec1e4\"><strong>Ger\u00e4tewart, Zeitnahmetechniker<\/strong><\/span><b><br \/><\/b>Alfons Reischmann<br \/>07561 4770<\/p><p><span style=\"color: #6ec1e4\"><strong>Koordinatorin Schulkooperation<\/strong><\/span><b><br \/><\/b>Almut Moosmayer<br \/>07561 9150 10<\/p><p><span style=\"color: #6ec1e4\"><strong>Wettkampftechniker Alpin<\/strong><\/span><b><br \/><\/b>Harald Irmen<br \/>07561 9886 91<\/p><p><span style=\"color: #6ec1e4\"><strong>Wettkampftechniker Nordisch<\/strong><\/span><b><br \/><\/b>Johannes Zorn<br \/>07561 4236<\/p><p><span style=\"color: #6ec1e4\"><strong>SZ-Timing<\/strong><\/span><b><br \/><\/b>Siegfried Schneider<br \/>0152 3457 3160<\/p><p>\u00a0<\/p>\t\t\t\t\t\t\t\t<\/div>\n\t\t\t\t<\/div>\n\t\t\t\t\t<\/div>\n\t\t<\/div>\n\t\t\t\t\t<\/div>\n\t\t<\/section>\n\t\t\t\t<section class=\"elementor-section elementor-top-section elementor-element elementor-element-806d12e elementor-section-boxed elementor-section-height-default elementor-section-height-default\" data-id=\"806d12e\" data-element_type=\"section\" data-e-type=\"section\" data-settings=\"{&quot;jet_parallax_layout_list&quot;:[]}\">\n\t\t\t\t\t\t<div class=\"elementor-container elementor-column-gap-default\">\n\t\t\t\t\t<div class=\"elementor-column elementor-col-100 elementor-top-column elementor-element elementor-element-00db516\" data-id=\"00db516\" data-element_type=\"column\" data-e-type=\"column\">\n\t\t\t<div class=\"elementor-widget-wrap elementor-element-populated\">\n\t\t\t\t\t\t<div class=\"elementor-element elementor-element-6a49f0a elementor-widget elementor-widget-text-editor\" data-id=\"6a49f0a\" data-element_type=\"widget\" data-e-type=\"widget\" data-widget_type=\"text-editor.default\">\n\t\t\t\t<div class=\"elementor-widget-container\">\n\t\t\t\t\t\t\t\t\t<p><strong><span style=\"color: #6ec1e4\">Kontakt f\u00fcr Anfragen<\/span><\/strong><b><br \/><\/b>skilaeuferzunft@tsg-leutkirch.de<\/p>\t\t\t\t\t\t\t\t<\/div>\n\t\t\t\t<\/div>\n\t\t\t\t\t<\/div>\n\t\t<\/div>\n\t\t\t\t\t<\/div>\n\t\t<\/section>\n\t\t\t\t<section class=\"elementor-section elementor-top-section elementor-element elementor-element-f80bd05 elementor-section-boxed elementor-section-height-default elementor-section-height-default\" data-id=\"f80bd05\" data-element_type=\"section\" data-e-type=\"section\" data-settings=\"{&quot;jet_parallax_layout_list&quot;:[]}\">\n\t\t\t\t\t\t<div class=\"elementor-container elementor-column-gap-default\">\n\t\t\t\t\t<div class=\"elementor-column elementor-col-100 elementor-top-column elementor-element elementor-element-8593b24\" data-id=\"8593b24\" data-element_type=\"column\" data-e-type=\"column\">\n\t\t\t<div class=\"elementor-widget-wrap elementor-element-populated\">\n\t\t\t\t\t\t<div class=\"elementor-element elementor-element-15a6c26 elementor-widget elementor-widget-heading\" data-id=\"15a6c26\" data-element_type=\"widget\" data-e-type=\"widget\" data-widget_type=\"heading.default\">\n\t\t\t\t<div class=\"elementor-widget-container\">\n\t\t\t\t\t<h2 class=\"elementor-heading-title elementor-size-default\">Mitgliedschaft - Mitglied werden...<\/h2>\t\t\t\t<\/div>\n\t\t\t\t<\/div>\n\t\t\t\t<div class=\"elementor-element elementor-element-d570d96 elementor-widget elementor-widget-text-editor\" data-id=\"d570d96\" data-element_type=\"widget\" data-e-type=\"widget\" data-widget_type=\"text-editor.default\">\n\t\t\t\t<div class=\"elementor-widget-container\">\n\t\t\t\t\t\t\t\t\t<p>Mit unserem Jahresprogramm bieten wir Ihnen ein um- fangreiches Breitensportangebot. Unsere qualifizierten Trainer, U\u0308bungsleiter und Funktiona\u0308re engagieren sich gerne fu\u0308r Sie und die wintersportbegeisterten Kinder, Jugendlichen und Erwachsenen Leutkirchs. Sie planen und leiten durch unser Jahresprogramm und die vielen Veranstaltungen. Die Skila\u0308uferzunft investiert in deren Ausbildung und in dieses Programm.<\/p><p><strong>Wir bieten Ihnen an, unsere Angebote kostenfrei zu testen &#8211; zum Beispiel als \u201eSchnuppertraining\u201c \u2013 damit Sie sehen ob es Ihren Anspru\u0308chen entspricht.<\/strong><\/p><p>Sollte Ihnen unser Angebot zusagen, wu\u0308rden wir uns freuen, wenn Sie dem Verein beitreten. Bitte unter- stu\u0308tzen Sie unsere ehrenamtliche Arbeit durch Ihre Mitgliedschaft in der Skila\u0308uferzunft.<\/p><p><span style=\"color: #ff0000\"><strong>Anmeldungen bitte ausschlie\u00dflich schriftlich mit dem unter www.tsg-leutkirch.de\/skilaeuferzunft erha\u0308ltlichen Meldeformular. Meldeformular bitte unterschrieben an die TSG-Gescha\u0308ftsstelle senden.<\/strong><\/span><\/p>\t\t\t\t\t\t\t\t<\/div>\n\t\t\t\t<\/div>\n\t\t\t\t\t<\/div>\n\t\t<\/div>\n\t\t\t\t\t<\/div>\n\t\t<\/section>\n\t\t\t\t<section class=\"elementor-section elementor-top-section elementor-element elementor-element-b8e0db3 elementor-section-boxed elementor-section-height-default elementor-section-height-default\" data-id=\"b8e0db3\" data-element_type=\"section\" data-e-type=\"section\" data-settings=\"{&quot;jet_parallax_layout_list&quot;:[]}\">\n\t\t\t\t\t\t<div class=\"elementor-container elementor-column-gap-default\">\n\t\t\t\t\t<div class=\"elementor-column elementor-col-100 elementor-top-column elementor-element elementor-element-e909c3a\" data-id=\"e909c3a\" data-element_type=\"column\" data-e-type=\"column\">\n\t\t\t<div class=\"elementor-widget-wrap elementor-element-populated\">\n\t\t\t\t\t\t<div class=\"elementor-element elementor-element-2202225 elementor-widget elementor-widget-image\" data-id=\"2202225\" data-element_type=\"widget\" data-e-type=\"widget\" data-widget_type=\"image.default\">\n\t\t\t\t<div class=\"elementor-widget-container\">\n\t\t\t\t\t\t\t\t\t\t\t\t\t\t\t<img fetchpriority=\"high\" decoding=\"async\" width=\"1024\" height=\"400\" src=\"https:\/\/www.tsg-leutkirch.de\/skilaeuferzunft\/wp-content\/uploads\/sites\/27\/2024\/01\/SZ_Mitgliedsbeitrag_2023-2024-1024x400.png\" class=\"attachment-large size-large wp-image-10623\" alt=\"\" srcset=\"https:\/\/www.tsg-leutkirch.de\/skilaeuferzunft\/wp-content\/uploads\/sites\/27\/2024\/01\/SZ_Mitgliedsbeitrag_2023-2024-1024x400.png 1024w, https:\/\/www.tsg-leutkirch.de\/skilaeuferzunft\/wp-content\/uploads\/sites\/27\/2024\/01\/SZ_Mitgliedsbeitrag_2023-2024-300x117.png 300w, https:\/\/www.tsg-leutkirch.de\/skilaeuferzunft\/wp-content\/uploads\/sites\/27\/2024\/01\/SZ_Mitgliedsbeitrag_2023-2024-768x300.png 768w, https:\/\/www.tsg-leutkirch.de\/skilaeuferzunft\/wp-content\/uploads\/sites\/27\/2024\/01\/SZ_Mitgliedsbeitrag_2023-2024.png 1352w\" sizes=\"(max-width: 1024px) 100vw, 1024px\" \/>\t\t\t\t\t\t\t\t\t\t\t\t\t\t\t<\/div>\n\t\t\t\t<\/div>\n\t\t\t\t<div class=\"elementor-element elementor-element-92dabea elementor-widget elementor-widget-text-editor\" data-id=\"92dabea\" data-element_type=\"widget\" data-e-type=\"widget\" data-widget_type=\"text-editor.default\">\n\t\t\t\t<div class=\"elementor-widget-container\">\n\t\t\t\t\t\t\t\t\t<p>Bei bereits bestehender TSG-Mitgliedschaft (egal in welcher Abteilung) wird beim Beitritt in die Skila\u0308uferzunft nur noch der Abteilungsbeitrag der Skila\u0308uferzunft zusa\u0308tzlich fa\u0308llig.<\/p><p>Wer gerne schnell und direkt u\u0308ber alles in und um die Skila\u0308uferzunft informiert werden mo\u0308chte kann sich in den E-Mail-Verteiler aufnehmen lassen. Bei Interesse einfach anmelden unter: siegfried.schneider@starkenhofen.de<\/p>\t\t\t\t\t\t\t\t<\/div>\n\t\t\t\t<\/div>\n\t\t\t\t\t<\/div>\n\t\t<\/div>\n\t\t\t\t\t<\/div>\n\t\t<\/section>\n\t\t\t\t<\/div>\n\t\t","protected":false},"excerpt":{"rendered":"<p>Verein Abteilungsleitung Skil\u00e4uferzunft AbteilungsleiterDr. Siegfried Schneider0152 3457 3160 Stellv. Abteilungsleiter AlpinMichael Schupp0173 7287 676 Stellv. Abteilungsleiter NordischMarkus B\u00fchler07565 914329 Stellv. Abteilungsleiter FitnessN.N.&#8211; SchatzmeisterinAnnette Irmen0170 6750 603 Schriftf\u00fchrerin, PressewartN.N.&#8211; Erster JugendvertreterErich Gozebina0175 4296 891 TSG Kontakt Vorsitzender TSG LeutkirchMichael Krumb\u00f6ck07561 7798 Anmeldung Wenger EggStefan M\u00fcller07564 5436 Wenger Egg H\u00fcttentelefon0837 5371 9859 Beisitzer der Abteilungsleitung Sportwart AlpinMichael [&hellip;]<\/p>\n","protected":false},"author":1,"featured_media":0,"parent":0,"menu_order":5,"comment_status":"closed","ping_status":"open","template":"","meta":{"_acf_changed":false,"site-sidebar-layout":"no-sidebar","site-content-layout":"page-builder","ast-site-content-layout":"default","site-content-style":"default","site-sidebar-style":"default","ast-global-header-display":"","ast-banner-title-visibility":"","ast-main-header-display":"","ast-hfb-above-header-display":"","ast-hfb-below-header-display":"","ast-hfb-mobile-header-display":"","site-post-title":"disabled","ast-breadcrumbs-content":"","ast-featured-img":"disabled","footer-sml-layout":"","ast-disable-related-posts":"","theme-transparent-header-meta":"default","adv-header-id-meta":"","stick-header-meta":"default","header-above-stick-meta":"","header-main-stick-meta":"","header-below-stick-meta":"","astra-migrate-meta-layouts":"default","ast-page-background-enabled":"default","ast-page-background-meta":{"desktop":{"background-color":"","background-image":"","background-repeat":"repeat","background-position":"center center","background-size":"auto","background-attachment":"scroll","background-type":"","background-media":"","overlay-type":"","overlay-color":"","overlay-opacity":"","overlay-gradient":""},"tablet":{"background-color":"","background-image":"","background-repeat":"repeat","background-position":"center center","background-size":"auto","background-attachment":"scroll","background-type":"","background-media":"","overlay-type":"","overlay-color":"","overlay-opacity":"","overlay-gradient":""},"mobile":{"background-color":"","background-image":"","background-repeat":"repeat","background-position":"center center","background-size":"auto","background-attachment":"scroll","background-type":"","background-media":"","overlay-type":"","overlay-color":"","overlay-opacity":"","overlay-gradient":""}},"ast-content-background-meta":{"desktop":{"background-color":"var(--ast-global-color-5)","background-image":"","background-repeat":"repeat","background-position":"center center","background-size":"auto","background-attachment":"scroll","background-type":"","background-media":"","overlay-type":"","overlay-color":"","overlay-opacity":"","overlay-gradient":""},"tablet":{"background-color":"var(--ast-global-color-5)","background-image":"","background-repeat":"repeat","background-position":"center center","background-size":"auto","background-attachment":"scroll","background-type":"","background-media":"","overlay-type":"","overlay-color":"","overlay-opacity":"","overlay-gradient":""},"mobile":{"background-color":"var(--ast-global-color-5)","background-image":"","background-repeat":"repeat","background-position":"center center","background-size":"auto","background-attachment":"scroll","background-type":"","background-media":"","overlay-type":"","overlay-color":"","overlay-opacity":"","overlay-gradient":""}},"footnotes":""},"class_list":["post-70","page","type-page","status-publish","hentry"],"acf":[],"_links":{"self":[{"href":"https:\/\/www.tsg-leutkirch.de\/skilaeuferzunft\/wp-json\/wp\/v2\/pages\/70","targetHints":{"allow":["GET"]}}],"collection":[{"href":"https:\/\/www.tsg-leutkirch.de\/skilaeuferzunft\/wp-json\/wp\/v2\/pages"}],"about":[{"href":"https:\/\/www.tsg-leutkirch.de\/skilaeuferzunft\/wp-json\/wp\/v2\/types\/page"}],"author":[{"embeddable":true,"href":"https:\/\/www.tsg-leutkirch.de\/skilaeuferzunft\/wp-json\/wp\/v2\/users\/1"}],"replies":[{"embeddable":true,"href":"https:\/\/www.tsg-leutkirch.de\/skilaeuferzunft\/wp-json\/wp\/v2\/comments?post=70"}],"version-history":[{"count":10,"href":"https:\/\/www.tsg-leutkirch.de\/skilaeuferzunft\/wp-json\/wp\/v2\/pages\/70\/revisions"}],"predecessor-version":[{"id":10886,"href":"https:\/\/www.tsg-leutkirch.de\/skilaeuferzunft\/wp-json\/wp\/v2\/pages\/70\/revisions\/10886"}],"wp:attachment":[{"href":"https:\/\/www.tsg-leutkirch.de\/skilaeuferzunft\/wp-json\/wp\/v2\/media?parent=70"}],"curies":[{"name":"wp","href":"https:\/\/api.w.org\/{rel}","templated":true}]}}