{"id":275,"date":"2020-04-16T14:05:05","date_gmt":"2020-04-16T12:05:05","guid":{"rendered":"http:\/\/multitsg.iamhosting.de\/spielmannszug\/?page_id=275"},"modified":"2020-04-16T16:27:10","modified_gmt":"2020-04-16T14:27:10","slug":"jahr-2015","status":"publish","type":"page","link":"https:\/\/www.tsg-leutkirch.de\/spielmannszug\/bildergalerie\/jahr-2015\/","title":{"rendered":"Jahr 2015"},"content":{"rendered":"\t\t<div data-elementor-type=\"wp-page\" data-elementor-id=\"275\" class=\"elementor elementor-275\" data-elementor-post-type=\"page\">\n\t\t\t\t\t\t<section class=\"elementor-section elementor-top-section elementor-element elementor-element-a09ce5e elementor-section-stretched elementor-section-content-middle elementor-section-height-min-height elementor-section-boxed elementor-section-height-default elementor-section-items-middle\" data-id=\"a09ce5e\" data-element_type=\"section\" data-e-type=\"section\" id=\"home\" data-settings=\"{&quot;stretch_section&quot;:&quot;section-stretched&quot;,&quot;background_background&quot;:&quot;classic&quot;,&quot;shape_divider_bottom&quot;:&quot;triangle-asymmetrical&quot;,&quot;shape_divider_bottom_negative&quot;:&quot;yes&quot;,&quot;jet_parallax_layout_list&quot;:[]}\">\n\t\t\t\t\t<div class=\"elementor-shape elementor-shape-bottom\" aria-hidden=\"true\" data-negative=\"true\">\n\t\t\t<svg xmlns=\"http:\/\/www.w3.org\/2000\/svg\" viewBox=\"0 0 1000 100\" preserveAspectRatio=\"none\">\n\t<path class=\"elementor-shape-fill\" d=\"M737.9,94.7L0,0v100h1000V0L737.9,94.7z\"\/>\n<\/svg>\t\t<\/div>\n\t\t\t\t\t<div class=\"elementor-container elementor-column-gap-default\">\n\t\t\t\t\t<div class=\"elementor-column elementor-col-100 elementor-top-column elementor-element elementor-element-2f755dbe\" data-id=\"2f755dbe\" data-element_type=\"column\" data-e-type=\"column\">\n\t\t\t<div class=\"elementor-widget-wrap\">\n\t\t\t\t\t\t\t<\/div>\n\t\t<\/div>\n\t\t\t\t\t<\/div>\n\t\t<\/section>\n\t\t\t\t<section class=\"elementor-section elementor-top-section elementor-element elementor-element-345bde2 elementor-section-boxed elementor-section-height-default elementor-section-height-default\" data-id=\"345bde2\" data-element_type=\"section\" data-e-type=\"section\" data-settings=\"{&quot;jet_parallax_layout_list&quot;:[]}\">\n\t\t\t\t\t\t<div class=\"elementor-container elementor-column-gap-default\">\n\t\t\t\t\t<div class=\"elementor-column elementor-col-100 elementor-top-column elementor-element elementor-element-dca1eff\" data-id=\"dca1eff\" data-element_type=\"column\" data-e-type=\"column\">\n\t\t\t<div class=\"elementor-widget-wrap elementor-element-populated\">\n\t\t\t\t\t\t<div class=\"elementor-element elementor-element-2689d0b elementor-widget elementor-widget-heading\" data-id=\"2689d0b\" data-element_type=\"widget\" data-e-type=\"widget\" data-widget_type=\"heading.default\">\n\t\t\t\t<div class=\"elementor-widget-container\">\n\t\t\t\t\t<h1 class=\"elementor-heading-title elementor-size-default\">Jahr 2015<\/h1>\t\t\t\t<\/div>\n\t\t\t\t<\/div>\n\t\t\t\t\t<\/div>\n\t\t<\/div>\n\t\t\t\t\t<\/div>\n\t\t<\/section>\n\t\t\t\t<section class=\"elementor-section elementor-top-section elementor-element elementor-element-3adfd56 elementor-section-boxed elementor-section-height-default elementor-section-height-default\" data-id=\"3adfd56\" data-element_type=\"section\" data-e-type=\"section\" data-settings=\"{&quot;jet_parallax_layout_list&quot;:[]}\">\n\t\t\t\t\t\t<div class=\"elementor-container elementor-column-gap-default\">\n\t\t\t\t\t<div class=\"elementor-column elementor-col-100 elementor-top-column elementor-element elementor-element-3b04278\" data-id=\"3b04278\" data-element_type=\"column\" data-e-type=\"column\">\n\t\t\t<div class=\"elementor-widget-wrap elementor-element-populated\">\n\t\t\t\t\t\t<div class=\"elementor-element elementor-element-eee20bd elementor-widget elementor-widget-heading\" data-id=\"eee20bd\" data-element_type=\"widget\" data-e-type=\"widget\" data-widget_type=\"heading.default\">\n\t\t\t\t<div class=\"elementor-widget-container\">\n\t\t\t\t\t<h3 class=\"elementor-heading-title elementor-size-default\">St. Martins Umz\u00fcge November 2015<\/h3>\t\t\t\t<\/div>\n\t\t\t\t<\/div>\n\t\t\t\t<div class=\"elementor-element elementor-element-3778dbc elementor-widget elementor-widget-text-editor\" data-id=\"3778dbc\" data-element_type=\"widget\" data-e-type=\"widget\" data-widget_type=\"text-editor.default\">\n\t\t\t\t<div class=\"elementor-widget-container\">\n\t\t\t\t\t\t\t\t\t<p>Der TSG Spielmannszug Leutkirch nahm dieses Jahr an drei St. Martins Umz\u00fcgen teil. Neben dem Umzug der katholischen Kirchengemeinde in der Innenstadt von Leutkirch, wurden zwei Umz\u00fcge in Leutkicher Kinderg\u00e4rten wahrgenommen. Der Spielmannszug unterst\u00fctze die Kindergartenkinder des St. Hedwig- und Elisabethen-Kindergartens musikalisch bei ihren eigenen Martins-Umz\u00fcgen.<\/p>\t\t\t\t\t\t\t\t<\/div>\n\t\t\t\t<\/div>\n\t\t\t\t<div class=\"elementor-element elementor-element-30e2f5d elementor-widget elementor-widget-gallery\" data-id=\"30e2f5d\" data-element_type=\"widget\" data-e-type=\"widget\" data-settings=\"{&quot;lazyload&quot;:&quot;yes&quot;,&quot;gallery_layout&quot;:&quot;grid&quot;,&quot;columns&quot;:4,&quot;columns_tablet&quot;:2,&quot;columns_mobile&quot;:1,&quot;gap&quot;:{&quot;unit&quot;:&quot;px&quot;,&quot;size&quot;:10,&quot;sizes&quot;:[]},&quot;gap_tablet&quot;:{&quot;unit&quot;:&quot;px&quot;,&quot;size&quot;:10,&quot;sizes&quot;:[]},&quot;gap_mobile&quot;:{&quot;unit&quot;:&quot;px&quot;,&quot;size&quot;:10,&quot;sizes&quot;:[]},&quot;link_to&quot;:&quot;file&quot;,&quot;aspect_ratio&quot;:&quot;3:2&quot;,&quot;overlay_background&quot;:&quot;yes&quot;,&quot;content_hover_animation&quot;:&quot;fade-in&quot;}\" data-widget_type=\"gallery.default\">\n\t\t\t\t<div class=\"elementor-widget-container\">\n\t\t\t\t\t\t\t<div class=\"elementor-gallery__container\">\n\t\t\t\t\t\t\t<a class=\"e-gallery-item elementor-gallery-item elementor-animated-content\" href=\"https:\/\/www.tsg-leutkirch.de\/spielmannszug\/wp-content\/uploads\/sites\/28\/2020\/04\/2015-st-martin.jpg\" data-elementor-open-lightbox=\"yes\" data-elementor-lightbox-slideshow=\"30e2f5d\" data-elementor-lightbox-title=\"2015-st-martin\" data-e-action-hash=\"#elementor-action%3Aaction%3Dlightbox%26settings%3DeyJpZCI6MjY4LCJ1cmwiOiJodHRwczpcL1wvd3d3LnRzZy1sZXV0a2lyY2guZGVcL3NwaWVsbWFubnN6dWdcL3dwLWNvbnRlbnRcL3VwbG9hZHNcL3NpdGVzXC8yOFwvMjAyMFwvMDRcLzIwMTUtc3QtbWFydGluLmpwZyIsInNsaWRlc2hvdyI6IjMwZTJmNWQifQ%3D%3D\">\n\t\t\t\t\t<div class=\"e-gallery-image elementor-gallery-item__image\" data-thumbnail=\"https:\/\/www.tsg-leutkirch.de\/spielmannszug\/wp-content\/uploads\/sites\/28\/2020\/04\/2015-st-martin-300x169.jpg\" data-width=\"300\" data-height=\"169\" aria-label=\"\" role=\"img\" ><\/div>\n\t\t\t\t\t\t\t\t\t\t\t<div class=\"elementor-gallery-item__overlay\"><\/div>\n\t\t\t\t\t\t\t\t\t\t\t\t\t\t<\/a>\n\t\t\t\t\t<\/div>\n\t\t\t\t\t<\/div>\n\t\t\t\t<\/div>\n\t\t\t\t\t<\/div>\n\t\t<\/div>\n\t\t\t\t\t<\/div>\n\t\t<\/section>\n\t\t\t\t<section class=\"elementor-section elementor-top-section elementor-element elementor-element-ebbda59 elementor-section-boxed elementor-section-height-default elementor-section-height-default\" data-id=\"ebbda59\" data-element_type=\"section\" data-e-type=\"section\" data-settings=\"{&quot;jet_parallax_layout_list&quot;:[]}\">\n\t\t\t\t\t\t<div class=\"elementor-container elementor-column-gap-default\">\n\t\t\t\t\t<div class=\"elementor-column elementor-col-100 elementor-top-column elementor-element elementor-element-3724408\" data-id=\"3724408\" data-element_type=\"column\" data-e-type=\"column\">\n\t\t\t<div class=\"elementor-widget-wrap elementor-element-populated\">\n\t\t\t\t\t\t<div class=\"elementor-element elementor-element-5136471 elementor-widget elementor-widget-heading\" data-id=\"5136471\" data-element_type=\"widget\" data-e-type=\"widget\" data-widget_type=\"heading.default\">\n\t\t\t\t<div class=\"elementor-widget-container\">\n\t\t\t\t\t<h3 class=\"elementor-heading-title elementor-size-default\">Kinderfest in Leutkirch im Allg\u00e4u Juli 2015\n<\/h3>\t\t\t\t<\/div>\n\t\t\t\t<\/div>\n\t\t\t\t<div class=\"elementor-element elementor-element-e8c8591 elementor-widget elementor-widget-text-editor\" data-id=\"e8c8591\" data-element_type=\"widget\" data-e-type=\"widget\" data-widget_type=\"text-editor.default\">\n\t\t\t\t<div class=\"elementor-widget-container\">\n\t\t\t\t\t\t\t\t\t<p>Beim Kinderfest 2015 nahm der TSG Spielmannszug Leutkirch an der Er\u00f6ffnung mit dem Fanfarenzug Leutkirch, den Sportlichen Spielen, dem Weckruf und dem Kinderfestumzug teil.<\/p>\t\t\t\t\t\t\t\t<\/div>\n\t\t\t\t<\/div>\n\t\t\t\t<div class=\"elementor-element elementor-element-d85e18c elementor-widget elementor-widget-gallery\" data-id=\"d85e18c\" data-element_type=\"widget\" data-e-type=\"widget\" data-settings=\"{&quot;lazyload&quot;:&quot;yes&quot;,&quot;gallery_layout&quot;:&quot;grid&quot;,&quot;columns&quot;:4,&quot;columns_tablet&quot;:2,&quot;columns_mobile&quot;:1,&quot;gap&quot;:{&quot;unit&quot;:&quot;px&quot;,&quot;size&quot;:10,&quot;sizes&quot;:[]},&quot;gap_tablet&quot;:{&quot;unit&quot;:&quot;px&quot;,&quot;size&quot;:10,&quot;sizes&quot;:[]},&quot;gap_mobile&quot;:{&quot;unit&quot;:&quot;px&quot;,&quot;size&quot;:10,&quot;sizes&quot;:[]},&quot;link_to&quot;:&quot;file&quot;,&quot;aspect_ratio&quot;:&quot;3:2&quot;,&quot;overlay_background&quot;:&quot;yes&quot;,&quot;content_hover_animation&quot;:&quot;fade-in&quot;}\" data-widget_type=\"gallery.default\">\n\t\t\t\t<div class=\"elementor-widget-container\">\n\t\t\t\t\t\t\t<div class=\"elementor-gallery__container\">\n\t\t\t\t\t\t\t<a class=\"e-gallery-item elementor-gallery-item elementor-animated-content\" href=\"https:\/\/www.tsg-leutkirch.de\/spielmannszug\/wp-content\/uploads\/sites\/28\/2020\/04\/2015_kinderfest_01.jpg\" data-elementor-open-lightbox=\"yes\" data-elementor-lightbox-slideshow=\"d85e18c\" data-elementor-lightbox-title=\"2015_kinderfest_01\" data-e-action-hash=\"#elementor-action%3Aaction%3Dlightbox%26settings%3DeyJpZCI6MjY5LCJ1cmwiOiJodHRwczpcL1wvd3d3LnRzZy1sZXV0a2lyY2guZGVcL3NwaWVsbWFubnN6dWdcL3dwLWNvbnRlbnRcL3VwbG9hZHNcL3NpdGVzXC8yOFwvMjAyMFwvMDRcLzIwMTVfa2luZGVyZmVzdF8wMS5qcGciLCJzbGlkZXNob3ciOiJkODVlMThjIn0%3D\">\n\t\t\t\t\t<div class=\"e-gallery-image elementor-gallery-item__image\" data-thumbnail=\"https:\/\/www.tsg-leutkirch.de\/spielmannszug\/wp-content\/uploads\/sites\/28\/2020\/04\/2015_kinderfest_01-300x225.jpg\" data-width=\"300\" data-height=\"225\" aria-label=\"\" role=\"img\" ><\/div>\n\t\t\t\t\t\t\t\t\t\t\t<div class=\"elementor-gallery-item__overlay\"><\/div>\n\t\t\t\t\t\t\t\t\t\t\t\t\t\t<\/a>\n\t\t\t\t\t\t\t<a class=\"e-gallery-item elementor-gallery-item elementor-animated-content\" href=\"https:\/\/www.tsg-leutkirch.de\/spielmannszug\/wp-content\/uploads\/sites\/28\/2020\/04\/2015_kinderfest_02.jpg\" data-elementor-open-lightbox=\"yes\" data-elementor-lightbox-slideshow=\"d85e18c\" data-elementor-lightbox-title=\"2015_kinderfest_02\" data-e-action-hash=\"#elementor-action%3Aaction%3Dlightbox%26settings%3DeyJpZCI6MjcwLCJ1cmwiOiJodHRwczpcL1wvd3d3LnRzZy1sZXV0a2lyY2guZGVcL3NwaWVsbWFubnN6dWdcL3dwLWNvbnRlbnRcL3VwbG9hZHNcL3NpdGVzXC8yOFwvMjAyMFwvMDRcLzIwMTVfa2luZGVyZmVzdF8wMi5qcGciLCJzbGlkZXNob3ciOiJkODVlMThjIn0%3D\">\n\t\t\t\t\t<div class=\"e-gallery-image elementor-gallery-item__image\" data-thumbnail=\"https:\/\/www.tsg-leutkirch.de\/spielmannszug\/wp-content\/uploads\/sites\/28\/2020\/04\/2015_kinderfest_02-300x169.jpg\" data-width=\"300\" data-height=\"169\" aria-label=\"\" role=\"img\" ><\/div>\n\t\t\t\t\t\t\t\t\t\t\t<div class=\"elementor-gallery-item__overlay\"><\/div>\n\t\t\t\t\t\t\t\t\t\t\t\t\t\t<\/a>\n\t\t\t\t\t<\/div>\n\t\t\t\t\t<\/div>\n\t\t\t\t<\/div>\n\t\t\t\t\t<\/div>\n\t\t<\/div>\n\t\t\t\t\t<\/div>\n\t\t<\/section>\n\t\t\t\t<section class=\"elementor-section elementor-top-section elementor-element elementor-element-5101df7 elementor-section-boxed elementor-section-height-default elementor-section-height-default\" data-id=\"5101df7\" data-element_type=\"section\" data-e-type=\"section\" data-settings=\"{&quot;jet_parallax_layout_list&quot;:[]}\">\n\t\t\t\t\t\t<div class=\"elementor-container elementor-column-gap-default\">\n\t\t\t\t\t<div class=\"elementor-column elementor-col-100 elementor-top-column elementor-element elementor-element-96dc513\" data-id=\"96dc513\" data-element_type=\"column\" data-e-type=\"column\">\n\t\t\t<div class=\"elementor-widget-wrap elementor-element-populated\">\n\t\t\t\t\t\t<div class=\"elementor-element elementor-element-541a3d2 elementor-widget elementor-widget-heading\" data-id=\"541a3d2\" data-element_type=\"widget\" data-e-type=\"widget\" data-widget_type=\"heading.default\">\n\t\t\t\t<div class=\"elementor-widget-container\">\n\t\t\t\t\t<h3 class=\"elementor-heading-title elementor-size-default\">Probenfreizeit Alpe Tuffenmoos vom 08.-10. Mai 2015\n<\/h3>\t\t\t\t<\/div>\n\t\t\t\t<\/div>\n\t\t\t\t<div class=\"elementor-element elementor-element-e752764 elementor-widget elementor-widget-text-editor\" data-id=\"e752764\" data-element_type=\"widget\" data-e-type=\"widget\" data-widget_type=\"text-editor.default\">\n\t\t\t\t<div class=\"elementor-widget-container\">\n\t\t\t\t\t\t\t\t\t<p>Der TSG Spielmannszug Leutkirch verbrachte im Mai ein Wochenende als Probenfreizeit auf der Alpe Tuffenmoos. Neben dem Proben standen hier aber auch Freizeitaktivit\u00e4ten im Vordergrund, um den Zusammenhalt der Gruppe zu f\u00f6rdern und zu st\u00e4rken.<br \/>Es wurde zusammen gekocht, eine Wanderung unternommen, DVD geschaut und oft gesellig beisammen gesessen.<\/p>\t\t\t\t\t\t\t\t<\/div>\n\t\t\t\t<\/div>\n\t\t\t\t<div class=\"elementor-element elementor-element-43500be elementor-widget elementor-widget-gallery\" data-id=\"43500be\" data-element_type=\"widget\" data-e-type=\"widget\" data-settings=\"{&quot;lazyload&quot;:&quot;yes&quot;,&quot;gallery_layout&quot;:&quot;grid&quot;,&quot;columns&quot;:4,&quot;columns_tablet&quot;:2,&quot;columns_mobile&quot;:1,&quot;gap&quot;:{&quot;unit&quot;:&quot;px&quot;,&quot;size&quot;:10,&quot;sizes&quot;:[]},&quot;gap_tablet&quot;:{&quot;unit&quot;:&quot;px&quot;,&quot;size&quot;:10,&quot;sizes&quot;:[]},&quot;gap_mobile&quot;:{&quot;unit&quot;:&quot;px&quot;,&quot;size&quot;:10,&quot;sizes&quot;:[]},&quot;link_to&quot;:&quot;file&quot;,&quot;aspect_ratio&quot;:&quot;3:2&quot;,&quot;overlay_background&quot;:&quot;yes&quot;,&quot;content_hover_animation&quot;:&quot;fade-in&quot;}\" data-widget_type=\"gallery.default\">\n\t\t\t\t<div class=\"elementor-widget-container\">\n\t\t\t\t\t\t\t<div class=\"elementor-gallery__container\">\n\t\t\t\t\t\t\t<a class=\"e-gallery-item elementor-gallery-item elementor-animated-content\" href=\"https:\/\/www.tsg-leutkirch.de\/spielmannszug\/wp-content\/uploads\/sites\/28\/2020\/04\/2015-alpe-tuffenmoos_01.jpg\" data-elementor-open-lightbox=\"yes\" data-elementor-lightbox-slideshow=\"43500be\" data-elementor-lightbox-title=\"2015-alpe-tuffenmoos_01\" data-e-action-hash=\"#elementor-action%3Aaction%3Dlightbox%26settings%3DeyJpZCI6MjcxLCJ1cmwiOiJodHRwczpcL1wvd3d3LnRzZy1sZXV0a2lyY2guZGVcL3NwaWVsbWFubnN6dWdcL3dwLWNvbnRlbnRcL3VwbG9hZHNcL3NpdGVzXC8yOFwvMjAyMFwvMDRcLzIwMTUtYWxwZS10dWZmZW5tb29zXzAxLmpwZyIsInNsaWRlc2hvdyI6IjQzNTAwYmUifQ%3D%3D\">\n\t\t\t\t\t<div class=\"e-gallery-image elementor-gallery-item__image\" data-thumbnail=\"https:\/\/www.tsg-leutkirch.de\/spielmannszug\/wp-content\/uploads\/sites\/28\/2020\/04\/2015-alpe-tuffenmoos_01-300x225.jpg\" data-width=\"300\" data-height=\"225\" aria-label=\"\" role=\"img\" ><\/div>\n\t\t\t\t\t\t\t\t\t\t\t<div class=\"elementor-gallery-item__overlay\"><\/div>\n\t\t\t\t\t\t\t\t\t\t\t\t\t\t<\/a>\n\t\t\t\t\t\t\t<a class=\"e-gallery-item elementor-gallery-item elementor-animated-content\" href=\"https:\/\/www.tsg-leutkirch.de\/spielmannszug\/wp-content\/uploads\/sites\/28\/2020\/04\/2015-alpe-tuffenmoos_02.jpg\" data-elementor-open-lightbox=\"yes\" data-elementor-lightbox-slideshow=\"43500be\" data-elementor-lightbox-title=\"2015-alpe-tuffenmoos_02\" data-e-action-hash=\"#elementor-action%3Aaction%3Dlightbox%26settings%3DeyJpZCI6MjcyLCJ1cmwiOiJodHRwczpcL1wvd3d3LnRzZy1sZXV0a2lyY2guZGVcL3NwaWVsbWFubnN6dWdcL3dwLWNvbnRlbnRcL3VwbG9hZHNcL3NpdGVzXC8yOFwvMjAyMFwvMDRcLzIwMTUtYWxwZS10dWZmZW5tb29zXzAyLmpwZyIsInNsaWRlc2hvdyI6IjQzNTAwYmUifQ%3D%3D\">\n\t\t\t\t\t<div class=\"e-gallery-image elementor-gallery-item__image\" data-thumbnail=\"https:\/\/www.tsg-leutkirch.de\/spielmannszug\/wp-content\/uploads\/sites\/28\/2020\/04\/2015-alpe-tuffenmoos_02-300x225.jpg\" data-width=\"300\" data-height=\"225\" aria-label=\"\" role=\"img\" ><\/div>\n\t\t\t\t\t\t\t\t\t\t\t<div class=\"elementor-gallery-item__overlay\"><\/div>\n\t\t\t\t\t\t\t\t\t\t\t\t\t\t<\/a>\n\t\t\t\t\t\t\t<a class=\"e-gallery-item elementor-gallery-item elementor-animated-content\" href=\"https:\/\/www.tsg-leutkirch.de\/spielmannszug\/wp-content\/uploads\/sites\/28\/2020\/04\/2015-alpe-tuffenmoos_03.jpg\" data-elementor-open-lightbox=\"yes\" data-elementor-lightbox-slideshow=\"43500be\" data-elementor-lightbox-title=\"2015-alpe-tuffenmoos_03\" data-e-action-hash=\"#elementor-action%3Aaction%3Dlightbox%26settings%3DeyJpZCI6MjczLCJ1cmwiOiJodHRwczpcL1wvd3d3LnRzZy1sZXV0a2lyY2guZGVcL3NwaWVsbWFubnN6dWdcL3dwLWNvbnRlbnRcL3VwbG9hZHNcL3NpdGVzXC8yOFwvMjAyMFwvMDRcLzIwMTUtYWxwZS10dWZmZW5tb29zXzAzLmpwZyIsInNsaWRlc2hvdyI6IjQzNTAwYmUifQ%3D%3D\">\n\t\t\t\t\t<div class=\"e-gallery-image elementor-gallery-item__image\" data-thumbnail=\"https:\/\/www.tsg-leutkirch.de\/spielmannszug\/wp-content\/uploads\/sites\/28\/2020\/04\/2015-alpe-tuffenmoos_03-300x225.jpg\" data-width=\"300\" data-height=\"225\" aria-label=\"\" role=\"img\" ><\/div>\n\t\t\t\t\t\t\t\t\t\t\t<div class=\"elementor-gallery-item__overlay\"><\/div>\n\t\t\t\t\t\t\t\t\t\t\t\t\t\t<\/a>\n\t\t\t\t\t<\/div>\n\t\t\t\t\t<\/div>\n\t\t\t\t<\/div>\n\t\t\t\t\t<\/div>\n\t\t<\/div>\n\t\t\t\t\t<\/div>\n\t\t<\/section>\n\t\t\t\t<\/div>\n\t\t","protected":false},"excerpt":{"rendered":"<p>Jahr 2015 St. Martins Umz\u00fcge November 2015 Der TSG Spielmannszug Leutkirch nahm dieses Jahr an drei St. Martins Umz\u00fcgen teil. Neben dem Umzug der katholischen Kirchengemeinde in der Innenstadt von Leutkirch, wurden zwei Umz\u00fcge in Leutkicher Kinderg\u00e4rten wahrgenommen. Der Spielmannszug unterst\u00fctze die Kindergartenkinder des St. Hedwig- und Elisabethen-Kindergartens musikalisch bei ihren eigenen Martins-Umz\u00fcgen. Kinderfest in [&hellip;]<\/p>\n","protected":false},"author":1,"featured_media":0,"parent":203,"menu_order":6,"comment_status":"closed","ping_status":"open","template":"","meta":{"_acf_changed":false,"site-sidebar-layout":"no-sidebar","site-content-layout":"page-builder","ast-site-content-layout":"default","site-content-style":"default","site-sidebar-style":"default","ast-global-header-display":"","ast-banner-title-visibility":"","ast-main-header-display":"","ast-hfb-above-header-display":"","ast-hfb-below-header-display":"","ast-hfb-mobile-header-display":"","site-post-title":"disabled","ast-breadcrumbs-content":"","ast-featured-img":"disabled","footer-sml-layout":"","ast-disable-related-posts":"","theme-transparent-header-meta":"default","adv-header-id-meta":"","stick-header-meta":"default","header-above-stick-meta":"","header-main-stick-meta":"","header-below-stick-meta":"","astra-migrate-meta-layouts":"default","ast-page-background-enabled":"default","ast-page-background-meta":{"desktop":{"background-color":"","background-image":"","background-repeat":"repeat","background-position":"center center","background-size":"auto","background-attachment":"scroll","background-type":"","background-media":"","overlay-type":"","overlay-color":"","overlay-opacity":"","overlay-gradient":""},"tablet":{"background-color":"","background-image":"","background-repeat":"repeat","background-position":"center center","background-size":"auto","background-attachment":"scroll","background-type":"","background-media":"","overlay-type":"","overlay-color":"","overlay-opacity":"","overlay-gradient":""},"mobile":{"background-color":"","background-image":"","background-repeat":"repeat","background-position":"center center","background-size":"auto","background-attachment":"scroll","background-type":"","background-media":"","overlay-type":"","overlay-color":"","overlay-opacity":"","overlay-gradient":""}},"ast-content-background-meta":{"desktop":{"background-color":"var(--ast-global-color-5)","background-image":"","background-repeat":"repeat","background-position":"center center","background-size":"auto","background-attachment":"scroll","background-type":"","background-media":"","overlay-type":"","overlay-color":"","overlay-opacity":"","overlay-gradient":""},"tablet":{"background-color":"var(--ast-global-color-5)","background-image":"","background-repeat":"repeat","background-position":"center center","background-size":"auto","background-attachment":"scroll","background-type":"","background-media":"","overlay-type":"","overlay-color":"","overlay-opacity":"","overlay-gradient":""},"mobile":{"background-color":"var(--ast-global-color-5)","background-image":"","background-repeat":"repeat","background-position":"center center","background-size":"auto","background-attachment":"scroll","background-type":"","background-media":"","overlay-type":"","overlay-color":"","overlay-opacity":"","overlay-gradient":""}},"footnotes":""},"class_list":["post-275","page","type-page","status-publish","hentry"],"acf":[],"_links":{"self":[{"href":"https:\/\/www.tsg-leutkirch.de\/spielmannszug\/wp-json\/wp\/v2\/pages\/275","targetHints":{"allow":["GET"]}}],"collection":[{"href":"https:\/\/www.tsg-leutkirch.de\/spielmannszug\/wp-json\/wp\/v2\/pages"}],"about":[{"href":"https:\/\/www.tsg-leutkirch.de\/spielmannszug\/wp-json\/wp\/v2\/types\/page"}],"author":[{"embeddable":true,"href":"https:\/\/www.tsg-leutkirch.de\/spielmannszug\/wp-json\/wp\/v2\/users\/1"}],"replies":[{"embeddable":true,"href":"https:\/\/www.tsg-leutkirch.de\/spielmannszug\/wp-json\/wp\/v2\/comments?post=275"}],"version-history":[{"count":1,"href":"https:\/\/www.tsg-leutkirch.de\/spielmannszug\/wp-json\/wp\/v2\/pages\/275\/revisions"}],"predecessor-version":[{"id":431,"href":"https:\/\/www.tsg-leutkirch.de\/spielmannszug\/wp-json\/wp\/v2\/pages\/275\/revisions\/431"}],"up":[{"embeddable":true,"href":"https:\/\/www.tsg-leutkirch.de\/spielmannszug\/wp-json\/wp\/v2\/pages\/203"}],"wp:attachment":[{"href":"https:\/\/www.tsg-leutkirch.de\/spielmannszug\/wp-json\/wp\/v2\/media?parent=275"}],"curies":[{"name":"wp","href":"https:\/\/api.w.org\/{rel}","templated":true}]}}