{"id":135,"date":"2020-04-16T16:33:09","date_gmt":"2020-04-16T14:33:09","guid":{"rendered":"http:\/\/multitsg.iamhosting.de\/turnen\/?page_id=135"},"modified":"2022-10-12T16:19:04","modified_gmt":"2022-10-12T14:19:04","slug":"gruppen","status":"publish","type":"page","link":"https:\/\/www.tsg-leutkirch.de\/turnen\/gruppen\/","title":{"rendered":"Gruppen"},"content":{"rendered":"\t\t<div data-elementor-type=\"wp-page\" data-elementor-id=\"135\" class=\"elementor elementor-135\" data-elementor-post-type=\"page\">\n\t\t\t\t\t\t<section class=\"elementor-section elementor-top-section elementor-element elementor-element-a09ce5e elementor-section-stretched elementor-section-content-middle elementor-section-height-min-height elementor-section-boxed elementor-section-height-default elementor-section-items-middle\" data-id=\"a09ce5e\" data-element_type=\"section\" data-e-type=\"section\" id=\"home\" data-settings=\"{&quot;stretch_section&quot;:&quot;section-stretched&quot;,&quot;background_background&quot;:&quot;classic&quot;,&quot;shape_divider_bottom&quot;:&quot;triangle-asymmetrical&quot;,&quot;shape_divider_bottom_negative&quot;:&quot;yes&quot;,&quot;jet_parallax_layout_list&quot;:[]}\">\n\t\t\t\t\t<div class=\"elementor-shape elementor-shape-bottom\" aria-hidden=\"true\" data-negative=\"true\">\n\t\t\t<svg xmlns=\"http:\/\/www.w3.org\/2000\/svg\" viewBox=\"0 0 1000 100\" preserveAspectRatio=\"none\">\n\t<path class=\"elementor-shape-fill\" d=\"M737.9,94.7L0,0v100h1000V0L737.9,94.7z\"\/>\n<\/svg>\t\t<\/div>\n\t\t\t\t\t<div class=\"elementor-container elementor-column-gap-default\">\n\t\t\t\t\t<div class=\"elementor-column elementor-col-100 elementor-top-column elementor-element elementor-element-2f755dbe\" data-id=\"2f755dbe\" data-element_type=\"column\" data-e-type=\"column\">\n\t\t\t<div class=\"elementor-widget-wrap\">\n\t\t\t\t\t\t\t<\/div>\n\t\t<\/div>\n\t\t\t\t\t<\/div>\n\t\t<\/section>\n\t\t\t\t<section class=\"elementor-section elementor-top-section elementor-element elementor-element-345bde2 elementor-section-boxed elementor-section-height-default elementor-section-height-default\" data-id=\"345bde2\" data-element_type=\"section\" data-e-type=\"section\" data-settings=\"{&quot;jet_parallax_layout_list&quot;:[]}\">\n\t\t\t\t\t\t<div class=\"elementor-container elementor-column-gap-default\">\n\t\t\t\t\t<div class=\"elementor-column elementor-col-100 elementor-top-column elementor-element elementor-element-dca1eff\" data-id=\"dca1eff\" data-element_type=\"column\" data-e-type=\"column\">\n\t\t\t<div class=\"elementor-widget-wrap elementor-element-populated\">\n\t\t\t\t\t\t<div class=\"elementor-element elementor-element-2689d0b elementor-widget elementor-widget-heading\" data-id=\"2689d0b\" data-element_type=\"widget\" data-e-type=\"widget\" data-widget_type=\"heading.default\">\n\t\t\t\t<div class=\"elementor-widget-container\">\n\t\t\t\t\t<h1 class=\"elementor-heading-title elementor-size-default\">Unsere Gruppen<\/h1>\t\t\t\t<\/div>\n\t\t\t\t<\/div>\n\t\t\t\t\t<\/div>\n\t\t<\/div>\n\t\t\t\t\t<\/div>\n\t\t<\/section>\n\t\t\t\t<section class=\"elementor-section elementor-top-section elementor-element elementor-element-ce39cba elementor-section-boxed elementor-section-height-default elementor-section-height-default\" data-id=\"ce39cba\" data-element_type=\"section\" data-e-type=\"section\" data-settings=\"{&quot;jet_parallax_layout_list&quot;:[]}\">\n\t\t\t\t\t\t<div class=\"elementor-container elementor-column-gap-default\">\n\t\t\t\t\t<div class=\"elementor-column elementor-col-50 elementor-top-column elementor-element elementor-element-e32185a\" data-id=\"e32185a\" data-element_type=\"column\" data-e-type=\"column\">\n\t\t\t<div class=\"elementor-widget-wrap elementor-element-populated\">\n\t\t\t\t\t\t<div class=\"elementor-element elementor-element-867c8ff elementor-widget elementor-widget-text-editor\" data-id=\"867c8ff\" data-element_type=\"widget\" data-e-type=\"widget\" data-widget_type=\"text-editor.default\">\n\t\t\t\t<div class=\"elementor-widget-container\">\n\t\t\t\t\t\t\t\t\t<p><img decoding=\"async\" class=\"wp-image-616 alignnone alignleft\" src=\"https:\/\/www.tsg-leutkirch.de\/turnen\/wp-content\/uploads\/sites\/30\/2020\/04\/Gaukinderfest_2018_77-300x200.jpg\" alt=\"\" width=\"241\" height=\"160\" srcset=\"https:\/\/www.tsg-leutkirch.de\/turnen\/wp-content\/uploads\/sites\/30\/2020\/04\/Gaukinderfest_2018_77-300x200.jpg 300w, https:\/\/www.tsg-leutkirch.de\/turnen\/wp-content\/uploads\/sites\/30\/2020\/04\/Gaukinderfest_2018_77-768x512.jpg 768w, https:\/\/www.tsg-leutkirch.de\/turnen\/wp-content\/uploads\/sites\/30\/2020\/04\/Gaukinderfest_2018_77.jpg 1024w\" sizes=\"(max-width: 241px) 100vw, 241px\" \/><\/p><p style=\"text-align: left\">KLEINKINDER (3-6 J)<br \/><a href=\"https:\/\/www.tsg-leutkirch.de\/turnen\/gruppen\/eltern-kind-turnen\/\">Eltern-Kind I+II<\/a><br \/><a href=\"https:\/\/www.tsg-leutkirch.de\/turnen\/gruppen\/vorschulturnen\/\">Vorschulturnen<\/a><\/p>\t\t\t\t\t\t\t\t<\/div>\n\t\t\t\t<\/div>\n\t\t\t\t\t<\/div>\n\t\t<\/div>\n\t\t\t\t<div class=\"elementor-column elementor-col-50 elementor-top-column elementor-element elementor-element-76677c5\" data-id=\"76677c5\" data-element_type=\"column\" data-e-type=\"column\">\n\t\t\t<div class=\"elementor-widget-wrap elementor-element-populated\">\n\t\t\t\t\t\t<div class=\"elementor-element elementor-element-8362a03 elementor-widget elementor-widget-text-editor\" data-id=\"8362a03\" data-element_type=\"widget\" data-e-type=\"widget\" data-widget_type=\"text-editor.default\">\n\t\t\t\t<div class=\"elementor-widget-container\">\n\t\t\t\t\t\t\t\t\t<p><img decoding=\"async\" class=\"wp-image-160 alignleft\" src=\"https:\/\/www.tsg-leutkirch.de\/turnen\/wp-content\/uploads\/sites\/30\/2020\/04\/Kinder_in_Bewegung_10-e1594668918869-300x220.jpg\" alt=\"\" width=\"218\" height=\"160\" srcset=\"https:\/\/www.tsg-leutkirch.de\/turnen\/wp-content\/uploads\/sites\/30\/2020\/04\/Kinder_in_Bewegung_10-e1594668918869-300x220.jpg 300w, https:\/\/www.tsg-leutkirch.de\/turnen\/wp-content\/uploads\/sites\/30\/2020\/04\/Kinder_in_Bewegung_10-e1594668918869.jpg 345w\" sizes=\"(max-width: 218px) 100vw, 218px\" \/><\/p><p>KINDERTURNEN (6-9 J)<br \/><a href=\"https:\/\/www.tsg-leutkirch.de\/turnen\/gruppen\/kinder-in-bewegung\/\">Kinder in Bewegung I<\/a><br \/>Kinder in Bewegung II<\/p>\t\t\t\t\t\t\t\t<\/div>\n\t\t\t\t<\/div>\n\t\t\t\t\t<\/div>\n\t\t<\/div>\n\t\t\t\t\t<\/div>\n\t\t<\/section>\n\t\t\t\t<section class=\"elementor-section elementor-top-section elementor-element elementor-element-414a122 elementor-section-boxed elementor-section-height-default elementor-section-height-default\" data-id=\"414a122\" data-element_type=\"section\" data-e-type=\"section\" data-settings=\"{&quot;jet_parallax_layout_list&quot;:[]}\">\n\t\t\t\t\t\t<div class=\"elementor-container elementor-column-gap-default\">\n\t\t\t\t\t<div class=\"elementor-column elementor-col-50 elementor-top-column elementor-element elementor-element-ecd5dad\" data-id=\"ecd5dad\" data-element_type=\"column\" data-e-type=\"column\">\n\t\t\t<div class=\"elementor-widget-wrap elementor-element-populated\">\n\t\t\t\t\t\t<div class=\"elementor-element elementor-element-bc1b040 elementor-widget elementor-widget-text-editor\" data-id=\"bc1b040\" data-element_type=\"widget\" data-e-type=\"widget\" data-widget_type=\"text-editor.default\">\n\t\t\t\t<div class=\"elementor-widget-container\">\n\t\t\t\t\t\t\t\t\t<p><img decoding=\"async\" class=\" wp-image-737 alignleft\" src=\"https:\/\/www.tsg-leutkirch.de\/turnen\/wp-content\/uploads\/sites\/30\/2020\/05\/2019_Stadtmeisterschaften-39-300x200.jpg\" alt=\"\" width=\"237\" height=\"159\" srcset=\"https:\/\/www.tsg-leutkirch.de\/turnen\/wp-content\/uploads\/sites\/30\/2020\/05\/2019_Stadtmeisterschaften-39-300x200.jpg 300w, https:\/\/www.tsg-leutkirch.de\/turnen\/wp-content\/uploads\/sites\/30\/2020\/05\/2019_Stadtmeisterschaften-39-1024x683.jpg 1024w, https:\/\/www.tsg-leutkirch.de\/turnen\/wp-content\/uploads\/sites\/30\/2020\/05\/2019_Stadtmeisterschaften-39-768x512.jpg 768w, https:\/\/www.tsg-leutkirch.de\/turnen\/wp-content\/uploads\/sites\/30\/2020\/05\/2019_Stadtmeisterschaften-39-1536x1024.jpg 1536w, https:\/\/www.tsg-leutkirch.de\/turnen\/wp-content\/uploads\/sites\/30\/2020\/05\/2019_Stadtmeisterschaften-39-2048x1365.jpg 2048w\" sizes=\"(max-width: 237px) 100vw, 237px\" \/><\/p><p>M\u00c4DCHEN (ab ca. 6) <br \/><a href=\"https:\/\/www.tsg-leutkirch.de\/turnen\/gruppen\/maedchen\/\">M\u00e4dchenturnen<\/a><\/p>\t\t\t\t\t\t\t\t<\/div>\n\t\t\t\t<\/div>\n\t\t\t\t\t<\/div>\n\t\t<\/div>\n\t\t\t\t<div class=\"elementor-column elementor-col-50 elementor-top-column elementor-element elementor-element-d9eaedc\" data-id=\"d9eaedc\" data-element_type=\"column\" data-e-type=\"column\">\n\t\t\t<div class=\"elementor-widget-wrap elementor-element-populated\">\n\t\t\t\t\t\t<div class=\"elementor-element elementor-element-24a6052 elementor-widget elementor-widget-text-editor\" data-id=\"24a6052\" data-element_type=\"widget\" data-e-type=\"widget\" data-widget_type=\"text-editor.default\">\n\t\t\t\t<div class=\"elementor-widget-container\">\n\t\t\t\t\t\t\t\t\t<p><img loading=\"lazy\" decoding=\"async\" class=\"wp-image-755 alignleft\" src=\"https:\/\/www.tsg-leutkirch.de\/turnen\/wp-content\/uploads\/sites\/30\/2020\/05\/2019_Kinderturnfest-2-scaled-e1592382755513-300x225.jpg\" alt=\"\" width=\"214\" height=\"160\" srcset=\"https:\/\/www.tsg-leutkirch.de\/turnen\/wp-content\/uploads\/sites\/30\/2020\/05\/2019_Kinderturnfest-2-scaled-e1592382755513-300x225.jpg 300w, https:\/\/www.tsg-leutkirch.de\/turnen\/wp-content\/uploads\/sites\/30\/2020\/05\/2019_Kinderturnfest-2-scaled-e1592382755513-1024x768.jpg 1024w, https:\/\/www.tsg-leutkirch.de\/turnen\/wp-content\/uploads\/sites\/30\/2020\/05\/2019_Kinderturnfest-2-scaled-e1592382755513-768x576.jpg 768w, https:\/\/www.tsg-leutkirch.de\/turnen\/wp-content\/uploads\/sites\/30\/2020\/05\/2019_Kinderturnfest-2-scaled-e1592382755513-1536x1152.jpg 1536w, https:\/\/www.tsg-leutkirch.de\/turnen\/wp-content\/uploads\/sites\/30\/2020\/05\/2019_Kinderturnfest-2-scaled-e1592382755513.jpg 1707w\" sizes=\"(max-width: 214px) 100vw, 214px\" \/><\/p><p>BUBEN (ab ca. 6)<br \/><a href=\"https:\/\/www.tsg-leutkirch.de\/turnen\/gruppen\/buben\/\">Bubenturnen<\/a><\/p>\t\t\t\t\t\t\t\t<\/div>\n\t\t\t\t<\/div>\n\t\t\t\t\t<\/div>\n\t\t<\/div>\n\t\t\t\t\t<\/div>\n\t\t<\/section>\n\t\t\t\t<section class=\"elementor-section elementor-top-section elementor-element elementor-element-4bc70e9 elementor-section-boxed elementor-section-height-default elementor-section-height-default\" data-id=\"4bc70e9\" data-element_type=\"section\" data-e-type=\"section\" data-settings=\"{&quot;jet_parallax_layout_list&quot;:[]}\">\n\t\t\t\t\t\t<div class=\"elementor-container elementor-column-gap-default\">\n\t\t\t\t\t<div class=\"elementor-column elementor-col-50 elementor-top-column elementor-element elementor-element-4ea2593\" data-id=\"4ea2593\" data-element_type=\"column\" data-e-type=\"column\">\n\t\t\t<div class=\"elementor-widget-wrap elementor-element-populated\">\n\t\t\t\t\t\t<div class=\"elementor-element elementor-element-4cbd46b elementor-widget elementor-widget-text-editor\" data-id=\"4cbd46b\" data-element_type=\"widget\" data-e-type=\"widget\" data-widget_type=\"text-editor.default\">\n\t\t\t\t<div class=\"elementor-widget-container\">\n\t\t\t\t\t\t\t\t\t<p><img loading=\"lazy\" decoding=\"async\" class=\"wp-image-801 alignleft\" src=\"https:\/\/www.tsg-leutkirch.de\/turnen\/wp-content\/uploads\/sites\/30\/2020\/06\/DSC1694-300x200.jpg\" alt=\"\" width=\"241\" height=\"160\" srcset=\"https:\/\/www.tsg-leutkirch.de\/turnen\/wp-content\/uploads\/sites\/30\/2020\/06\/DSC1694-300x200.jpg 300w, https:\/\/www.tsg-leutkirch.de\/turnen\/wp-content\/uploads\/sites\/30\/2020\/06\/DSC1694-1024x683.jpg 1024w, https:\/\/www.tsg-leutkirch.de\/turnen\/wp-content\/uploads\/sites\/30\/2020\/06\/DSC1694-768x512.jpg 768w, https:\/\/www.tsg-leutkirch.de\/turnen\/wp-content\/uploads\/sites\/30\/2020\/06\/DSC1694-1536x1024.jpg 1536w, https:\/\/www.tsg-leutkirch.de\/turnen\/wp-content\/uploads\/sites\/30\/2020\/06\/DSC1694-2048x1365.jpg 2048w\" sizes=\"(max-width: 241px) 100vw, 241px\" \/><\/p><p>FRAUEN (25-50) <br \/><a href=\"https:\/\/www.tsg-leutkirch.de\/turnen\/gruppen\/bodyfit\/\">Bodyfit<\/a><\/p>\t\t\t\t\t\t\t\t<\/div>\n\t\t\t\t<\/div>\n\t\t\t\t\t<\/div>\n\t\t<\/div>\n\t\t\t\t<div class=\"elementor-column elementor-col-50 elementor-top-column elementor-element elementor-element-e9c71bc\" data-id=\"e9c71bc\" data-element_type=\"column\" data-e-type=\"column\">\n\t\t\t<div class=\"elementor-widget-wrap elementor-element-populated\">\n\t\t\t\t\t\t<div class=\"elementor-element elementor-element-6919fcf elementor-widget elementor-widget-text-editor\" data-id=\"6919fcf\" data-element_type=\"widget\" data-e-type=\"widget\" data-widget_type=\"text-editor.default\">\n\t\t\t\t<div class=\"elementor-widget-container\">\n\t\t\t\t\t\t\t\t\t<p><img loading=\"lazy\" decoding=\"async\" class=\"wp-image-358 alignleft\" src=\"https:\/\/www.tsg-leutkirch.de\/turnen\/wp-content\/uploads\/sites\/30\/2020\/04\/Frauengymnastik_50plus_15-300x201.jpg\" alt=\"\" width=\"239\" height=\"160\" srcset=\"https:\/\/www.tsg-leutkirch.de\/turnen\/wp-content\/uploads\/sites\/30\/2020\/04\/Frauengymnastik_50plus_15-300x201.jpg 300w, https:\/\/www.tsg-leutkirch.de\/turnen\/wp-content\/uploads\/sites\/30\/2020\/04\/Frauengymnastik_50plus_15.jpg 600w\" sizes=\"(max-width: 239px) 100vw, 239px\" \/><\/p><p>FRAUEN 50++<br \/><a href=\"https:\/\/www.tsg-leutkirch.de\/turnen\/gruppen\/frauengymnastik\/\">Frauengymnastik I-III und<br \/>Gymnastik 50+<\/a><\/p>\t\t\t\t\t\t\t\t<\/div>\n\t\t\t\t<\/div>\n\t\t\t\t\t<\/div>\n\t\t<\/div>\n\t\t\t\t\t<\/div>\n\t\t<\/section>\n\t\t\t\t<section class=\"elementor-section elementor-top-section elementor-element elementor-element-0cf3b2f elementor-section-boxed elementor-section-height-default elementor-section-height-default\" data-id=\"0cf3b2f\" data-element_type=\"section\" data-e-type=\"section\" data-settings=\"{&quot;jet_parallax_layout_list&quot;:[]}\">\n\t\t\t\t\t\t<div class=\"elementor-container elementor-column-gap-default\">\n\t\t\t\t\t<div class=\"elementor-column elementor-col-50 elementor-top-column elementor-element elementor-element-dd26062\" data-id=\"dd26062\" data-element_type=\"column\" data-e-type=\"column\">\n\t\t\t<div class=\"elementor-widget-wrap elementor-element-populated\">\n\t\t\t\t\t\t<div class=\"elementor-element elementor-element-c774ca2 elementor-widget elementor-widget-text-editor\" data-id=\"c774ca2\" data-element_type=\"widget\" data-e-type=\"widget\" data-widget_type=\"text-editor.default\">\n\t\t\t\t<div class=\"elementor-widget-container\">\n\t\t\t\t\t\t\t\t\t<p><img loading=\"lazy\" decoding=\"async\" class=\"wp-image-920 alignleft\" src=\"https:\/\/www.tsg-leutkirch.de\/turnen\/wp-content\/uploads\/sites\/30\/2020\/06\/DSC_3072-300x200.jpg\" alt=\"\" width=\"240\" height=\"159\" srcset=\"https:\/\/www.tsg-leutkirch.de\/turnen\/wp-content\/uploads\/sites\/30\/2020\/06\/DSC_3072-300x200.jpg 300w, https:\/\/www.tsg-leutkirch.de\/turnen\/wp-content\/uploads\/sites\/30\/2020\/06\/DSC_3072-1024x683.jpg 1024w, https:\/\/www.tsg-leutkirch.de\/turnen\/wp-content\/uploads\/sites\/30\/2020\/06\/DSC_3072-768x512.jpg 768w, https:\/\/www.tsg-leutkirch.de\/turnen\/wp-content\/uploads\/sites\/30\/2020\/06\/DSC_3072-1536x1024.jpg 1536w, https:\/\/www.tsg-leutkirch.de\/turnen\/wp-content\/uploads\/sites\/30\/2020\/06\/DSC_3072-2048x1365.jpg 2048w\" sizes=\"(max-width: 240px) 100vw, 240px\" \/><\/p><p>M\u00c4NNER<a href=\"https:\/\/www.tsg-leutkirch.de\/turnen\/gruppen\/maenner\/\"><br \/>Freizeitsport<\/a><\/p>\t\t\t\t\t\t\t\t<\/div>\n\t\t\t\t<\/div>\n\t\t\t\t\t<\/div>\n\t\t<\/div>\n\t\t\t\t<div class=\"elementor-column elementor-col-50 elementor-top-column elementor-element elementor-element-54e687f\" data-id=\"54e687f\" data-element_type=\"column\" data-e-type=\"column\">\n\t\t\t<div class=\"elementor-widget-wrap elementor-element-populated\">\n\t\t\t\t\t\t<div class=\"elementor-element elementor-element-d883a8a elementor-widget elementor-widget-text-editor\" data-id=\"d883a8a\" data-element_type=\"widget\" data-e-type=\"widget\" data-widget_type=\"text-editor.default\">\n\t\t\t\t<div class=\"elementor-widget-container\">\n\t\t\t\t\t\t\t\t\t<p><img loading=\"lazy\" decoding=\"async\" class=\"wp-image-505 alignleft\" src=\"https:\/\/www.tsg-leutkirch.de\/turnen\/wp-content\/uploads\/sites\/30\/2020\/04\/Nordic_Walking_Tag_2014_29-300x200.jpg\" alt=\"\" width=\"239\" height=\"160\" srcset=\"https:\/\/www.tsg-leutkirch.de\/turnen\/wp-content\/uploads\/sites\/30\/2020\/04\/Nordic_Walking_Tag_2014_29-300x200.jpg 300w, https:\/\/www.tsg-leutkirch.de\/turnen\/wp-content\/uploads\/sites\/30\/2020\/04\/Nordic_Walking_Tag_2014_29.jpg 600w\" sizes=\"(max-width: 239px) 100vw, 239px\" \/><\/p><p>OUTDOOR<br \/><a href=\"https:\/\/www.tsg-leutkirch.de\/turnen\/gruppen\/outdoor\/\">Walking Treff<\/a><\/p>\t\t\t\t\t\t\t\t<\/div>\n\t\t\t\t<\/div>\n\t\t\t\t\t<\/div>\n\t\t<\/div>\n\t\t\t\t\t<\/div>\n\t\t<\/section>\n\t\t\t\t<\/div>\n\t\t","protected":false},"excerpt":{"rendered":"<p>Unsere Gruppen KLEINKINDER (3-6 J)Eltern-Kind I+IIVorschulturnen KINDERTURNEN (6-9 J)Kinder in Bewegung IKinder in Bewegung II M\u00c4DCHEN (ab ca. 6) M\u00e4dchenturnen BUBEN (ab ca. 6)Bubenturnen FRAUEN (25-50) Bodyfit FRAUEN 50++Frauengymnastik I-III undGymnastik 50+ M\u00c4NNERFreizeitsport OUTDOORWalking Treff<\/p>\n","protected":false},"author":1,"featured_media":0,"parent":0,"menu_order":2,"comment_status":"closed","ping_status":"open","template":"","meta":{"_acf_changed":false,"site-sidebar-layout":"no-sidebar","site-content-layout":"page-builder","ast-site-content-layout":"default","site-content-style":"default","site-sidebar-style":"default","ast-global-header-display":"","ast-banner-title-visibility":"","ast-main-header-display":"","ast-hfb-above-header-display":"","ast-hfb-below-header-display":"","ast-hfb-mobile-header-display":"","site-post-title":"disabled","ast-breadcrumbs-content":"","ast-featured-img":"disabled","footer-sml-layout":"","ast-disable-related-posts":"","theme-transparent-header-meta":"default","adv-header-id-meta":"","stick-header-meta":"default","header-above-stick-meta":"","header-main-stick-meta":"","header-below-stick-meta":"","astra-migrate-meta-layouts":"default","ast-page-background-enabled":"default","ast-page-background-meta":{"desktop":{"background-color":"","background-image":"","background-repeat":"repeat","background-position":"center center","background-size":"auto","background-attachment":"scroll","background-type":"","background-media":"","overlay-type":"","overlay-color":"","overlay-opacity":"","overlay-gradient":""},"tablet":{"background-color":"","background-image":"","background-repeat":"repeat","background-position":"center center","background-size":"auto","background-attachment":"scroll","background-type":"","background-media":"","overlay-type":"","overlay-color":"","overlay-opacity":"","overlay-gradient":""},"mobile":{"background-color":"","background-image":"","background-repeat":"repeat","background-position":"center center","background-size":"auto","background-attachment":"scroll","background-type":"","background-media":"","overlay-type":"","overlay-color":"","overlay-opacity":"","overlay-gradient":""}},"ast-content-background-meta":{"desktop":{"background-color":"var(--ast-global-color-5)","background-image":"","background-repeat":"repeat","background-position":"center center","background-size":"auto","background-attachment":"scroll","background-type":"","background-media":"","overlay-type":"","overlay-color":"","overlay-opacity":"","overlay-gradient":""},"tablet":{"background-color":"var(--ast-global-color-5)","background-image":"","background-repeat":"repeat","background-position":"center center","background-size":"auto","background-attachment":"scroll","background-type":"","background-media":"","overlay-type":"","overlay-color":"","overlay-opacity":"","overlay-gradient":""},"mobile":{"background-color":"var(--ast-global-color-5)","background-image":"","background-repeat":"repeat","background-position":"center center","background-size":"auto","background-attachment":"scroll","background-type":"","background-media":"","overlay-type":"","overlay-color":"","overlay-opacity":"","overlay-gradient":""}},"footnotes":""},"class_list":["post-135","page","type-page","status-publish","hentry"],"acf":[],"_links":{"self":[{"href":"https:\/\/www.tsg-leutkirch.de\/turnen\/wp-json\/wp\/v2\/pages\/135","targetHints":{"allow":["GET"]}}],"collection":[{"href":"https:\/\/www.tsg-leutkirch.de\/turnen\/wp-json\/wp\/v2\/pages"}],"about":[{"href":"https:\/\/www.tsg-leutkirch.de\/turnen\/wp-json\/wp\/v2\/types\/page"}],"author":[{"embeddable":true,"href":"https:\/\/www.tsg-leutkirch.de\/turnen\/wp-json\/wp\/v2\/users\/1"}],"replies":[{"embeddable":true,"href":"https:\/\/www.tsg-leutkirch.de\/turnen\/wp-json\/wp\/v2\/comments?post=135"}],"version-history":[{"count":11,"href":"https:\/\/www.tsg-leutkirch.de\/turnen\/wp-json\/wp\/v2\/pages\/135\/revisions"}],"predecessor-version":[{"id":2110,"href":"https:\/\/www.tsg-leutkirch.de\/turnen\/wp-json\/wp\/v2\/pages\/135\/revisions\/2110"}],"wp:attachment":[{"href":"https:\/\/www.tsg-leutkirch.de\/turnen\/wp-json\/wp\/v2\/media?parent=135"}],"curies":[{"name":"wp","href":"https:\/\/api.w.org\/{rel}","templated":true}]}}